
{"id":26191,"date":"2025-05-08T11:19:28","date_gmt":"2025-05-08T09:19:28","guid":{"rendered":"https:\/\/norfundweb.wpenginepowered.com\/?page_id=26191"},"modified":"2025-12-04T15:06:02","modified_gmt":"2025-12-04T14:06:02","slug":"renewable-energy","status":"publish","type":"page","link":"https:\/\/www.norfund.no\/no\/renewable-energy\/","title":{"rendered":"Fornybar energi"},"content":{"rendered":"\n<section id=\"acf-subpage-hero-block_e8bd56f42e01acc6ed82031ad20a8ca3\" class=\"block-section subpage-hero banner-margin wp-block-acf-subpage-hero\">\n\n\n\t\t\n\t\t\t\t\t<div class=\"video-wrapper\">\n\t\t\t\t<video class=\"bg-video\" autoplay muted loop playsinline>\n\t\t\t\t\t<source src=\"https:\/\/www.norfund.no\/wp-content\/uploads\/2025\/10\/Renewable-Energy-loop-2.mp4\" type=\"video\/mp4\" \/>\n\t\t\t\t<\/video>\n\t\t\t<\/div>\n\t\t\n\t\t\n\n\n\t\n\t\t<div class=\"block-section-wrapper element-width--full \">\n\t\t\t<div class=\"hero-content-with-backgound\" data-aos=\"fade-up\" data-aos-duration=\"500\" data-aos-delay=\"200\">\n\n\t\t\t\t\t\t\t\t\t<div class=\"hero-title \" tabindex=\"0\">\n\t\t\t\t\t\t<h2 class=\"heading-size-large\">Fornybar energi<\/h2>\n\t\t\t\t\t<\/div>\n\t\t\t\t\n\t\t\t\t\t\t\t\t\t<div class=\"small-text\" tabindex=\"0\">\n\t\t\t\t\t\t<p>\u00d8ke tilgangen til energi<\/p>\n\t\t\t\t\t<\/div>\n\t\t\t\t\n\t\t\t<\/div>\n\t\t<\/div>\n\t\n<\/section>\n\n\n<section id=\"acf-article-block_85f7660c7cd9bdb31eb74e275e9034ae\" data-anchor-title=\"Bakgrunn\"class=\"block-section article block--less-spacing-top block--less-spacing-bottom wp-block-acf-article\">\n\t<div class=\"block-section-wrapper element-width--wide\" data-aos=\"fade-up\" data-aos-duration=\"500\" data-aos-delay=\"300\">\n\t\t<div class=\"acf-innerblocks-container\">\n\n<h2 class=\"wp-block-heading\">Hvorfor investere i fornybar energi?<\/h2>\n\n\n\n<p>Energi er en grunnpilar for \u00f8konomisk vekst og utvikling. S\u00e6rlig er tilgang til p\u00e5litelig elektrisitet avgj\u00f8rende for produktivitet og konkurranseevne i n\u00e6ringslivet. Det gj\u00f8r det mulig for bedrifter \u00e5 operere mer effektivt, st\u00f8tter leveransen av offentlige tjenester og bidrar til jobbskaping. P\u00e5 husholdningsniv\u00e5 forbedrer energitilgang levestandard og gir mennesker mulighet til \u00e5 delta mer aktivt i samfunnet.<\/p>\n\n\n\n<p>\u00c5 dekke det \u00f8kende energibehovet med tradisjonell termisk kraftproduksjon er ikke b\u00e6rekraftig. Klimakrisen krever en overgang til lavutslipps energisystemer. Mange utviklingsland har heldigvis rike fornybarressurser som gj\u00f8r det mulig \u00e5 ta i bruk renere teknologier som n\u00e5 er b\u00e5de teknisk og kommersielt gjennomf\u00f8rbare.<\/p>\n\n\n\n<p>Investeringer i fornybar, p\u00e5litelig og rimelig energi er n\u00f8kkelen til \u00e5 \u00f8ke produktiviteten, redusere energikostnader for bedrifter, gi flere mennesker tilgang til energi og unng\u00e5 klimagassutslipp. Skalerbare fornybarl\u00f8sninger er avgj\u00f8rende for \u00e5 oppn\u00e5 en karbonn\u00f8ytral \u00f8konomi.<\/p>\n\n\n\n<p>Veien fra prosjektutvikling til operativ fornybar energiinfrastruktur er likevel lang og kompleks. Derfor trengs t\u00e5lmodige og risikovillige investorer som Norfund for \u00e5 sikre kommersiell gjennomf\u00f8ring.<\/p>\n\n\n\n<p>For \u00e5 veilede arbeidet v\u00e5rt og tydeliggj\u00f8re hvordan investeringene v\u00e5re bidrar til langsiktige utviklings- og klimaeffekter, har Norfund utviklet en Theory of Change for fornybarinvesteringer, sist oppdatert i 2024 (se nedenfor).<\/p>\n\n<\/div>\n\t<\/div>\n<\/section>\n\n\n<section id=\"acf-article-block_bd520c6ad398759c0ab63ac35ef6bbb2\" class=\"block-section article wp-block-acf-article\">\n\t<div class=\"block-section-wrapper element-width--wide\" data-aos=\"fade-up\" data-aos-duration=\"500\" data-aos-delay=\"300\">\n\t\t<div class=\"acf-innerblocks-container\">\n<section id=\"acf-buttons-group-block_2968643f1eebbb46d8eccf6a32036e1f\" data-anchor-title=\"Endringsteori\"class=\"block-section buttons-group block--less-spacing-top block--less-spacing-bottom wp-block-acf-buttons-group\">\n\t<div class=\"block-section-wrapper element-width--medium\">\n\n\t\t\n\t\t\t\t<div class=\"buttons-grid \">\n\t\t\t\n\t\t\t\t\n\t\t\t\t\t<a href=\"https:\/\/www.norfund.no\/wp-content\/uploads\/2025\/06\/Theory-of-Change-DIM-RE_Final.pdf\" class=\"button-item\" target=\"_blank\">\n\t\t\t\t\t\t<div class=\"button-content\">\n\t\t\t\t\t\t\t\t\t\t\t\t\t\t\t<h2 class=\"heading-size-small\">Endringsteori<\/h2>\n\t\t\t\t\t\t\t\t\t\t\t\t\t\t\t\t\t\t\t\t\t\t<p>for fornybar energi under utviklingsmandatet<\/p>\n\t\t\t\t\t\t\t\t\t\t\t\t\t<\/div>\n\t\t\t\t\t\t<i class=\"icon icon-arrow-box\"><\/i>\n\t\t\t\t\t<\/a>\n\t\t\t\t\t\t\t\n\t\t\t\t\n\t\t\t\t\t<a href=\"https:\/\/www.norfund.no\/our-work\/climate-investment-fund\/\" class=\"button-item\" target=\"_self\">\n\t\t\t\t\t\t<div class=\"button-content\">\n\t\t\t\t\t\t\t\t\t\t\t\t\t\t\t<h2 class=\"heading-size-small\">Klimainvesteringsfondet<\/h2>\n\t\t\t\t\t\t\t\t\t\t\t\t\t\t\t\t\t\t\t\t\t\t<p>klikk her for \u00e5 l\u00e6re mer om klimamandatet v\u00e5rt<\/p>\n\t\t\t\t\t\t\t\t\t\t\t\t\t<\/div>\n\t\t\t\t\t\t<i class=\"icon icon-arrow-box\"><\/i>\n\t\t\t\t\t<\/a>\n\t\t\t\t\t\t\t\t\t<\/div>\n\t\t\n\n\t<\/div>\n<\/section>\n\n\n<section id=\"acf-buttons-group-block_f1b6473db46c40664b7461c1d962cef3\" class=\"block-section buttons-group block--less-spacing-top block--less-spacing-bottom wp-block-acf-buttons-group\">\n\t<div class=\"block-section-wrapper element-width--medium\">\n\n\t\t\n\t\t\t\t<div class=\"buttons-grid single\">\n\t\t\t\n\t\t\t\t\n\t\t\t\t\t<a href=\"https:\/\/www.norfund.no\/annualreport-2024\/development-mandate\/investment-areas\/renewable-energy\/\" class=\"button-item\" target=\"_blank\">\n\t\t\t\t\t\t<div class=\"button-content\">\n\t\t\t\t\t\t\t\t\t\t\t\t\t\t\t<h2 class=\"heading-size-small\">L\u00e6r mer om utviklingseffektene i \u00e5rsrapporten v\u00e5r<\/h2>\n\t\t\t\t\t\t\t\t\t\t\t\t\t\t\t\t\t\t\t\t\t\t<p>Fornybar energi (utviklingsmandatet) utgj\u00f8r 28 prosent av den samlede portef\u00f8ljen v\u00e5r, med 43 direkte investeringer ved utgangen av 2024.<\/p>\n\t\t\t\t\t\t\t\t\t\t\t\t\t<\/div>\n\t\t\t\t\t\t<i class=\"icon icon-arrow-box\"><\/i>\n\t\t\t\t\t<\/a>\n\t\t\t\t\t\t\t\t\t<\/div>\n\t\t\n\n\t<\/div>\n<\/section>\n\n<\/div>\n\t<\/div>\n<\/section>\n\n\n\n<section id=\"acf-box-over-wide-image-block_6c636d55868d4a7b241415c6b76be2d8\" data-anchor-title=\"Ambisjoner\"class=\"block-section box-over-wide-image block--less-spacing-top block--less-spacing-bottom wp-block-acf-box-over-wide-image\">\n\t<div class=\"background is-desktop bottom\"\n\t\tstyle=\"background-image: url(https:\/\/www.norfund.no\/wp-content\/uploads\/2025\/09\/54707111471_37a7c0a67f_6k-1-2560x1707.jpg); background-position: center calc(50% + -100px); data-aos=\"fade-up\" data-aos-duration=\"500\" data-aos-delay=\"200\">\n\t\t\n\t\t<div class=\"block-section-wrapper element-width--full container\">\n\t\t\t<div class=\"investment-box right\" tabindex=\"0\" data-aos=\"fade-up\" data-aos-duration=\"500\" data-aos-delay=\"400\">\n\t\t\t\t\t\t\t\t\t<h2 class=\"heading-size-normal\">Ambisjoner<\/h2>\n\t\t\t\t\t\t\t\t\t\t\t\t\t<div class=\"text-container\"><p data-start=\"0\" data-end=\"67\">I strategien v\u00e5r for 2023\u20132026 har vi definert f\u00f8lgende ambisjoner:<\/p>\n<ul>\n<li data-start=\"69\" data-end=\"166\">6,5 millioner nye husholdninger med tilgang til elektrisitet<\/li>\n<li data-start=\"69\" data-end=\"166\">6,5 GW ny kapasitet finansiert<\/li>\n<\/ul>\n<\/div>\n\t\t\t\t\t\t\t\t\t\t\t<\/div>\n\t\t<\/div>\n\t<\/div>\n<\/section>\n\n<section id=\"acf-article-block_9be25ea7d9bd3eb10cf087f09ece8716\" data-anchor-title=\"Hva vi investerer i\"class=\"block-section article wp-block-acf-article\">\n\t<div class=\"block-section-wrapper element-width--wide\" data-aos=\"fade-up\" data-aos-duration=\"500\" data-aos-delay=\"300\">\n\t\t<div class=\"acf-innerblocks-container\">\n\n<h2 class=\"wp-block-heading heading-size-normal\">Hva vi investerer i<\/h2>\n\n\n\n<p>Norfund investerer i konvensjonelle fornybare energikilder som sol, vind, vannkraft, biomasse og geotermisk energi. Vi investerer b\u00e5de i store, nett-tilknyttede kraftverk og i distribuert produksjon. Sistnevnte omfatter mindre prosjekter og off-grid-l\u00f8sninger som leverer str\u00f8m direkte til sluttbrukeren. I tillegg investerer Norfund i muliggj\u00f8rende teknologier med betydelig klimaeffekt, som energilagring og transmisjon.<\/p>\n\n\n\n<p>Vi vil fortsette \u00e5 styrke Norfunds portef\u00f8lje innen fornybar kraftproduksjon i v\u00e5re m\u00e5lmarkeder, ved \u00e5 bygge videre p\u00e5 eksisterende investeringsplattformer og partnerskap, samtidig som vi samarbeider med nye partnere.<\/p>\n\n\n\n<p>Norfund vil ikke gj\u00f8re nye investeringer i fossil energi, med unntak av klart definerte og n\u00f8dvendige tilfeller som st\u00f8tter energiomstillingen i tr\u00e5d med Parisavtalen.<\/p>\n\n<\/div>\n\t<\/div>\n<\/section>\n\n\n\n<section id=\"acf-slider-block_29c3e0d282537ae4f198b97e16e29372\" data-anchor-title=\"Forretningsmodeller\"class=\"block-section slider block--less-spacing-top block--less-spacing-bottom wp-block-acf-slider\">\n\n\t<div class=\"block-section-wrapper element-width--full\">\n\t\t<div class=\"content-wrapper\">\n\n\t\t\t\t\t\t\t<h2 class=\"heading-size-xsmall block-title\" data-aos=\"fade-right\" data-aos-duration=\"500\">Forretningsmodeller<\/h2>\n\t\t\t\t\t\t\t\t\t\t\t\t\t\t\t<div class=\"text-wrapper active\" data-slide-index=\"0\" data-aos=\"fade-right\" data-aos-duration=\"500\" data-aos-delay=\"400\">\n\t\t\t\t\t\t<div class=\"slide-title\">Storskala fornybar energiproduksjon<\/div>\n\t\t\t\t\t\t<p class=\"slide-text\">Norfund investerer i mellomstore og store nett-tilknyttede kraftverk, prim\u00e6rt gjennom industrielle partnerskap. Disse anleggene leverer vanligvis str\u00f8m gjennom langsiktige kontrakter til kraftselskaper. De siste ti \u00e5rene har kostnadene for sol- og vindkraft falt betydelig, noe som har styrket overgangen til fornybare energikilder.<\/p>\n\t\t\t\t\t<\/div>\n\t\t\t\t\t\t\t\t\t<div class=\"text-wrapper\" data-slide-index=\"1\" data-aos=\"fade-right\" data-aos-duration=\"500\" data-aos-delay=\"400\">\n\t\t\t\t\t\t<div class=\"slide-title\">C&amp;I-energiproduksjon<\/div>\n\t\t\t\t\t\t<p class=\"slide-text\">Norfund investerer i mindre kraftanlegg som leverer energi direkte til kommersielle og industrielle kunder. Disse anleggene er enten plassert hos kunden (\u00abbehind the meter\u00bb) eller leverer str\u00f8m gjennom overf\u00f8ring i kraftsystemet. Solceller p\u00e5 tak er et typisk eksempel, men st\u00f8rre bakkemonterte l\u00f8sninger blir stadig vanligere. Som en ledende investor spiller Norfund en sentral rolle i dette raskt voksende og krevende markedet.<\/p>\n\t\t\t\t\t<\/div>\n\t\t\t\t\t\t\t\t\t<div class=\"text-wrapper\" data-slide-index=\"2\" data-aos=\"fade-right\" data-aos-duration=\"500\" data-aos-delay=\"400\">\n\t\t\t\t\t\t<div class=\"slide-title\">Off-grid energil\u00f8sninger<\/div>\n\t\t\t\t\t\t<p class=\"slide-text\">With cost reductions for solar power and batteries, off-grid power supply is an increasingly cost-effective solution for rural communities. There are two primary business models: (i) establishment of mini-grids for rural communities, and (ii) household solar products, which combine solar panels, batteries, and appliances, typically provided through a pay-go financing solution. Norfund has invested in both these business models, as well as provided loans to some of the more mature home solar products companies, and supported private credit funds providing debt financing to this segment.<\/p>\n\t\t\t\t\t<\/div>\n\t\t\t\t\t\t\t\t\t<div class=\"text-wrapper\" data-slide-index=\"3\" data-aos=\"fade-right\" data-aos-duration=\"500\" data-aos-delay=\"400\">\n\t\t\t\t\t\t<div class=\"slide-title\">Transmisjon<\/div>\n\t\t\t\t\t\t<p class=\"slide-text\">Ettersom raskere utbygging av sol- og vindkraft er n\u00f8dvendig for \u00e5 m\u00f8te \u00f8kende ettersp\u00f8rsel etter elektrisitet, blir store investeringer i transmisjonsinfrastruktur avgj\u00f8rende. Slike investeringer er viktige for \u00e5 styrke nettkapasitet og p\u00e5litelighet, fjerne flaskehalser og sikre effektiv integrering av ny fornybar kraft. Norfund er aktivt engasjert p\u00e5 dette omr\u00e5det.<\/p>\n\t\t\t\t\t<\/div>\n\t\t\t\t\t\t\t\n\t\t\t<div class=\"swiper-navigation-wrapper\" data-aos=\"fade-right\" data-aos-duration=\"500\" data-aos-delay=\"400\">\n\t\t\t\t<div class=\"prev-next-buttons\">\n\t\t\t\t\t<button class=\"swiper-button-prev\" aria-label=\"Previous slide\">\n\t\t\t\t\t\t<i class=\"icon icon-arrow-down\"><\/i>\n\t\t\t\t\t<\/button>\n\t\t\t\t\t<button class=\"swiper-button-next\" aria-label=\"Next slide\">\n\t\t\t\t\t\t<i class=\"icon icon-arrow-down\"><\/i>\n\t\t\t\t\t<\/button>\n\t\t\t\t<\/div>\n\t\t\t\t<div class=\"swiper-pagination\" aria-label=\"Slide pagination\"><\/div>\n\t\t\t<\/div>\n\n\t\t<\/div>\n\t\t\t\t\t<div class=\"slider-wrapper\">\n\t\t\t\t<div class=\"swiper\">\n\t\t\t\t\t<div class=\"swiper-wrapper\">\n\t\t\t\t\t\t\n\t\t\t\t\t\t\t<div class=\"swiper-slide\" data-aos=\"fade-right\" data-aos-duration=\"500\" data-aos-delay=\"300\">\n\n\t\t\t\t\t\t\t\t\t\t\t\t\t\t\t\t\t<div class=\"image-wrapper\">\n\t\t\t\t\t\t\t\t\t\t<img loading=\"lazy\" decoding=\"async\" width=\"578\" height=\"384\" src=\"https:\/\/www.norfund.no\/wp-content\/uploads\/2025\/10\/american-public-power-association-eIBTh5DXW9w-unsplash-578x384.jpg\" class=\"attachment-slider size-slider\" alt=\"\" srcset=\"https:\/\/www.norfund.no\/wp-content\/uploads\/2025\/10\/american-public-power-association-eIBTh5DXW9w-unsplash-578x384.jpg 578w, https:\/\/www.norfund.no\/wp-content\/uploads\/2025\/10\/american-public-power-association-eIBTh5DXW9w-unsplash-300x199.jpg 300w, https:\/\/www.norfund.no\/wp-content\/uploads\/2025\/10\/american-public-power-association-eIBTh5DXW9w-unsplash-768x510.jpg 768w, https:\/\/www.norfund.no\/wp-content\/uploads\/2025\/10\/american-public-power-association-eIBTh5DXW9w-unsplash-1024x680.jpg 1024w, https:\/\/www.norfund.no\/wp-content\/uploads\/2025\/10\/american-public-power-association-eIBTh5DXW9w-unsplash-1536x1020.jpg 1536w, https:\/\/www.norfund.no\/wp-content\/uploads\/2025\/10\/american-public-power-association-eIBTh5DXW9w-unsplash-2048x1360.jpg 2048w, https:\/\/www.norfund.no\/wp-content\/uploads\/2025\/10\/american-public-power-association-eIBTh5DXW9w-unsplash-502x333.jpg 502w, https:\/\/www.norfund.no\/wp-content\/uploads\/2025\/10\/american-public-power-association-eIBTh5DXW9w-unsplash-397x264.jpg 397w, https:\/\/www.norfund.no\/wp-content\/uploads\/2025\/10\/american-public-power-association-eIBTh5DXW9w-unsplash-460x306.jpg 460w, https:\/\/www.norfund.no\/wp-content\/uploads\/2025\/10\/american-public-power-association-eIBTh5DXW9w-unsplash-658x437.jpg 658w, https:\/\/www.norfund.no\/wp-content\/uploads\/2025\/10\/american-public-power-association-eIBTh5DXW9w-unsplash-640x425.jpg 640w, https:\/\/www.norfund.no\/wp-content\/uploads\/2025\/10\/american-public-power-association-eIBTh5DXW9w-unsplash-110x73.jpg 110w, https:\/\/www.norfund.no\/wp-content\/uploads\/2025\/10\/american-public-power-association-eIBTh5DXW9w-unsplash-220x146.jpg 220w, https:\/\/www.norfund.no\/wp-content\/uploads\/2025\/10\/american-public-power-association-eIBTh5DXW9w-unsplash-452x300.jpg 452w\" sizes=\"auto, (max-width: 578px) 100vw, 578px\" \/>\t\t\t\t\t\t\t\t\t\t\t\t\t\t\t\t\t\t\t<\/div>\n\t\t\t\t\t\t\t\t\t\t\t\t\t\t\t<\/div>\n\n\t\t\t\t\t\t\n\t\t\t\t\t\t\t<div class=\"swiper-slide\" data-aos=\"fade-right\" data-aos-duration=\"500\" data-aos-delay=\"300\">\n\n\t\t\t\t\t\t\t\t\t\t\t\t\t\t\t\t\t<div class=\"image-wrapper\">\n\t\t\t\t\t\t\t\t\t\t<img loading=\"lazy\" decoding=\"async\" width=\"578\" height=\"325\" src=\"https:\/\/www.norfund.no\/wp-content\/uploads\/2025\/08\/53465393548_16fd0e86f0_o-edited-578x325.jpg\" class=\"attachment-slider size-slider\" alt=\"\" srcset=\"https:\/\/www.norfund.no\/wp-content\/uploads\/2025\/08\/53465393548_16fd0e86f0_o-edited-578x325.jpg 578w, https:\/\/www.norfund.no\/wp-content\/uploads\/2025\/08\/53465393548_16fd0e86f0_o-edited-300x169.jpg 300w, https:\/\/www.norfund.no\/wp-content\/uploads\/2025\/08\/53465393548_16fd0e86f0_o-edited-768x432.jpg 768w, https:\/\/www.norfund.no\/wp-content\/uploads\/2025\/08\/53465393548_16fd0e86f0_o-edited-1024x576.jpg 1024w, https:\/\/www.norfund.no\/wp-content\/uploads\/2025\/08\/53465393548_16fd0e86f0_o-edited-1536x864.jpg 1536w, https:\/\/www.norfund.no\/wp-content\/uploads\/2025\/08\/53465393548_16fd0e86f0_o-edited-2048x1151.jpg 2048w, https:\/\/www.norfund.no\/wp-content\/uploads\/2025\/08\/53465393548_16fd0e86f0_o-edited-502x282.jpg 502w, https:\/\/www.norfund.no\/wp-content\/uploads\/2025\/08\/53465393548_16fd0e86f0_o-edited-397x223.jpg 397w, https:\/\/www.norfund.no\/wp-content\/uploads\/2025\/08\/53465393548_16fd0e86f0_o-edited-460x259.jpg 460w, https:\/\/www.norfund.no\/wp-content\/uploads\/2025\/08\/53465393548_16fd0e86f0_o-edited-658x370.jpg 658w, https:\/\/www.norfund.no\/wp-content\/uploads\/2025\/08\/53465393548_16fd0e86f0_o-edited-640x360.jpg 640w, https:\/\/www.norfund.no\/wp-content\/uploads\/2025\/08\/53465393548_16fd0e86f0_o-edited-110x62.jpg 110w, https:\/\/www.norfund.no\/wp-content\/uploads\/2025\/08\/53465393548_16fd0e86f0_o-edited-220x124.jpg 220w, https:\/\/www.norfund.no\/wp-content\/uploads\/2025\/08\/53465393548_16fd0e86f0_o-edited-534x300.jpg 534w\" sizes=\"auto, (max-width: 578px) 100vw, 578px\" \/>\t\t\t\t\t\t\t\t\t\t\t\t\t\t\t\t\t\t\t\t\t<div class=\"credit-text \"> Bilde: Copperbelt Energy Corporation<\/div>\n\t\t\t\t\t\t\t\t\t\t\t\t\t\t\t\t\t\t\t<\/div>\n\t\t\t\t\t\t\t\t\t\t\t\t\t\t\t<\/div>\n\n\t\t\t\t\t\t\n\t\t\t\t\t\t\t<div class=\"swiper-slide\" data-aos=\"fade-right\" data-aos-duration=\"500\" data-aos-delay=\"300\">\n\n\t\t\t\t\t\t\t\t\t\t\t\t\t\t\t\t\t<div class=\"image-wrapper\">\n\t\t\t\t\t\t\t\t\t\t<img loading=\"lazy\" decoding=\"async\" width=\"578\" height=\"325\" src=\"https:\/\/www.norfund.no\/wp-content\/uploads\/2025\/08\/53643360542_e7f5ea67a9_o-1-edited-578x325.jpg\" class=\"attachment-slider size-slider\" alt=\"\" srcset=\"https:\/\/www.norfund.no\/wp-content\/uploads\/2025\/08\/53643360542_e7f5ea67a9_o-1-edited-578x325.jpg 578w, https:\/\/www.norfund.no\/wp-content\/uploads\/2025\/08\/53643360542_e7f5ea67a9_o-1-edited-300x169.jpg 300w, https:\/\/www.norfund.no\/wp-content\/uploads\/2025\/08\/53643360542_e7f5ea67a9_o-1-edited-768x432.jpg 768w, https:\/\/www.norfund.no\/wp-content\/uploads\/2025\/08\/53643360542_e7f5ea67a9_o-1-edited-1024x576.jpg 1024w, https:\/\/www.norfund.no\/wp-content\/uploads\/2025\/08\/53643360542_e7f5ea67a9_o-1-edited-1536x863.jpg 1536w, https:\/\/www.norfund.no\/wp-content\/uploads\/2025\/08\/53643360542_e7f5ea67a9_o-1-edited-2048x1151.jpg 2048w, https:\/\/www.norfund.no\/wp-content\/uploads\/2025\/08\/53643360542_e7f5ea67a9_o-1-edited-502x282.jpg 502w, https:\/\/www.norfund.no\/wp-content\/uploads\/2025\/08\/53643360542_e7f5ea67a9_o-1-edited-397x223.jpg 397w, https:\/\/www.norfund.no\/wp-content\/uploads\/2025\/08\/53643360542_e7f5ea67a9_o-1-edited-460x259.jpg 460w, https:\/\/www.norfund.no\/wp-content\/uploads\/2025\/08\/53643360542_e7f5ea67a9_o-1-edited-658x370.jpg 658w, https:\/\/www.norfund.no\/wp-content\/uploads\/2025\/08\/53643360542_e7f5ea67a9_o-1-edited-640x360.jpg 640w, https:\/\/www.norfund.no\/wp-content\/uploads\/2025\/08\/53643360542_e7f5ea67a9_o-1-edited-110x62.jpg 110w, https:\/\/www.norfund.no\/wp-content\/uploads\/2025\/08\/53643360542_e7f5ea67a9_o-1-edited-220x124.jpg 220w, https:\/\/www.norfund.no\/wp-content\/uploads\/2025\/08\/53643360542_e7f5ea67a9_o-1-edited-534x300.jpg 534w\" sizes=\"auto, (max-width: 578px) 100vw, 578px\" \/>\t\t\t\t\t\t\t\t\t\t\t\t\t\t\t\t\t\t\t\t\t<div class=\"credit-text \"> Bilde: WeLight<\/div>\n\t\t\t\t\t\t\t\t\t\t\t\t\t\t\t\t\t\t\t<\/div>\n\t\t\t\t\t\t\t\t\t\t\t\t\t\t\t<\/div>\n\n\t\t\t\t\t\t\n\t\t\t\t\t\t\t<div class=\"swiper-slide\" data-aos=\"fade-right\" data-aos-duration=\"500\" data-aos-delay=\"300\">\n\n\t\t\t\t\t\t\t\t\t\t\t\t\t\t\t\t\t<div class=\"image-wrapper\">\n\t\t\t\t\t\t\t\t\t\t<img loading=\"lazy\" decoding=\"async\" width=\"578\" height=\"325\" src=\"https:\/\/www.norfund.no\/wp-content\/uploads\/2025\/08\/53464352497_cf927f07a2_o-edited-578x325.jpg\" class=\"attachment-slider size-slider\" alt=\"\" srcset=\"https:\/\/www.norfund.no\/wp-content\/uploads\/2025\/08\/53464352497_cf927f07a2_o-edited-578x325.jpg 578w, https:\/\/www.norfund.no\/wp-content\/uploads\/2025\/08\/53464352497_cf927f07a2_o-edited-300x169.jpg 300w, https:\/\/www.norfund.no\/wp-content\/uploads\/2025\/08\/53464352497_cf927f07a2_o-edited-768x432.jpg 768w, https:\/\/www.norfund.no\/wp-content\/uploads\/2025\/08\/53464352497_cf927f07a2_o-edited-1024x576.jpg 1024w, https:\/\/www.norfund.no\/wp-content\/uploads\/2025\/08\/53464352497_cf927f07a2_o-edited-1536x863.jpg 1536w, https:\/\/www.norfund.no\/wp-content\/uploads\/2025\/08\/53464352497_cf927f07a2_o-edited-2048x1151.jpg 2048w, https:\/\/www.norfund.no\/wp-content\/uploads\/2025\/08\/53464352497_cf927f07a2_o-edited-502x282.jpg 502w, https:\/\/www.norfund.no\/wp-content\/uploads\/2025\/08\/53464352497_cf927f07a2_o-edited-397x223.jpg 397w, https:\/\/www.norfund.no\/wp-content\/uploads\/2025\/08\/53464352497_cf927f07a2_o-edited-460x259.jpg 460w, https:\/\/www.norfund.no\/wp-content\/uploads\/2025\/08\/53464352497_cf927f07a2_o-edited-658x370.jpg 658w, https:\/\/www.norfund.no\/wp-content\/uploads\/2025\/08\/53464352497_cf927f07a2_o-edited-640x360.jpg 640w, https:\/\/www.norfund.no\/wp-content\/uploads\/2025\/08\/53464352497_cf927f07a2_o-edited-110x62.jpg 110w, https:\/\/www.norfund.no\/wp-content\/uploads\/2025\/08\/53464352497_cf927f07a2_o-edited-220x124.jpg 220w, https:\/\/www.norfund.no\/wp-content\/uploads\/2025\/08\/53464352497_cf927f07a2_o-edited-534x300.jpg 534w\" sizes=\"auto, (max-width: 578px) 100vw, 578px\" \/>\t\t\t\t\t\t\t\t\t\t\t\t\t\t\t\t\t\t\t\t\t<div class=\"credit-text \"> Bilde: Copperbelt Energy Corporation<\/div>\n\t\t\t\t\t\t\t\t\t\t\t\t\t\t\t\t\t\t\t<\/div>\n\t\t\t\t\t\t\t\t\t\t\t\t\t\t\t<\/div>\n\n\t\t\t\t\t\t\n\t\t\t\t\t<\/div>\n\t\t\t\t<\/div>\n\t\t\t<\/div>\n\t\t\t<\/div>\n<\/section>\n\n\n<section id=\"acf-contact-person-block_c31684d7762b643525d160bd07914c3d\" class=\"block-section contact-person block--less-spacing-top block--less-spacing-bottom wp-block-acf-contact-person\">\n\t<div class=\"block-section-wrapper element-width--full\">\n\t\t<div class=\"profile-card\" tabindex=\"0\" data-aos=\"fade-up\" data-aos-duration=\"500\" data-aos-delay=\"300\">\n\t\t\t\t\t\t\t<div class=\"profile-image\">\n\t\t\t\t\t<img loading=\"lazy\" decoding=\"async\" width=\"588\" height=\"640\" src=\"https:\/\/www.norfund.no\/wp-content\/uploads\/2025\/05\/Mark-588x640.jpg\" class=\"attachment-contact-person size-contact-person wp-post-image\" alt=\"\" \/>\t\t\t\t<\/div>\n\n\t\t\t\t<div class=\"profile-details\">\n\t\t\t\t\t\n\t\t\t\t\t<div class=\"heading-size-small\">Mark Davis<\/div>\n\n\t\t\t\t\t\t\t\t\t\t\t<div class=\"heading-size-smallest\">Executive Vice President, Renewable Energy<\/div>\n\t\t\t\t\t\t\t\t\t<\/div>\n\n\t\t\t\t\t\t\t\t\t<\/div>\n\t<\/div>\n<\/section>\n\n\n\n<p><\/p>\n","protected":false},"excerpt":{"rendered":"","protected":false},"author":1,"featured_media":0,"parent":0,"menu_order":9,"comment_status":"closed","ping_status":"closed","template":"","meta":{"_acf_changed":true,"footnotes":""},"class_list":["post-26191","page","type-page","status-publish","hentry"],"acf":[],"_links":{"self":[{"href":"https:\/\/www.norfund.no\/no\/wp-json\/wp\/v2\/pages\/26191","targetHints":{"allow":["GET"]}}],"collection":[{"href":"https:\/\/www.norfund.no\/no\/wp-json\/wp\/v2\/pages"}],"about":[{"href":"https:\/\/www.norfund.no\/no\/wp-json\/wp\/v2\/types\/page"}],"author":[{"embeddable":true,"href":"https:\/\/www.norfund.no\/no\/wp-json\/wp\/v2\/users\/1"}],"replies":[{"embeddable":true,"href":"https:\/\/www.norfund.no\/no\/wp-json\/wp\/v2\/comments?post=26191"}],"version-history":[{"count":0,"href":"https:\/\/www.norfund.no\/no\/wp-json\/wp\/v2\/pages\/26191\/revisions"}],"wp:attachment":[{"href":"https:\/\/www.norfund.no\/no\/wp-json\/wp\/v2\/media?parent=26191"}],"curies":[{"name":"wp","href":"https:\/\/api.w.org\/{rel}","templated":true}]}}