
{"id":26197,"date":"2025-05-08T11:20:15","date_gmt":"2025-05-08T09:20:15","guid":{"rendered":"https:\/\/norfundweb.wpenginepowered.com\/?page_id=26197"},"modified":"2025-12-04T15:05:13","modified_gmt":"2025-12-04T14:05:13","slug":"scalable-entreprises","status":"publish","type":"page","link":"https:\/\/www.norfund.no\/no\/scalable-entreprises\/","title":{"rendered":"Vekstkraftige virksomheter"},"content":{"rendered":"\n<section id=\"acf-subpage-hero-block_068328bb3a92f062661c354b0e0a82de\" class=\"block-section subpage-hero banner-margin wp-block-acf-subpage-hero\">\n\n\n\t\t\n\t\t\t\t\t<div class=\"video-wrapper\">\n\t\t\t\t<video class=\"bg-video\" autoplay muted loop playsinline>\n\t\t\t\t\t<source src=\"https:\/\/www.norfund.no\/wp-content\/uploads\/2025\/06\/Scalable-Enterprises-loop.mp4\" type=\"video\/mp4\" \/>\n\t\t\t\t<\/video>\n\t\t\t<\/div>\n\t\t\n\t\t\t\t\t<div class=\"overlay\"><\/div>\n\t\t\n\n\n\t\n\t\t<div class=\"block-section-wrapper element-width--full \">\n\t\t\t<div class=\"hero-content-with-backgound\" data-aos=\"fade-up\" data-aos-duration=\"500\" data-aos-delay=\"200\">\n\n\t\t\t\t\t\t\t\t\t<div class=\"hero-title \" tabindex=\"0\">\n\t\t\t\t\t\t<h2 class=\"heading-size-large\">Vekstkraftige virksomheter<\/h2>\n\t\t\t\t\t<\/div>\n\t\t\t\t\n\t\t\t\t\t\t\t\t\t<div class=\"small-text\" tabindex=\"0\">\n\t\t\t\t\t\t<p>Bygge selskaper og skape jobber<\/p>\n\t\t\t\t\t<\/div>\n\t\t\t\t\n\t\t\t<\/div>\n\t\t<\/div>\n\t\n<\/section>\n\n\n<section id=\"acf-article-block_cfdc7425693371cbc6aa679aef7fe8d5\" data-anchor-title=\"Bakgrunn\"class=\"block-section article wp-block-acf-article\">\n\t<div class=\"block-section-wrapper element-width--wide\" data-aos=\"fade-up\" data-aos-duration=\"500\" data-aos-delay=\"300\">\n\t\t<div class=\"acf-innerblocks-container\">\n\n<h2 class=\"wp-block-heading\">Hvorfor investere i vekstkraftige virksomheter?<\/h2>\n\n\n\n<p>Et lands utvikling og vekst avhenger av at bedrifter lykkes. Skalerbare og st\u00f8rre virksomheter spiller en s\u00e6rlig viktig rolle som motorer for vekst og jobbskaping. I gjennomsnitt er de mer produktive, bidrar sterkere til profesjonalisering av verdikjeder, ansetter flere, betaler h\u00f8yere l\u00f8nninger og genererer mer skatteinntekter.<\/p>\n\n\n\n<p>Det finnes f\u00e5 store selskaper i Afrika s\u00f8r for Sahara, s\u00e6rlig i de fattigste landene. Derfor fokuserer vi p\u00e5 \u00e5 identifisere og investere i virksomheter med potensial til \u00e5 skalere. Vi \u00f8nsker ogs\u00e5 \u00e5 n\u00e5 bedrifter i SMB- og oppstartssegmentet, noe vi gj\u00f8r gjennom fondsinvesteringer.<\/p>\n\n\n\n<p>For \u00e5 styre arbeidet v\u00e5rt og tydeliggj\u00f8re hvordan investeringene v\u00e5re bidrar til langsiktig utvikling, har Norfund utviklet to separate teorier om endring for investeringer gjennom fond og for investeringer i verdikjedene innen landbruk og industri. Disse ble oppdatert i 2024. Teoriene beskriver problemet vi \u00f8nsker \u00e5 l\u00f8se, innsatsfaktorene vi bidrar med og trinnene der langsiktig effekt oppn\u00e5s.<\/p>\n\n<\/div>\n\t<\/div>\n<\/section>\n\n\n<section id=\"acf-buttons-group-block_c78fadd8e2ff90cd5f28603244bbaca5\" data-anchor-title=\"Endringsteorier\"class=\"block-section buttons-group block--less-spacing-top block--less-spacing-bottom wp-block-acf-buttons-group\">\n\t<div class=\"block-section-wrapper element-width--medium\">\n\n\t\t\n\t\t\t\t<div class=\"buttons-grid \">\n\t\t\t\n\t\t\t\t\n\t\t\t\t\t<a href=\"https:\/\/www.norfund.no\/wp-content\/uploads\/2025\/06\/Theory-of-Change-AM-Final.pdf\" class=\"button-item\" target=\"_blank\">\n\t\t\t\t\t\t<div class=\"button-content\">\n\t\t\t\t\t\t\t\t\t\t\t\t\t\t\t<h2 class=\"heading-size-small\">Endringsteori for Agribusiness &amp; Manufacturing<\/h2>\n\t\t\t\t\t\t\t\t\t\t\t\t\t\t\t\t\t\t\t\t<\/div>\n\t\t\t\t\t\t<i class=\"icon icon-arrow-box\"><\/i>\n\t\t\t\t\t<\/a>\n\t\t\t\t\t\t\t\n\t\t\t\t\n\t\t\t\t\t<a href=\"https:\/\/www.norfund.no\/wp-content\/uploads\/2025\/06\/Theory-of-Change-Funds_Final.pdf\" class=\"button-item\" target=\"_blank\">\n\t\t\t\t\t\t<div class=\"button-content\">\n\t\t\t\t\t\t\t\t\t\t\t\t\t\t\t<h2 class=\"heading-size-small\">Endringsteori for Fond<\/h2>\n\t\t\t\t\t\t\t\t\t\t\t\t\t\t\t\t\t\t\t\t<\/div>\n\t\t\t\t\t\t<i class=\"icon icon-arrow-box\"><\/i>\n\t\t\t\t\t<\/a>\n\t\t\t\t\t\t\t\n\t\t\t\t\n\t\t\t\t\t<a href=\"https:\/\/www.norfund.no\/annualreport-2024\/development-mandate\/investment-areas\/scalable-enterprises\/\" class=\"button-item\" target=\"_blank\">\n\t\t\t\t\t\t<div class=\"button-content\">\n\t\t\t\t\t\t\t\t\t\t\t\t\t\t\t<h2 class=\"heading-size-small\">L\u00e6r mer om utviklingseffektene \u00e5rsrapporten v\u00e5r<\/h2>\n\t\t\t\t\t\t\t\t\t\t\t\t\t\t\t\t\t\t\t\t\t\t<p>Ved utgangen av 2024 utgjorde Scalable Enterprises 27,4 prosent av Norfunds totale portef\u00f8lje, med totalt 37 direkte investeringer og 70 fondsinvesteringer.<\/p>\n\t\t\t\t\t\t\t\t\t\t\t\t\t<\/div>\n\t\t\t\t\t\t<i class=\"icon icon-arrow-box\"><\/i>\n\t\t\t\t\t<\/a>\n\t\t\t\t\t\t\t\t\t<\/div>\n\t\t\n\n\t<\/div>\n<\/section>\n\n\n\n<section id=\"acf-box-over-wide-image-block_89e4ea13d13b461f7f3600e5a3ace9d4\" data-anchor-title=\"Ambisjoner\"class=\"block-section box-over-wide-image block--less-spacing-top block--less-spacing-bottom wp-block-acf-box-over-wide-image\">\n\t<div class=\"background is-desktop bottom\"\n\t\tstyle=\"background-image: url(https:\/\/www.norfund.no\/wp-content\/uploads\/2025\/09\/53942255879_05bec62b13_o-2560x1707.jpg); background-position: center calc(50% + 160px); data-aos=\"fade-up\" data-aos-duration=\"500\" data-aos-delay=\"200\">\n\t\t\n\t\t<div class=\"block-section-wrapper element-width--full container\">\n\t\t\t<div class=\"investment-box right\" tabindex=\"0\" data-aos=\"fade-up\" data-aos-duration=\"500\" data-aos-delay=\"400\">\n\t\t\t\t\t\t\t\t\t<h2 class=\"heading-size-normal\">Ambisjoner<\/h2>\n\t\t\t\t\t\t\t\t\t\t\t\t\t<div class=\"text-container\"><p>I strategien v\u00e5r for 2023\u20132026 er de definerte ambisjonene for landbruk og industri:<\/p>\n<ul>\n<li><strong>3 milliarder kroner<\/strong> i \u00f8kte inntekter<\/li>\n<li><strong>10 000 <\/strong>nye direkte jobber skapt<\/li>\n<\/ul>\n<p>Og v\u00e5re definerte ambisjoner for fond er:<\/p>\n<ul>\n<li><strong>16 milliarder kroner<\/strong> i \u00f8kte inntekter<\/li>\n<li><strong>70 000 <\/strong>nye direkter jobber skapt<\/li>\n<\/ul>\n<\/div>\n\t\t\t\t\t\t\t\t\t\t\t<\/div>\n\t\t<\/div>\n\t<\/div>\n<\/section>\n\n\n<section id=\"acf-slider-block_4363fe6bdde1d03a047dc9a8f9855bb3\" data-anchor-title=\"Agribusiness &amp; manufacturing\"class=\"block-section slider block--less-spacing-top block--less-spacing-bottom wp-block-acf-slider\">\n\n\t<div class=\"block-section-wrapper element-width--full\">\n\t\t<div class=\"content-wrapper\">\n\n\t\t\t\t\t\t\t<h2 class=\"heading-size-xsmall block-title\" data-aos=\"fade-right\" data-aos-duration=\"500\">Agribusiness &#038; manufacturing<\/h2>\n\t\t\t\t\t\t\t\t\t\t\t\t\t\t\t<div class=\"text-wrapper active\" data-slide-index=\"0\" data-aos=\"fade-right\" data-aos-duration=\"500\" data-aos-delay=\"400\">\n\t\t\t\t\t\t<div class=\"slide-title\">Agribusiness<\/div>\n\t\t\t\t\t\t<p class=\"slide-text\">Landbrukssektoren er avgj\u00f8rende for \u00f8konomisk vekst og jobbskaping i Afrika. Mer enn halvparten av befolkningen i Afrika s\u00f8r for Sahara arbeider i landbruket, men likevel produserer kontinentet ikke nok mat til \u00e5 br\u00f8df\u00f8 egen befolkning. Norfunds investeringer i verdikjeden for landbruk \u00f8ker produktiviteten, skaper arbeidsplasser, knytter sm\u00e5b\u00f8nder til markeder og \u00f8ker produksjonen.<\/p>\n\t\t\t\t\t<\/div>\n\t\t\t\t\t\t\t\t\t<div class=\"text-wrapper\" data-slide-index=\"1\" data-aos=\"fade-right\" data-aos-duration=\"500\" data-aos-delay=\"400\">\n\t\t\t\t\t\t<div class=\"slide-title\">Manufacturing<\/div>\n\t\t\t\t\t\t<p class=\"slide-text\">Afrika har i dag en liten industrisektor. F\u00e5 land har lykkes i \u00e5 utvikle seg uten et sterkt industrielt grunnlag. P\u00e5 det afrikanske kontinentet importeres en tredjedel av mat, drikkevarer og lignende bearbeidede varer, men en stor del av disse produktene kunne v\u00e6rt produsert lokalt. Industriell produksjon i Afrika har derfor betydelig potensial som drivkraft for \u00f8konomisk vekst og jobbskaping.<\/p>\n\t\t\t\t\t<\/div>\n\t\t\t\t\t\t\t\t\t<div class=\"text-wrapper\" data-slide-index=\"2\" data-aos=\"fade-right\" data-aos-duration=\"500\" data-aos-delay=\"400\">\n\t\t\t\t\t\t<div class=\"slide-title\">Plattformer<\/div>\n\t\t\t\t\t\t<p class=\"slide-text\">Vi investerer ogs\u00e5 i regionale plattformer som styrker lokale verdikjeder, bidrar til \u00e5 skalere produksjon og driver industriell utvikling i Afrika. Et eksempel er plattformen AgDevCo, som har n\u00e5dd over 80 landbruksbedrifter med en portef\u00f8lje p\u00e5 150 millioner dollar, fordelt p\u00e5 ni afrikanske land.\r\n<\/p>\n\t\t\t\t\t<\/div>\n\t\t\t\t\t\t\t\n\t\t\t<div class=\"swiper-navigation-wrapper\" data-aos=\"fade-right\" data-aos-duration=\"500\" data-aos-delay=\"400\">\n\t\t\t\t<div class=\"prev-next-buttons\">\n\t\t\t\t\t<button class=\"swiper-button-prev\" aria-label=\"Previous slide\">\n\t\t\t\t\t\t<i class=\"icon icon-arrow-down\"><\/i>\n\t\t\t\t\t<\/button>\n\t\t\t\t\t<button class=\"swiper-button-next\" aria-label=\"Next slide\">\n\t\t\t\t\t\t<i class=\"icon icon-arrow-down\"><\/i>\n\t\t\t\t\t<\/button>\n\t\t\t\t<\/div>\n\t\t\t\t<div class=\"swiper-pagination\" aria-label=\"Slide pagination\"><\/div>\n\t\t\t<\/div>\n\n\t\t<\/div>\n\t\t\t\t\t<div class=\"slider-wrapper\">\n\t\t\t\t<div class=\"swiper\">\n\t\t\t\t\t<div class=\"swiper-wrapper\">\n\t\t\t\t\t\t\n\t\t\t\t\t\t\t<div class=\"swiper-slide\" data-aos=\"fade-right\" data-aos-duration=\"500\" data-aos-delay=\"300\">\n\n\t\t\t\t\t\t\t\t\t\t\t\t\t\t\t\t\t<div class=\"image-wrapper\">\n\t\t\t\t\t\t\t\t\t\t<img loading=\"lazy\" decoding=\"async\" width=\"578\" height=\"385\" src=\"https:\/\/www.norfund.no\/wp-content\/uploads\/2025\/10\/53942255679_1d5d97ff5b_k-578x385.jpg\" class=\"attachment-slider size-slider\" alt=\"\" srcset=\"https:\/\/www.norfund.no\/wp-content\/uploads\/2025\/10\/53942255679_1d5d97ff5b_k-578x385.jpg 578w, https:\/\/www.norfund.no\/wp-content\/uploads\/2025\/10\/53942255679_1d5d97ff5b_k-300x200.jpg 300w, https:\/\/www.norfund.no\/wp-content\/uploads\/2025\/10\/53942255679_1d5d97ff5b_k-1024x683.jpg 1024w, https:\/\/www.norfund.no\/wp-content\/uploads\/2025\/10\/53942255679_1d5d97ff5b_k-768x512.jpg 768w, https:\/\/www.norfund.no\/wp-content\/uploads\/2025\/10\/53942255679_1d5d97ff5b_k-1536x1024.jpg 1536w, https:\/\/www.norfund.no\/wp-content\/uploads\/2025\/10\/53942255679_1d5d97ff5b_k-502x335.jpg 502w, https:\/\/www.norfund.no\/wp-content\/uploads\/2025\/10\/53942255679_1d5d97ff5b_k-397x265.jpg 397w, https:\/\/www.norfund.no\/wp-content\/uploads\/2025\/10\/53942255679_1d5d97ff5b_k-460x307.jpg 460w, https:\/\/www.norfund.no\/wp-content\/uploads\/2025\/10\/53942255679_1d5d97ff5b_k-658x439.jpg 658w, https:\/\/www.norfund.no\/wp-content\/uploads\/2025\/10\/53942255679_1d5d97ff5b_k-640x427.jpg 640w, https:\/\/www.norfund.no\/wp-content\/uploads\/2025\/10\/53942255679_1d5d97ff5b_k-110x73.jpg 110w, https:\/\/www.norfund.no\/wp-content\/uploads\/2025\/10\/53942255679_1d5d97ff5b_k-220x147.jpg 220w, https:\/\/www.norfund.no\/wp-content\/uploads\/2025\/10\/53942255679_1d5d97ff5b_k-450x300.jpg 450w, https:\/\/www.norfund.no\/wp-content\/uploads\/2025\/10\/53942255679_1d5d97ff5b_k.jpg 2048w\" sizes=\"auto, (max-width: 578px) 100vw, 578px\" \/>\t\t\t\t\t\t\t\t\t\t\t\t\t\t\t\t\t\t\t\t\t<div class=\"credit-text \"> Bilde: ANB Group<\/div>\n\t\t\t\t\t\t\t\t\t\t\t\t\t\t\t\t\t\t\t<\/div>\n\t\t\t\t\t\t\t\t\t\t\t\t\t\t\t<\/div>\n\n\t\t\t\t\t\t\n\t\t\t\t\t\t\t<div class=\"swiper-slide\" data-aos=\"fade-right\" data-aos-duration=\"500\" data-aos-delay=\"300\">\n\n\t\t\t\t\t\t\t\t\t\t\t\t\t\t\t\t\t<div class=\"image-wrapper\">\n\t\t\t\t\t\t\t\t\t\t<img loading=\"lazy\" decoding=\"async\" width=\"578\" height=\"386\" src=\"https:\/\/www.norfund.no\/wp-content\/uploads\/2025\/10\/54703415135_8c1019f2a8_k-1-578x386.jpg\" class=\"attachment-slider size-slider\" alt=\"\" srcset=\"https:\/\/www.norfund.no\/wp-content\/uploads\/2025\/10\/54703415135_8c1019f2a8_k-1-578x386.jpg 578w, https:\/\/www.norfund.no\/wp-content\/uploads\/2025\/10\/54703415135_8c1019f2a8_k-1-300x200.jpg 300w, https:\/\/www.norfund.no\/wp-content\/uploads\/2025\/10\/54703415135_8c1019f2a8_k-1-1024x683.jpg 1024w, https:\/\/www.norfund.no\/wp-content\/uploads\/2025\/10\/54703415135_8c1019f2a8_k-1-768x512.jpg 768w, https:\/\/www.norfund.no\/wp-content\/uploads\/2025\/10\/54703415135_8c1019f2a8_k-1-1536x1025.jpg 1536w, https:\/\/www.norfund.no\/wp-content\/uploads\/2025\/10\/54703415135_8c1019f2a8_k-1-502x335.jpg 502w, https:\/\/www.norfund.no\/wp-content\/uploads\/2025\/10\/54703415135_8c1019f2a8_k-1-397x265.jpg 397w, https:\/\/www.norfund.no\/wp-content\/uploads\/2025\/10\/54703415135_8c1019f2a8_k-1-460x307.jpg 460w, https:\/\/www.norfund.no\/wp-content\/uploads\/2025\/10\/54703415135_8c1019f2a8_k-1-658x439.jpg 658w, https:\/\/www.norfund.no\/wp-content\/uploads\/2025\/10\/54703415135_8c1019f2a8_k-1-640x427.jpg 640w, https:\/\/www.norfund.no\/wp-content\/uploads\/2025\/10\/54703415135_8c1019f2a8_k-1-110x73.jpg 110w, https:\/\/www.norfund.no\/wp-content\/uploads\/2025\/10\/54703415135_8c1019f2a8_k-1-220x147.jpg 220w, https:\/\/www.norfund.no\/wp-content\/uploads\/2025\/10\/54703415135_8c1019f2a8_k-1-450x300.jpg 450w, https:\/\/www.norfund.no\/wp-content\/uploads\/2025\/10\/54703415135_8c1019f2a8_k-1.jpg 2048w\" sizes=\"auto, (max-width: 578px) 100vw, 578px\" \/>\t\t\t\t\t\t\t\t\t\t\t\t\t\t\t\t\t\t\t\t\t<div class=\"credit-text \"> Bilde: Green Create<\/div>\n\t\t\t\t\t\t\t\t\t\t\t\t\t\t\t\t\t\t\t<\/div>\n\t\t\t\t\t\t\t\t\t\t\t\t\t\t\t<\/div>\n\n\t\t\t\t\t\t\n\t\t\t\t\t\t\t<div class=\"swiper-slide\" data-aos=\"fade-right\" data-aos-duration=\"500\" data-aos-delay=\"300\">\n\n\t\t\t\t\t\t\t\t\t\t\t\t\t\t\t\t\t<div class=\"image-wrapper\">\n\t\t\t\t\t\t\t\t\t\t<img loading=\"lazy\" decoding=\"async\" width=\"578\" height=\"386\" src=\"https:\/\/www.norfund.no\/wp-content\/uploads\/2025\/10\/53540877556_f4a986cba7_k-578x386.jpg\" class=\"attachment-slider size-slider\" alt=\"\" srcset=\"https:\/\/www.norfund.no\/wp-content\/uploads\/2025\/10\/53540877556_f4a986cba7_k-578x386.jpg 578w, https:\/\/www.norfund.no\/wp-content\/uploads\/2025\/10\/53540877556_f4a986cba7_k-300x200.jpg 300w, https:\/\/www.norfund.no\/wp-content\/uploads\/2025\/10\/53540877556_f4a986cba7_k-1024x683.jpg 1024w, https:\/\/www.norfund.no\/wp-content\/uploads\/2025\/10\/53540877556_f4a986cba7_k-768x512.jpg 768w, https:\/\/www.norfund.no\/wp-content\/uploads\/2025\/10\/53540877556_f4a986cba7_k-1536x1025.jpg 1536w, https:\/\/www.norfund.no\/wp-content\/uploads\/2025\/10\/53540877556_f4a986cba7_k-502x335.jpg 502w, https:\/\/www.norfund.no\/wp-content\/uploads\/2025\/10\/53540877556_f4a986cba7_k-397x265.jpg 397w, https:\/\/www.norfund.no\/wp-content\/uploads\/2025\/10\/53540877556_f4a986cba7_k-460x307.jpg 460w, https:\/\/www.norfund.no\/wp-content\/uploads\/2025\/10\/53540877556_f4a986cba7_k-658x439.jpg 658w, https:\/\/www.norfund.no\/wp-content\/uploads\/2025\/10\/53540877556_f4a986cba7_k-640x427.jpg 640w, https:\/\/www.norfund.no\/wp-content\/uploads\/2025\/10\/53540877556_f4a986cba7_k-110x73.jpg 110w, https:\/\/www.norfund.no\/wp-content\/uploads\/2025\/10\/53540877556_f4a986cba7_k-220x147.jpg 220w, https:\/\/www.norfund.no\/wp-content\/uploads\/2025\/10\/53540877556_f4a986cba7_k-450x300.jpg 450w, https:\/\/www.norfund.no\/wp-content\/uploads\/2025\/10\/53540877556_f4a986cba7_k.jpg 2048w\" sizes=\"auto, (max-width: 578px) 100vw, 578px\" \/>\t\t\t\t\t\t\t\t\t\t\t\t\t\t\t\t\t\t\t\t\t<div class=\"credit-text \"> Bilde: Hatch Africa, AgDevCo<\/div>\n\t\t\t\t\t\t\t\t\t\t\t\t\t\t\t\t\t\t\t<\/div>\n\t\t\t\t\t\t\t\t\t\t\t\t\t\t\t<\/div>\n\n\t\t\t\t\t\t\n\t\t\t\t\t<\/div>\n\t\t\t\t<\/div>\n\t\t\t<\/div>\n\t\t\t<\/div>\n<\/section>\n\n<section id=\"acf-article-block_10b173f3f8b256a1829f4f0e650a739d\" class=\"block-section article wp-block-acf-article\">\n\t<div class=\"block-section-wrapper element-width--wide\" data-aos=\"fade-up\" data-aos-duration=\"500\" data-aos-delay=\"300\">\n\t\t<div class=\"acf-innerblocks-container\">\n\n<figure class=\"wp-block-image size-full\"><img loading=\"lazy\" decoding=\"async\" width=\"1306\" height=\"871\" src=\"https:\/\/www.norfund.no\/wp-content\/uploads\/2025\/08\/Marginpar-Kariki-September-2019-41-Sala-Photo-ID-294696-1.jpg\" alt=\"\" class=\"wp-image-26392\" srcset=\"https:\/\/www.norfund.no\/wp-content\/uploads\/2025\/08\/Marginpar-Kariki-September-2019-41-Sala-Photo-ID-294696-1.jpg 1306w, https:\/\/www.norfund.no\/wp-content\/uploads\/2025\/08\/Marginpar-Kariki-September-2019-41-Sala-Photo-ID-294696-1-300x200.jpg 300w, https:\/\/www.norfund.no\/wp-content\/uploads\/2025\/08\/Marginpar-Kariki-September-2019-41-Sala-Photo-ID-294696-1-768x512.jpg 768w, https:\/\/www.norfund.no\/wp-content\/uploads\/2025\/08\/Marginpar-Kariki-September-2019-41-Sala-Photo-ID-294696-1-1024x683.jpg 1024w, https:\/\/www.norfund.no\/wp-content\/uploads\/2025\/08\/Marginpar-Kariki-September-2019-41-Sala-Photo-ID-294696-1-502x335.jpg 502w, https:\/\/www.norfund.no\/wp-content\/uploads\/2025\/08\/Marginpar-Kariki-September-2019-41-Sala-Photo-ID-294696-1-397x265.jpg 397w, https:\/\/www.norfund.no\/wp-content\/uploads\/2025\/08\/Marginpar-Kariki-September-2019-41-Sala-Photo-ID-294696-1-460x307.jpg 460w, https:\/\/www.norfund.no\/wp-content\/uploads\/2025\/08\/Marginpar-Kariki-September-2019-41-Sala-Photo-ID-294696-1-658x439.jpg 658w, https:\/\/www.norfund.no\/wp-content\/uploads\/2025\/08\/Marginpar-Kariki-September-2019-41-Sala-Photo-ID-294696-1-640x427.jpg 640w, https:\/\/www.norfund.no\/wp-content\/uploads\/2025\/08\/Marginpar-Kariki-September-2019-41-Sala-Photo-ID-294696-1-1137x758.jpg 1137w, https:\/\/www.norfund.no\/wp-content\/uploads\/2025\/08\/Marginpar-Kariki-September-2019-41-Sala-Photo-ID-294696-1-110x73.jpg 110w, https:\/\/www.norfund.no\/wp-content\/uploads\/2025\/08\/Marginpar-Kariki-September-2019-41-Sala-Photo-ID-294696-1-220x147.jpg 220w, https:\/\/www.norfund.no\/wp-content\/uploads\/2025\/08\/Marginpar-Kariki-September-2019-41-Sala-Photo-ID-294696-1-578x385.jpg 578w, https:\/\/www.norfund.no\/wp-content\/uploads\/2025\/08\/Marginpar-Kariki-September-2019-41-Sala-Photo-ID-294696-1-1201x801.jpg 1201w, https:\/\/www.norfund.no\/wp-content\/uploads\/2025\/08\/Marginpar-Kariki-September-2019-41-Sala-Photo-ID-294696-1-450x300.jpg 450w\" sizes=\"auto, (max-width: 1306px) 100vw, 1306px\" \/><figcaption class=\"wp-element-caption\">Bilde: Marginpar &#8211; blomsterproduksjon i Kenya.<\/figcaption><\/figure>\n\n<\/div>\n\t<\/div>\n<\/section>\n\n\n<section id=\"acf-article-block_807c700accf4f4ac8f0099a9604ac640\" data-anchor-title=\"Fondsinvesteringer\"class=\"block-section article wp-block-acf-article\">\n\t<div class=\"block-section-wrapper element-width--wide\" data-aos=\"fade-up\" data-aos-duration=\"500\" data-aos-delay=\"300\">\n\t\t<div class=\"acf-innerblocks-container\">\n\n<h2 class=\"wp-block-heading heading-size-normal\">Fondsinvesteringer<\/h2>\n\n\n\n<p>Vi investerer ogs\u00e5 i regionale plattformer som styrker lokale verdikjeder, bidrar til \u00e5 skalere produksjon og driver industriell utvikling i Afrika. Et eksempel er plattformen AgDevCo, som har n\u00e5dd over 80 landbruksbedrifter med en portef\u00f8lje p\u00e5 150 millioner dollar, fordelt p\u00e5 ni afrikanske land.<\/p>\n\n\n\n<section id=\"acf-accordion-block_67a407318098e8137611c13c2f9d3eac\" class=\"block-section accordion block--less-spacing-top block--less-spacing-bottom wp-block-acf-accordion\">\n\t<div class=\"block-section-wrapper element-width--medium accordion-wide\" data-aos=\"fade-up\" data-aos-duration=\"500\" data-aos-delay=\"300\">\n\n\t\t\n\t\t<div class=\"accordion-wrapper\">\n\t\t\t<div class=\"accordion-item\">\n\t<div class=\"accordion-header\" tabindex=\"0\" role=\"button\" aria-expanded=\"false\">\n\t\t<h3>Private equity-fond<\/h3>\n\t\t<i class=\"icon icon-arrow-down\"><\/i>\n\t<\/div>\n\t<div class=\"accordion-body\">\n\t\t<p>Strategien v\u00e5r er \u00e5 investere i fond der v\u00e5r deltakelse kan gi en betydelig utviklingseffekt. Dette gj\u00f8r vi ved \u00e5 investere i et bredt spekter av fond. I den st\u00f8rre enden investerer vi i store, ofte pan-regionale fond som selv investerer i relativt store selskaper. Flere studier viser at st\u00f8rre selskaper ofte er mer effektive enn mindre. I tillegg finnes det relativt f\u00e5 store selskaper i mange av Norfunds prioriterte land. \u00c5 bidra til at disse st\u00f8rre selskapene f\u00e5r tilgang til kapital kan derfor f\u00f8re til mer profesjonelle og effektive virksomheter.<\/p>\n\t<\/div>\n<\/div><div class=\"accordion-item\">\n\t<div class=\"accordion-header\" tabindex=\"0\" role=\"button\" aria-expanded=\"false\">\n\t\t<h3>Fond for sm\u00e5 og mellomstore bedrifter<\/h3>\n\t\t<i class=\"icon icon-arrow-down\"><\/i>\n\t<\/div>\n\t<div class=\"accordion-body\">\n\t\t<p data-pm-slice=\"1 1 []\">Historisk har Norfund hatt et s\u00e6rlig fokus p\u00e5 sm\u00e5 og mellomstore bedrifter i sine fondsinvesteringer. Dette er fortsatt et viktig omr\u00e5de. Denne delen av n\u00e6ringslivet m\u00f8ter ofte spesielt krevende finansieringsforhold. Bedriftene er ofte eid og drevet av personer med tilknytning til lokalsamfunnene, og investeringer i slike virksomheter kan gi direkte effekt for menneskene vi \u00f8nsker \u00e5 n\u00e5.<\/p>\n\t<\/div>\n<\/div><div class=\"accordion-item\">\n\t<div class=\"accordion-header\" tabindex=\"0\" role=\"button\" aria-expanded=\"false\">\n\t\t<h3>Impact og venturefond<\/h3>\n\t\t<i class=\"icon icon-arrow-down\"><\/i>\n\t<\/div>\n\t<div class=\"accordion-body\">\n\t\t<p>For det tredje investerer Norfund ogs\u00e5 i sv\u00e6rt krevende forretningsmilj\u00f8er. Flere land har verken utviklede markeder for bankfinansiering eller egenkapitalfinansiering. I slike situasjoner kan Norfund bidra til etableringen av nye private equity-fond, slik som Kinyeti-fondet i S\u00f8r-Sudan. Vi kan ogs\u00e5 investere i etablerte fond som tar tak i de s\u00e6rskilte utfordringene i slike markeder. Disse initiativene kan v\u00e6re tidkrevende, men n\u00e5r de lykkes, er verdien for lokalsamfunnene stor og utviklingseffekten tydelig.<\/p>\n\t<\/div>\n<\/div>\t\t<\/div>\n\n\t<\/div>\n<\/section>\n\n<\/div>\n\t<\/div>\n<\/section>\n\n\n\n<section id=\"acf-contact-person-block_aa06771ae25a9429d18cda980c3c1743\" class=\"block-section contact-person block--less-spacing-top block--less-spacing-bottom wp-block-acf-contact-person\">\n\t<div class=\"block-section-wrapper element-width--full\">\n\t\t<div class=\"profile-card\" tabindex=\"0\" data-aos=\"fade-up\" data-aos-duration=\"500\" data-aos-delay=\"300\">\n\t\t\t\t\t\t\t<div class=\"profile-image\">\n\t\t\t\t\t<img loading=\"lazy\" decoding=\"async\" width=\"588\" height=\"640\" src=\"https:\/\/www.norfund.no\/wp-content\/uploads\/2025\/05\/Ellen-588x640.jpg\" class=\"attachment-contact-person size-contact-person wp-post-image\" alt=\"\" \/>\t\t\t\t<\/div>\n\n\t\t\t\t<div class=\"profile-details\">\n\t\t\t\t\t\n\t\t\t\t\t<div class=\"heading-size-small\">Ellen Cathrine Rasmussen<\/div>\n\n\t\t\t\t\t\t\t\t\t\t\t<div class=\"heading-size-smallest\">Executive Vice President, Green Infrastructure and Scalable Enterprises<\/div>\n\t\t\t\t\t\t\t\t\t<\/div>\n\n\t\t\t\t\t\t\t\t\t<\/div>\n\t<\/div>\n<\/section>\n","protected":false},"excerpt":{"rendered":"","protected":false},"author":1,"featured_media":0,"parent":0,"menu_order":21,"comment_status":"closed","ping_status":"closed","template":"","meta":{"_acf_changed":true,"footnotes":""},"class_list":["post-26197","page","type-page","status-publish","hentry"],"acf":[],"_links":{"self":[{"href":"https:\/\/www.norfund.no\/no\/wp-json\/wp\/v2\/pages\/26197","targetHints":{"allow":["GET"]}}],"collection":[{"href":"https:\/\/www.norfund.no\/no\/wp-json\/wp\/v2\/pages"}],"about":[{"href":"https:\/\/www.norfund.no\/no\/wp-json\/wp\/v2\/types\/page"}],"author":[{"embeddable":true,"href":"https:\/\/www.norfund.no\/no\/wp-json\/wp\/v2\/users\/1"}],"replies":[{"embeddable":true,"href":"https:\/\/www.norfund.no\/no\/wp-json\/wp\/v2\/comments?post=26197"}],"version-history":[{"count":0,"href":"https:\/\/www.norfund.no\/no\/wp-json\/wp\/v2\/pages\/26197\/revisions"}],"wp:attachment":[{"href":"https:\/\/www.norfund.no\/no\/wp-json\/wp\/v2\/media?parent=26197"}],"curies":[{"name":"wp","href":"https:\/\/api.w.org\/{rel}","templated":true}]}}