
{"id":26199,"date":"2025-05-08T11:20:33","date_gmt":"2025-05-08T09:20:33","guid":{"rendered":"https:\/\/norfundweb.wpenginepowered.com\/?page_id=26199"},"modified":"2026-03-11T14:42:03","modified_gmt":"2026-03-11T13:42:03","slug":"green-infrastructure","status":"publish","type":"page","link":"https:\/\/www.norfund.no\/no\/green-infrastructure\/","title":{"rendered":"Gr\u00f8nn infrastruktur"},"content":{"rendered":"\n<section id=\"acf-subpage-hero-block_34b4c5d1deb8947d692a5417923e12c7\" class=\"block-section subpage-hero banner-margin wp-block-acf-subpage-hero\">\n\n\n\t\t\n\t\t\t\t\t<div class=\"video-wrapper\">\n\t\t\t\t<video class=\"bg-video\" autoplay muted loop playsinline>\n\t\t\t\t\t<source src=\"https:\/\/www.norfund.no\/wp-content\/uploads\/2025\/06\/Green-Infrastructure-loop_1.mp4\" type=\"video\/mp4\" \/>\n\t\t\t\t<\/video>\n\t\t\t<\/div>\n\t\t\n\t\t\t\t\t<div class=\"overlay\"><\/div>\n\t\t\n\n\n\t\n\t\t<div class=\"block-section-wrapper element-width--full \">\n\t\t\t<div class=\"hero-content-with-backgound\" data-aos=\"fade-up\" data-aos-duration=\"500\" data-aos-delay=\"200\">\n\n\t\t\t\t\t\t\t\t\t<div class=\"hero-title \" tabindex=\"0\">\n\t\t\t\t\t\t<h2 class=\"heading-size-large\">Gr\u00f8nn infrastruktur<\/h2>\n\t\t\t\t\t<\/div>\n\t\t\t\t\n\t\t\t\t\t\t\t\t\t<div class=\"small-text\" tabindex=\"0\">\n\t\t\t\t\t\t<p>Forbedre grunnleggende infrastruktur<\/p>\n\t\t\t\t\t<\/div>\n\t\t\t\t\n\t\t\t<\/div>\n\t\t<\/div>\n\t\n<\/section>\n\n\n<section id=\"acf-article-block_f855ece054ee26da83951c76f6a1bf17\" data-anchor-title=\"Investment rationale\"class=\"block-section article block--less-spacing-top block--less-spacing-bottom wp-block-acf-article\">\n\t<div class=\"block-section-wrapper element-width--wide\" data-aos=\"fade-up\" data-aos-duration=\"500\" data-aos-delay=\"300\">\n\t\t<div class=\"acf-innerblocks-container\">\n\n<h2 class=\"wp-block-heading\">Hvorfor investere i gr\u00f8nn infrastruktur?<\/h2>\n\n\n\n<p>Den urbane befolkningen forventes \u00e5 n\u00e5 5 milliarder innen 2030. Byer over hele verden st\u00e5r overfor felles utfordringer som trafikkproblemer, mangelfull tilgang til grunnleggende tjenester som elektrisitet, vann og sanit\u00e6r, mangel p\u00e5 tilstrekkelig boligmasse, forfallende infrastruktur og \u00f8kende luftforurensning.<\/p>\n\n\n\n<p>I dag bor 883 millioner mennesker i slumomr\u00e5der globalt. Utfordringene knyttet til urbanisering kan imidlertid m\u00f8tes p\u00e5 m\u00e5ter som gj\u00f8r det mulig for byer \u00e5 vokse b\u00e6rekraftig, \u00f8ke ressursutnyttelsen, redusere forurensning og bekjempe fattigdom. Investeringer i prosjekter og private selskaper innen avfallsh\u00e5ndtering kan spille en sentral rolle i \u00e5 st\u00f8tte videre og b\u00e6rekraftig urban vekst.<\/p>\n\n\n\n<p>For \u00e5 styre innsatsen v\u00e5r og tydeliggj\u00f8re hvordan investeringene v\u00e5re bidrar til langsiktig utvikling, har Norfund utviklet en Theory of Change for investeringer i denne sektoren. Teorien beskriver problemet vi \u00f8nsker \u00e5 l\u00f8se, bidragene vi gir og trinnene der langsiktig effekt oppn\u00e5s.<\/p>\n\n<\/div>\n\t<\/div>\n<\/section>\n\n\n<section id=\"acf-buttons-group-block_4af621f1745ad13acc17d02c0f794875\" class=\"block-section buttons-group block--less-spacing-top block--less-spacing-bottom wp-block-acf-buttons-group\">\n\t<div class=\"block-section-wrapper element-width--medium\">\n\n\t\t\n\t\t\t\t<div class=\"buttons-grid single\">\n\t\t\t\n\t\t\t\t\n\t\t\t\t\t<a href=\"https:\/\/www.norfund.no\/annualreport-2024\/development-mandate\/investment-areas\/green-infrastructure\/\" class=\"button-item\" target=\"_blank\">\n\t\t\t\t\t\t<div class=\"button-content\">\n\t\t\t\t\t\t\t\t\t\t\t\t\t\t\t<h2 class=\"heading-size-small\">Les mer om v\u00e5re utviklingseffekter i \u00e5rsrapporten<\/h2>\n\t\t\t\t\t\t\t\t\t\t\t\t\t\t\t\t\t\t\t\t\t\t<p>Ved utgangen av \u00e5ret utgjorde Green Infrastructure-portef\u00f8ljen 429 millioner kroner fordelt p\u00e5 seks investeringer.<\/p>\n\t\t\t\t\t\t\t\t\t\t\t\t\t<\/div>\n\t\t\t\t\t\t<i class=\"icon icon-arrow-box\"><\/i>\n\t\t\t\t\t<\/a>\n\t\t\t\t\t\t\t\t\t<\/div>\n\t\t\n\n\t<\/div>\n<\/section>\n\n\n\n<section id=\"acf-box-over-wide-image-block_757f102b98584d7da1cdb6b4f2baa29f\" data-anchor-title=\"Ambisjoner\"class=\"block-section box-over-wide-image block--less-spacing-top block--less-spacing-bottom wp-block-acf-box-over-wide-image\">\n\t<div class=\"background is-desktop bottom\"\n\t\t background-position: center center; data-aos=\"fade-up\" data-aos-duration=\"500\" data-aos-delay=\"200\">\n\t\t\n\t\t<div class=\"block-section-wrapper element-width--full container\">\n\t\t\t<div class=\"investment-box right\" tabindex=\"0\" data-aos=\"fade-up\" data-aos-duration=\"500\" data-aos-delay=\"400\">\n\t\t\t\t\t\t\t\t\t<h2 class=\"heading-size-normal\">Ambisjoner<\/h2>\n\t\t\t\t\t\t\t\t\t\t\t\t\t<div class=\"text-container\"><p data-start=\"0\" data-end=\"59\">I strategien v\u00e5r for 2023\u20132026 er de definerte ambisjonene:<\/p>\n<ul>\n<li data-start=\"61\" data-end=\"179\"><strong>50 millioner<\/strong> kubikkmeter vann- og avl\u00f8psrensekapasitet muliggjort<\/li>\n<li data-start=\"61\" data-end=\"179\"><strong>20 000 tonn<\/strong> avfallsbehandlingskapasitet muliggjort<\/li>\n<\/ul>\n<\/div>\n\t\t\t\t\t\t\t\t\t\t\t<\/div>\n\t\t<\/div>\n\t<\/div>\n<\/section>\n\n<section id=\"acf-article-block_e2020bb37d22b6d997f3daa9eb263423\" data-anchor-title=\"Hva vi investerer i\"class=\"block-section article block--less-spacing-top block--less-spacing-bottom wp-block-acf-article\">\n\t<div class=\"block-section-wrapper element-width--wide\" data-aos=\"fade-up\" data-aos-duration=\"500\" data-aos-delay=\"300\">\n\t\t<div class=\"acf-innerblocks-container\">\n\n<h2 class=\"wp-block-heading heading-size-normal\">Hva vi investerer i<\/h2>\n\n\n\n<p>Green Infrastructure har som m\u00e5l \u00e5 forbedre grunnleggende infrastrukturtjenester innen:<\/p>\n\n\n\n<ul class=\"wp-block-list\">\n<li>Avfallsh\u00e5ndtering, inkludert waste-to-energy<\/li>\n\n\n\n<li>Vannforsyning og sanit\u00e6r, inkludert avl\u00f8psrensing<\/li>\n<\/ul>\n\n\n\n<p>Prioriteten er direkte investeringer i Afrika s\u00f8r for Sahara og i S\u00f8r- og S\u00f8r\u00f8st-Asia, men investeringer i fond vurderes ogs\u00e5 for \u00e5 f\u00e5 tilgang til ellers krevende markeder eller for \u00e5 bygge erfaring og nettverk.<\/p>\n\n\n\n<p>Investeringer i denne sektoren krever sterk teknologisk og markedsmessig kompetanse for \u00e5 identifisere kommersielt levedyktige prosjekter i segmenter med begrenset modenhet.<\/p>\n\n\n\n<p>Norfund foretrekker derfor \u00e5 investere i samarbeid med erfarne industripartnere som kan overf\u00f8re beste praksis til portef\u00f8ljeselskaper. Lokale eller regionale mindre akt\u00f8rer vurderes ogs\u00e5.<\/p>\n\n<\/div>\n\t<\/div>\n<\/section>\n\n\n<section id=\"acf-article-block_c191a06d78f0fdc8c92a5fca209ea6c1\" class=\"block-section article block--less-spacing-top block--less-spacing-bottom wp-block-acf-article\">\n\t<div class=\"block-section-wrapper element-width--wide\" data-aos=\"fade-up\" data-aos-duration=\"500\" data-aos-delay=\"300\">\n\t\t<div class=\"acf-innerblocks-container\">\n\n<figure class=\"wp-block-image size-large\"><img loading=\"lazy\" decoding=\"async\" width=\"1024\" height=\"683\" src=\"https:\/\/www.norfund.no\/wp-content\/uploads\/2025\/08\/53450674786_c3fababdf3_o-2-1024x683.jpg\" alt=\"\" class=\"wp-image-26403\" srcset=\"https:\/\/www.norfund.no\/wp-content\/uploads\/2025\/08\/53450674786_c3fababdf3_o-2-1024x683.jpg 1024w, https:\/\/www.norfund.no\/wp-content\/uploads\/2025\/08\/53450674786_c3fababdf3_o-2-300x200.jpg 300w, https:\/\/www.norfund.no\/wp-content\/uploads\/2025\/08\/53450674786_c3fababdf3_o-2-768x512.jpg 768w, https:\/\/www.norfund.no\/wp-content\/uploads\/2025\/08\/53450674786_c3fababdf3_o-2-1536x1024.jpg 1536w, https:\/\/www.norfund.no\/wp-content\/uploads\/2025\/08\/53450674786_c3fababdf3_o-2-2048x1365.jpg 2048w, https:\/\/www.norfund.no\/wp-content\/uploads\/2025\/08\/53450674786_c3fababdf3_o-2-1316x878.jpg 1316w, https:\/\/www.norfund.no\/wp-content\/uploads\/2025\/08\/53450674786_c3fababdf3_o-2-640x427.jpg 640w, https:\/\/www.norfund.no\/wp-content\/uploads\/2025\/08\/53450674786_c3fababdf3_o-2-220x147.jpg 220w, https:\/\/www.norfund.no\/wp-content\/uploads\/2025\/08\/53450674786_c3fababdf3_o-2-1156x771.jpg 1156w, https:\/\/www.norfund.no\/wp-content\/uploads\/2025\/08\/53450674786_c3fababdf3_o-2-450x300.jpg 450w\" sizes=\"auto, (max-width: 1024px) 100vw, 1024px\" \/><figcaption class=\"wp-element-caption\">WeCyclers i Nigeria<\/figcaption><\/figure>\n\n<\/div>\n\t<\/div>\n<\/section>\n\n\n\n<section id=\"acf-contact-person-block_7ed2d30be5f39f96f58e24bf8486520c\" class=\"block-section contact-person block--less-spacing-top block--less-spacing-bottom wp-block-acf-contact-person\">\n\t<div class=\"block-section-wrapper element-width--full\">\n\t\t<div class=\"profile-card\" tabindex=\"0\" data-aos=\"fade-up\" data-aos-duration=\"500\" data-aos-delay=\"300\">\n\t\t\t\t\t\t\t<div class=\"profile-image\">\n\t\t\t\t\t<img loading=\"lazy\" decoding=\"async\" width=\"588\" height=\"640\" src=\"https:\/\/www.norfund.no\/wp-content\/uploads\/2025\/05\/Ellen-588x640.jpg\" class=\"attachment-contact-person size-contact-person wp-post-image\" alt=\"\" \/>\t\t\t\t<\/div>\n\n\t\t\t\t<div class=\"profile-details\">\n\t\t\t\t\t\n\t\t\t\t\t<div class=\"heading-size-small\">Ellen Cathrine Rasmussen<\/div>\n\n\t\t\t\t\t\t\t\t\t\t\t<div class=\"heading-size-smallest\">Executive Vice President, Green Infrastructure and Scalable Enterprises<\/div>\n\t\t\t\t\t\t\t\t\t<\/div>\n\n\t\t\t\t\t\t\t\t\t<\/div>\n\t<\/div>\n<\/section>\n","protected":false},"excerpt":{"rendered":"","protected":false},"author":1,"featured_media":0,"parent":0,"menu_order":22,"comment_status":"closed","ping_status":"closed","template":"","meta":{"_acf_changed":true,"footnotes":""},"class_list":["post-26199","page","type-page","status-publish","hentry"],"acf":[],"_links":{"self":[{"href":"https:\/\/www.norfund.no\/no\/wp-json\/wp\/v2\/pages\/26199","targetHints":{"allow":["GET"]}}],"collection":[{"href":"https:\/\/www.norfund.no\/no\/wp-json\/wp\/v2\/pages"}],"about":[{"href":"https:\/\/www.norfund.no\/no\/wp-json\/wp\/v2\/types\/page"}],"author":[{"embeddable":true,"href":"https:\/\/www.norfund.no\/no\/wp-json\/wp\/v2\/users\/1"}],"replies":[{"embeddable":true,"href":"https:\/\/www.norfund.no\/no\/wp-json\/wp\/v2\/comments?post=26199"}],"version-history":[{"count":0,"href":"https:\/\/www.norfund.no\/no\/wp-json\/wp\/v2\/pages\/26199\/revisions"}],"wp:attachment":[{"href":"https:\/\/www.norfund.no\/no\/wp-json\/wp\/v2\/media?parent=26199"}],"curies":[{"name":"wp","href":"https:\/\/api.w.org\/{rel}","templated":true}]}}