
{"id":27266,"date":"2025-10-15T12:04:36","date_gmt":"2025-10-15T10:04:36","guid":{"rendered":"https:\/\/norfundweb.wpenginepowered.com\/?page_id=27266"},"modified":"2025-12-01T11:05:20","modified_gmt":"2025-12-01T10:05:20","slug":"ukraine-investment-fund","status":"publish","type":"page","link":"https:\/\/www.norfund.no\/no\/ukraine-investment-fund\/","title":{"rendered":"Ukraina-fondet"},"content":{"rendered":"\n<section id=\"acf-subpage-hero-block_e216c0356bd81c84cc62d4149edd23c9\" class=\"block-section subpage-hero banner-margin wp-block-acf-subpage-hero\">\n\n\n\t\t\t\t\t<div class=\"image-wrapper\" style='background-image: url(https:\/\/www.norfund.no\/wp-content\/uploads\/2025\/10\/maksym-diachenko-YWi4CseEX4E-unsplash.jpg);background-position: top 0 ;'><\/div>\n\t\t\n\t\t\n\t\t\n\n\n\t\n\t\t<div class=\"block-section-wrapper element-width--full \">\n\t\t\t<div class=\"hero-content-with-backgound\" data-aos=\"fade-up\" data-aos-duration=\"500\" data-aos-delay=\"200\">\n\n\t\t\t\t\t\t\t\t\t<div class=\"hero-title \" tabindex=\"0\">\n\t\t\t\t\t\t<h2 class=\"heading-size-large\">Ukraina-fondet<\/h2>\n\t\t\t\t\t<\/div>\n\t\t\t\t\n\t\t\t\t\n\t\t\t<\/div>\n\t\t<\/div>\n\t\n<\/section>\n\n\n<section id=\"acf-article-block_14820a2d82e69ea04031578f5531db43\" data-anchor-title=\"Bakgrunn\"class=\"block-section article block--less-spacing-top block--less-spacing-bottom wp-block-acf-article\">\n\t<div class=\"block-section-wrapper element-width--wide\" data-aos=\"fade-up\" data-aos-duration=\"500\" data-aos-delay=\"300\">\n\t\t<div class=\"acf-innerblocks-container\">\n\n<h3 class=\"wp-block-heading\">Den norske regjeringen har gitt Norfund et mandat til \u00e5 investere i Ukraina gjennom et eget Ukraina-fond, for \u00e5 st\u00f8tte landets gjenoppbygging og bidra til en robust \u00f8konomi.<\/h3>\n\n\n\n<p>Russlands invasjon har f\u00f8rt til omfattende \u00f8deleggelser i hele Ukraina: kritisk infrastruktur, energisystemer, boliger og industri er skadet eller \u00f8delagt. Landet st\u00e5r overfor en akutt oppgave med gjenoppbygging. Den norske regjeringen har gitt Norfund et s\u00e6rskilt mandat til \u00e5 investere gjennom et eget Ukraina-fond under Nansen-programmet.<\/p>\n\n\n\n<p>Ukraina-investeringsfondet skal kanalisere kapital til bedrifter og infrastrukturprosjekter som spiller en sentral rolle i gjenoppbyggingen og den langsiktige utviklingen av landet, prosjekter som trolig ikke ville f\u00e5tt finansiering under normale markedsforhold p\u00e5 grunn av den h\u00f8ye risikoen.<\/p>\n\n\n\n<p>Det er allerede bevilget 500 millioner kroner til mandatet, med mulighet for ytterligere tildelinger i \u00e5rene som kommer.<\/p>\n\n<\/div>\n\t<\/div>\n<\/section>\n\n\n\n<section id=\"acf-box-over-wide-image-block_edefd12f931b032550e4f77ca09420da\" data-anchor-title=\"Form\u00e5l\"class=\"block-section box-over-wide-image block--less-spacing-top block--less-spacing-bottom wp-block-acf-box-over-wide-image\">\n\t<div class=\"background is-desktop top\"\n\t\tstyle=\"background-image: url(https:\/\/www.norfund.no\/wp-content\/uploads\/2025\/10\/vika-strawberrika-Mxdis9InKWs-unsplash-2.jpg); background-position: center center; data-aos=\"fade-up\" data-aos-duration=\"500\" data-aos-delay=\"200\">\n\t\t\n\t\t<div class=\"block-section-wrapper element-width--full container\">\n\t\t\t<div class=\"investment-box left\" tabindex=\"0\" data-aos=\"fade-up\" data-aos-duration=\"500\" data-aos-delay=\"400\">\n\t\t\t\t\t\t\t\t\t<h2 class=\"heading-size-normal\">Form\u00e5l<\/h2>\n\t\t\t\t\t\t\t\t\t\t\t\t\t<div class=\"text-container\"><p class=\"p1\">Ukraina-fondets form\u00e5l er \u00e5 medvirke til utvikling av b\u00e6rekraftig n\u00e6ringsvirksomhet og jobbskaping i Ukraina. Fondet skal bidra til investeringer som ellers ikke ville blitt gjennomf\u00f8rt som f\u00f8lge av den h\u00f8ye risikoen i Ukraina. Ukraina-fondet skal bidra til mobilisering av privat kapital ved at private investorer investerer sammen med fondet, eller inspirert av fondet.<\/p>\n<\/div>\n\t\t\t\t\t\t\t\t\t\t\t\t\t<a class=\"stm-button link-btn\" href=\"https:\/\/www.norfund.no\/wp-content\/uploads\/2024\/12\/Instruks-Norfund-Ukraina11.12.24-.pdf\" target=\"_blank\">Instruks<\/a>\n\t\t\t\t\t\t\t<\/div>\n\t\t<\/div>\n\t<\/div>\n<\/section>\n\n\n<section id=\"acf-accordion-block_598e57be3a7f03c406d9da989a71907c\" data-anchor-title=\"Hva vil tilbyr\"class=\"block-section accordion block--less-spacing-top block--less-spacing-bottom wp-block-acf-accordion\">\n\t<div class=\"block-section-wrapper element-width--medium accordion-wide\" data-aos=\"fade-up\" data-aos-duration=\"500\" data-aos-delay=\"300\">\n\n\t\t<div class=\"accordion-intro\"><h2 class=\"heading-size-normal\" tabindex=\"0\">Hva vi tilbyr<\/h2><div class=\"text-wrapper\" tabindex=\"0\"><p style=\"text-align: left\">Norfund er en kommersiell investor, og finansiell avkastning er en forutsetning for v\u00e5re investeringer. Selskaper overlever kun dersom de er l\u00f8nnsomme over tid, derfor er l\u00f8nnsomhet avgj\u00f8rende for \u00e5 skape b\u00e6rekraftige arbeidsplasser og varige utviklingseffekter. \u00c5 levere positiv avkastning er ogs\u00e5 viktig for at Norfund skal v\u00e6re katalytisk og mobilisere private investorer til \u00e5 investere sammen med oss \u2013 eller p\u00e5 bakgrunn av oss. Vi har som m\u00e5l \u00e5 g\u00e5 ut av investeringene n\u00e5r vi ikke lenger er n\u00f8dvendige, slik at kapitalen kan reinvesteres i nye muligheter.<\/p>\n<\/div><\/div>\n\t\t<div class=\"accordion-wrapper\">\n\t\t\t<div class=\"accordion-item\">\n\t<div class=\"accordion-header\" tabindex=\"0\" role=\"button\" aria-expanded=\"false\">\n\t\t<h3>Investeringstiln\u00e6rming<\/h3>\n\t\t<i class=\"icon icon-arrow-down\"><\/i>\n\t<\/div>\n\t<div class=\"accordion-body\">\n\t\t<ul>\n<li><strong>Instrument: <\/strong>Norfund provides financing through both debt and equity<strong>, <\/strong>and we are flexible in our Instrument: Norfund tilbyr finansiering b\u00e5de gjennom l\u00e5n og egenkapital, og vi er fleksible i v\u00e5r tiln\u00e6rming for \u00e5 sikre at vi finner riktig instrument for hver transaksjon.<\/li>\n<li><strong>Minoritetsinvestorer<\/strong>: Norfund tar alltid minoritetsposisjoner, med en maksimal eierandel p\u00e5 33 prosent.<\/li>\n<li><strong>Ticket size<\/strong>: Typisk investeringsst\u00f8rrelse ligger mellom 5 og 25 millioner dollar.<\/li>\n<li><strong>Modenhet<\/strong>: Vi retter oss mot selskaper i vekstfasen eller med planer om ekspansjon.<br data-start=\"446\" data-end=\"449\" \/>Sekund\u00e6rkapital: Norfund prioriterer vekstkapital og g\u00e5r ikke inn i sekund\u00e6r- eller oppkj\u00f8pstransaksjoner.<\/li>\n<\/ul>\n\t<\/div>\n<\/div><div class=\"accordion-item\">\n\t<div class=\"accordion-header\" tabindex=\"0\" role=\"button\" aria-expanded=\"false\">\n\t\t<h3>Verdibidrag<\/h3>\n\t\t<i class=\"icon icon-arrow-down\"><\/i>\n\t<\/div>\n\t<div class=\"accordion-body\">\n\t\t<ul>\n<li><strong>T\u00e5lmodig kapital<\/strong>: Norfund er en langsiktig investor som st\u00f8tter portef\u00f8ljeselskapene v\u00e5re til \u00e5 lykkes ogs\u00e5 etter at vi har g\u00e5tt ut av investeringen.<\/li>\n<li><strong>Sektorekspertise<\/strong>: Med 25 \u00e5rs investeringserfaring har vi inng\u00e5ende kunnskap om v\u00e5re prioriterte investeringsomr\u00e5der.<\/li>\n<li><strong>Smidig og rask<\/strong>: Norfund har lite byr\u00e5krati og effektive beslutningsprosesser, noe som gj\u00f8r oss i stand til \u00e5 samarbeide p\u00e5 en smidig m\u00e5te.<\/li>\n<li><strong>Langsiktig forpliktelse<\/strong>: Norfund er en anerkjent og profesjonell investor, og vi st\u00f8tter gjenoppbyggingen av Ukraina med et langsiktig perspektiv.<\/li>\n<\/ul>\n\t<\/div>\n<\/div><div class=\"accordion-item\">\n\t<div class=\"accordion-header\" tabindex=\"0\" role=\"button\" aria-expanded=\"false\">\n\t\t<h3>Prioriterte sektorer<\/h3>\n\t\t<i class=\"icon icon-arrow-down\"><\/i>\n\t<\/div>\n\t<div class=\"accordion-body\">\n\t\t<p>Ukraina-investeringsfondet bygger p\u00e5 Norfunds kjerneomr\u00e5der, der vi kan utnytte v\u00e5r kunnskap og ekspertise (se nedenfor).<\/p>\n\t<\/div>\n<\/div>\t\t<\/div>\n\n\t<\/div>\n<\/section>\n\n\n\n<section id=\"acf-shortcut-boxes-block_b7036344ceb8eb5486134b80be165819\" data-anchor-title=\"Prioriterte sektorer\"class=\"block-section shortcut-boxes block--less-spacing-top block--less-spacing-bottom wp-block-acf-shortcut-boxes\">\n\t<div class=\"block-section-wrapper element-width--full\">\n\t\t<div class=\"shortcut-cards \">\n\t\t\t\t\t\t\t\n\t\t\t\t\t<div class=\"card-details \" data-aos=\"fade-up\" data-aos-duration=\"500\" data-aos-delay=\"300\">\n\t\t\t\t\t\t\n\t\t\t\t\t\t<div class=\"icon big\">\n\t\t\t\t\t\t\t\t\t\t\t\t\t\t\t<img decoding=\"async\" src=\"https:\/\/www.norfund.no\/wp-content\/uploads\/2025\/08\/Icon.svg\" alt=\"\" \/>\n\n\t\t\t\t\t\t\t\n\t\t\t\t\t\t\t\t\t\t\t\t\t<\/div>\n\n\n\t\t\t\t\t\t\t\t\t\t\t\t\t<div class=\"title\">\n\t\t\t\t\t\t\t\tFornybar energi\t\t\t\t\t\t\t<\/div>\n\t\t\t\t\t\t\t\t\t\t\t\t\t\t\t\t\t\t\t<div class=\"description desc-btm\">\u00d8ke tilgangen til energi<\/div>\n\t\t\t\t\t\t\n\t\t\t\t\t\t\t\t\t\t\t\t\t\t<a id=\"itemLink1\" class=\"card-link\" href=\"https:\/\/www.norfund.no\/our-investments\/renewable-energy\/\" target=\"_self\">\n\t\t\t\t\t\t\t\t\t<img decoding=\"async\" src=\"https:\/\/www.norfund.no\/wp-content\/themes\/norfundweb\/src\/images\/icons\/link-arrow.svg\" alt=\"read-more\">\n\t\t\t\t\t\t\t\t<\/a>\n\t\t\t\t\t\t\t\t\t\t\t<\/div>\n\n\t\t\t\t\n\t\t\t\t\t<div class=\"card-details \" data-aos=\"fade-up\" data-aos-duration=\"500\" data-aos-delay=\"600\">\n\t\t\t\t\t\t\n\t\t\t\t\t\t<div class=\"icon big\">\n\t\t\t\t\t\t\t\t\t\t\t\t\t\t\t<img decoding=\"async\" src=\"https:\/\/www.norfund.no\/wp-content\/uploads\/2025\/08\/Icon-1.svg\" alt=\"\" \/>\n\n\t\t\t\t\t\t\t\n\t\t\t\t\t\t\t\t\t\t\t\t\t<\/div>\n\n\n\t\t\t\t\t\t\t\t\t\t\t\t\t<div class=\"title\">\n\t\t\t\t\t\t\t\tFinansiell inkludering\t\t\t\t\t\t\t<\/div>\n\t\t\t\t\t\t\t\t\t\t\t\t\t\t\t\t\t\t\t<div class=\"description desc-btm\">Utvide tilgangen til finansiering<\/div>\n\t\t\t\t\t\t\n\t\t\t\t\t\t\t\t\t\t\t\t\t\t<a id=\"itemLink2\" class=\"card-link\" href=\"https:\/\/www.norfund.no\/our-investments\/financial-inclusion\/\" target=\"_self\">\n\t\t\t\t\t\t\t\t\t<img decoding=\"async\" src=\"https:\/\/www.norfund.no\/wp-content\/themes\/norfundweb\/src\/images\/icons\/link-arrow.svg\" alt=\"read-more\">\n\t\t\t\t\t\t\t\t<\/a>\n\t\t\t\t\t\t\t\t\t\t\t<\/div>\n\n\t\t\t\t\n\t\t\t\t\t<div class=\"card-details \" data-aos=\"fade-up\" data-aos-duration=\"500\" data-aos-delay=\"900\">\n\t\t\t\t\t\t\n\t\t\t\t\t\t<div class=\"icon big\">\n\t\t\t\t\t\t\t\t\t\t\t\t\t\t\t<img decoding=\"async\" src=\"https:\/\/www.norfund.no\/wp-content\/uploads\/2025\/06\/Renewable-energy.svg\" alt=\"\" \/>\n\n\t\t\t\t\t\t\t\n\t\t\t\t\t\t\t\t\t\t\t\t\t<\/div>\n\n\n\t\t\t\t\t\t\t\t\t\t\t\t\t<div class=\"title\">\n\t\t\t\t\t\t\t\tVekstkraftige virksomheter\t\t\t\t\t\t\t<\/div>\n\t\t\t\t\t\t\t\t\t\t\t\t\t\t\t\t\t\t\t<div class=\"description desc-btm\">Bygge selskaper og skape jobber<\/div>\n\t\t\t\t\t\t\n\t\t\t\t\t\t\t\t\t\t\t\t\t\t<a id=\"itemLink3\" class=\"card-link\" href=\"https:\/\/www.norfund.no\/our-investments\/scalable-entreprises\/\" target=\"_self\">\n\t\t\t\t\t\t\t\t\t<img decoding=\"async\" src=\"https:\/\/www.norfund.no\/wp-content\/themes\/norfundweb\/src\/images\/icons\/link-arrow.svg\" alt=\"read-more\">\n\t\t\t\t\t\t\t\t<\/a>\n\t\t\t\t\t\t\t\t\t\t\t<\/div>\n\n\t\t\t\t\n\t\t\t\t\t<div class=\"card-details \" data-aos=\"fade-up\" data-aos-duration=\"500\" data-aos-delay=\"1200\">\n\t\t\t\t\t\t\n\t\t\t\t\t\t<div class=\"icon big\">\n\t\t\t\t\t\t\t\t\t\t\t\t\t\t\t<img decoding=\"async\" src=\"https:\/\/www.norfund.no\/wp-content\/uploads\/2025\/08\/Icon-3.svg\" alt=\"\" \/>\n\n\t\t\t\t\t\t\t\n\t\t\t\t\t\t\t\t\t\t\t\t\t<\/div>\n\n\n\t\t\t\t\t\t\t\t\t\t\t\t\t<div class=\"title\">\n\t\t\t\t\t\t\t\tGr\u00f8nn infrastruktur\t\t\t\t\t\t\t<\/div>\n\t\t\t\t\t\t\t\t\t\t\t\t\t\t\t\t\t\t\t<div class=\"description desc-btm\">Forbedre grunnleggende infrastruktur<\/div>\n\t\t\t\t\t\t\n\t\t\t\t\t\t\t\t\t\t\t\t\t\t<a id=\"itemLink4\" class=\"card-link\" href=\"https:\/\/www.norfund.no\/our-investments\/green-infrastructure\/\" target=\"_self\">\n\t\t\t\t\t\t\t\t\t<img decoding=\"async\" src=\"https:\/\/www.norfund.no\/wp-content\/themes\/norfundweb\/src\/images\/icons\/link-arrow.svg\" alt=\"read-more\">\n\t\t\t\t\t\t\t\t<\/a>\n\t\t\t\t\t\t\t\t\t\t\t<\/div>\n\n\t\t\t\t\t\t\t\t\t<\/div>\n\t<\/div>\n<\/section>\n\n<section id=\"acf-buttons-group-block_0061efc0baa4d5f550841ab465c07a80\" class=\"block-section buttons-group block--less-spacing-top block--less-spacing-bottom wp-block-acf-buttons-group\">\n\t<div class=\"block-section-wrapper element-width--medium\">\n\n\t\t\n\t\t\t\t<div class=\"buttons-grid single\">\n\t\t\t\n\t\t\t\t\n\t\t\t\t\t<a href=\"https:\/\/www.norfund.no\/our-people\/contact-us\/\" class=\"button-item\" target=\"_self\">\n\t\t\t\t\t\t<div class=\"button-content\">\n\t\t\t\t\t\t\t\t\t\t\t\t\t\t\t<h2 class=\"heading-size-small\">Mer om Norfund som investor<\/h2>\n\t\t\t\t\t\t\t\t\t\t\t\t\t\t\t\t\t\t\t\t\t\t<p>Norfund investerer p\u00e5 kommersielle vilk\u00e5r. Vi er en aktiv investor som tilbyr langsiktig, t\u00e5lmodig kapital. Vi jobber for \u00e5 v\u00e6re effektive og ha korte beslutningsprosesser.<\/p>\n\t\t\t\t\t\t\t\t\t\t\t\t\t<\/div>\n\t\t\t\t\t\t<i class=\"icon icon-arrow-box\"><\/i>\n\t\t\t\t\t<\/a>\n\t\t\t\t\t\t\t\t\t<\/div>\n\t\t\n\n\t<\/div>\n<\/section>\n","protected":false},"excerpt":{"rendered":"","protected":false},"author":1,"featured_media":0,"parent":0,"menu_order":7,"comment_status":"closed","ping_status":"closed","template":"","meta":{"_acf_changed":true,"footnotes":""},"class_list":["post-27266","page","type-page","status-publish","hentry"],"acf":[],"_links":{"self":[{"href":"https:\/\/www.norfund.no\/no\/wp-json\/wp\/v2\/pages\/27266","targetHints":{"allow":["GET"]}}],"collection":[{"href":"https:\/\/www.norfund.no\/no\/wp-json\/wp\/v2\/pages"}],"about":[{"href":"https:\/\/www.norfund.no\/no\/wp-json\/wp\/v2\/types\/page"}],"author":[{"embeddable":true,"href":"https:\/\/www.norfund.no\/no\/wp-json\/wp\/v2\/users\/1"}],"replies":[{"embeddable":true,"href":"https:\/\/www.norfund.no\/no\/wp-json\/wp\/v2\/comments?post=27266"}],"version-history":[{"count":0,"href":"https:\/\/www.norfund.no\/no\/wp-json\/wp\/v2\/pages\/27266\/revisions"}],"wp:attachment":[{"href":"https:\/\/www.norfund.no\/no\/wp-json\/wp\/v2\/media?parent=27266"}],"curies":[{"name":"wp","href":"https:\/\/api.w.org\/{rel}","templated":true}]}}