
{"id":27282,"date":"2025-05-08T11:28:36","date_gmt":"2025-05-08T09:28:36","guid":{"rendered":"https:\/\/norfundweb.wpenginepowered.com\/?page_id=27282"},"modified":"2025-12-16T09:59:46","modified_gmt":"2025-12-16T08:59:46","slug":"financial-results","status":"publish","type":"page","link":"https:\/\/www.norfund.no\/no\/financial-results\/","title":{"rendered":"Finansielle resultater"},"content":{"rendered":"\n<section id=\"acf-subpage-hero-block_cc203349d004c270838e601efb251a5b\" class=\"block-section subpage-hero banner-margin wp-block-acf-subpage-hero\">\n\n\n\t\t\t\t\t<div class=\"image-wrapper\" style='background-image: url(https:\/\/www.norfund.no\/wp-content\/uploads\/2025\/10\/52851219728_77f55861f7_k_compressed.jpg);background-position: top 300 ;'><\/div>\n\t\t\n\t\t\n\t\t\n\n\n\t\n\t\t<div class=\"block-section-wrapper element-width--full \">\n\t\t\t<div class=\"hero-content-with-backgound\" data-aos=\"fade-up\" data-aos-duration=\"500\" data-aos-delay=\"200\">\n\n\t\t\t\t\t\t\t\t\t<div class=\"hero-title \" tabindex=\"0\">\n\t\t\t\t\t\t<h2 class=\"heading-size-large\">Finansielle resultater<\/h2>\n\t\t\t\t\t<\/div>\n\t\t\t\t\n\t\t\t\t\n\t\t\t<\/div>\n\t\t<\/div>\n\t\n<\/section>\n\n\n<section id=\"acf-article-block_a579dfe5e6298720f489e986053fb7a1\" class=\"block-section article wp-block-acf-article\">\n\t<div class=\"block-section-wrapper element-width--wide\" data-aos=\"fade-up\" data-aos-duration=\"500\" data-aos-delay=\"300\">\n\t\t<div class=\"acf-innerblocks-container\">\n\n<h3 class=\"wp-block-heading heading-size-normal\">L\u00f8nnsomhet er avgj\u00f8rende for \u00e5 skape b\u00e6rekraftige arbeidsplasser og varige utviklingseffekter.<\/h3>\n\n\n\n<p>Norfund styrker l\u00f8nnsomhet og utviklingseffekter gjennom aktivt eierskap og st\u00f8tte til forretningsutvikling.<\/p>\n\n<\/div>\n\t<\/div>\n<\/section>\n\n\n<section id=\"acf-buttons-group-block_fff2ee31e1c30cbbda19e27a95f19684\" class=\"block-section buttons-group wp-block-acf-buttons-group\">\n\t<div class=\"block-section-wrapper element-width--medium\">\n\n\t\t\t\t\t<header>\n\t\t\t\t<h1 class=\"heading-size-small\">Read about our latest financial results in our annual report<\/h1>\n\t\t\t<\/header>\n\t\t\n\t\t\t\t<div class=\"buttons-grid \">\n\t\t\t\n\t\t\t\t\n\t\t\t\t\t<a href=\"https:\/\/www.norfund.no\/annualreport-2024\/development-mandate\/financial-results\/\" class=\"button-item\" target=\"_blank\">\n\t\t\t\t\t\t<div class=\"button-content\">\n\t\t\t\t\t\t\t\t\t\t\t\t\t\t\t<h2 class=\"heading-size-small\">Utviklingsmandatet<\/h2>\n\t\t\t\t\t\t\t\t\t\t\t\t\t\t\t\t\t\t\t\t\t\t<p>Finansielle resultater<\/p>\n\t\t\t\t\t\t\t\t\t\t\t\t\t<\/div>\n\t\t\t\t\t\t<i class=\"icon icon-arrow-box\"><\/i>\n\t\t\t\t\t<\/a>\n\t\t\t\t\t\t\t\n\t\t\t\t\n\t\t\t\t\t<a href=\"https:\/\/www.norfund.no\/annualreport-2024\/climate-mandate\/financial-results-climate-mandate\/\" class=\"button-item\" target=\"_blank\">\n\t\t\t\t\t\t<div class=\"button-content\">\n\t\t\t\t\t\t\t\t\t\t\t\t\t\t\t<h2 class=\"heading-size-small\">Klimamandatet<\/h2>\n\t\t\t\t\t\t\t\t\t\t\t\t\t\t\t\t\t\t\t\t\t\t<p>Finansielle resultater<\/p>\n\t\t\t\t\t\t\t\t\t\t\t\t\t<\/div>\n\t\t\t\t\t\t<i class=\"icon icon-arrow-box\"><\/i>\n\t\t\t\t\t<\/a>\n\t\t\t\t\t\t\t\t\t<\/div>\n\t\t\n\n\t<\/div>\n<\/section>\n\n\n\n<section id=\"acf-key-figures-block_8fcf627261de6d0827c0a5e1348594b1\" class=\"block-section key-figures wp-block-acf-key-figures\">\n\t<div class=\"block-section-wrapper element-width--full\">\n\t\t<div class=\"section_title\">\n\t\t\t\t\t\t\t<h2 class=\"heading-size-large\">Finansielle resultater<\/h2>\n\t\t\t\n\t\t\t\t\t\t\t<h3 class=\"heading-size-small\">Siden oppstart<\/h3>\n\t\t\t\t\t<\/div>\n\n\t\t\t\t\t<div class=\"key-figures__grid\">\n\t\t\t\t\t\t\t\t\t<div class=\"key-figures__grid-item size-small height-tall has-green-background-color\" data-aos=\"fade-up\" data-aos-duration=\"500\" data-aos-delay=\"200\" tabindex=\"0\">\n\t\t\t\t\t\t<div class=\"key_figures__figure-holder\">\n\t\t\t\t\t\t\t<div class=\"key_figures__number\">\n\t\t\t\t\t\t\t\t43,2 \t\t\t\t\t\t\t<\/div>\n\t\t\t\t\t\t\t<h3 class=\"title\">mrd. NOK<\/h3>\n\n\t\t\t\t\t\t\t\t\t\t\t\t\t\t\t<div class=\"short-info\">\n\t\t\t\t\t\t\t\t\ti total portef\u00f8lje\t\t\t\t\t\t\t\t<\/div>\n\t\t\t\t\t\t\t\t\t\t\t\t\t<\/div>\n\t\t\t\t\t<\/div>\n\t\t\t\t\t\t\t\t\t<div class=\"key-figures__grid-item size-medium height-tall has-green-background-color\" data-aos=\"fade-up\" data-aos-duration=\"500\" data-aos-delay=\"400\" tabindex=\"0\">\n\t\t\t\t\t\t<div class=\"key_figures__figure-holder\">\n\t\t\t\t\t\t\t<div class=\"key_figures__number\">\n\t\t\t\t\t\t\t\t5,2 %\t\t\t\t\t\t\t<\/div>\n\t\t\t\t\t\t\t<h3 class=\"title\">avkastning<\/h3>\n\n\t\t\t\t\t\t\t\t\t\t\t\t\t\t\t<div class=\"short-info\">\n\t\t\t\t\t\t\t\t\ti investeringsvaluta (8,7 prosent i NOK)\t\t\t\t\t\t\t\t<\/div>\n\t\t\t\t\t\t\t\t\t\t\t\t\t<\/div>\n\t\t\t\t\t<\/div>\n\t\t\t\t\t\t\t\t\t<div class=\"key-figures__grid-item size-small height-short has-green-background-color\" data-aos=\"fade-up\" data-aos-duration=\"500\" data-aos-delay=\"600\" tabindex=\"0\">\n\t\t\t\t\t\t<div class=\"key_figures__figure-holder\">\n\t\t\t\t\t\t\t<div class=\"key_figures__number\">\n\t\t\t\t\t\t\t\t245\t\t\t\t\t\t\t<\/div>\n\t\t\t\t\t\t\t<h3 class=\"title\">direkte investeringer<\/h3>\n\n\t\t\t\t\t\t\t\t\t\t\t\t\t<\/div>\n\t\t\t\t\t<\/div>\n\t\t\t\t\t\t\t\t\t<div class=\"key-figures__grid-item size-medium height-short has-green-background-color\" data-aos=\"fade-up\" data-aos-duration=\"500\" data-aos-delay=\"800\" tabindex=\"0\">\n\t\t\t\t\t\t<div class=\"key_figures__figure-holder\">\n\t\t\t\t\t\t\t<div class=\"key_figures__number\">\n\t\t\t\t\t\t\t\t1 050\t\t\t\t\t\t\t<\/div>\n\t\t\t\t\t\t\t<h3 class=\"title\">indirekte investeringer<\/h3>\n\n\t\t\t\t\t\t\t\t\t\t\t\t\t<\/div>\n\t\t\t\t\t<\/div>\n\t\t\t\t\t\t\t<\/div>\n\t\t\t<\/div>\n<\/section>\n\n\n\n\n<section id=\"acf-key-figures-block_255c573ff413512824131d8f7bfb3869\" class=\"block-section key-figures wp-block-acf-key-figures\">\n\t<div class=\"block-section-wrapper element-width--full\">\n\t\t<div class=\"section_title\">\n\t\t\t\t\t\t\t<h2 class=\"heading-size-large\">Finansielle resultater<\/h2>\n\t\t\t\n\t\t\t\t\t\t\t<h3 class=\"heading-size-small\">i 2024<\/h3>\n\t\t\t\t\t<\/div>\n\n\t\t\t\t\t<div class=\"key-figures__grid\">\n\t\t\t\t\t\t\t\t\t<div class=\"key-figures__grid-item size-medium height-tall has-blue-background-color\" data-aos=\"fade-up\" data-aos-duration=\"500\" data-aos-delay=\"200\" tabindex=\"0\">\n\t\t\t\t\t\t<div class=\"key_figures__figure-holder\">\n\t\t\t\t\t\t\t<div class=\"key_figures__number\">\n\t\t\t\t\t\t\t\t7,7\t\t\t\t\t\t\t<\/div>\n\t\t\t\t\t\t\t<h3 class=\"title\">mrd. NOK<\/h3>\n\n\t\t\t\t\t\t\t\t\t\t\t\t\t\t\t<div class=\"short-info\">\n\t\t\t\t\t\t\t\t\ti nye kommitteringer\t\t\t\t\t\t\t\t<\/div>\n\t\t\t\t\t\t\t\t\t\t\t\t\t<\/div>\n\t\t\t\t\t<\/div>\n\t\t\t\t\t\t\t\t\t<div class=\"key-figures__grid-item size-small height-tall has-blue-background-color\" data-aos=\"fade-up\" data-aos-duration=\"500\" data-aos-delay=\"400\" tabindex=\"0\">\n\t\t\t\t\t\t<div class=\"key_figures__figure-holder\">\n\t\t\t\t\t\t\t<div class=\"key_figures__number\">\n\t\t\t\t\t\t\t\t7,8\t\t\t\t\t\t\t<\/div>\n\t\t\t\t\t\t\t<h3 class=\"title\">mrd. NOK<\/h3>\n\n\t\t\t\t\t\t\t\t\t\t\t\t\t\t\t<div class=\"short-info\">\n\t\t\t\t\t\t\t\t\tmobilisert privat kapital\t\t\t\t\t\t\t\t<\/div>\n\t\t\t\t\t\t\t\t\t\t\t\t\t<\/div>\n\t\t\t\t\t<\/div>\n\t\t\t\t\t\t\t\t\t<div class=\"key-figures__grid-item size-wide height-short has-blue-background-color\" data-aos=\"fade-up\" data-aos-duration=\"500\" data-aos-delay=\"600\" tabindex=\"0\">\n\t\t\t\t\t\t<div class=\"key_figures__figure-holder\">\n\t\t\t\t\t\t\t<div class=\"key_figures__number\">\n\t\t\t\t\t\t\t\t1%\t\t\t\t\t\t\t<\/div>\n\t\t\t\t\t\t\t<h3 class=\"title\">driftskostnader for kommittert portef\u00f8lje<\/h3>\n\n\t\t\t\t\t\t\t\t\t\t\t\t\t<\/div>\n\t\t\t\t\t<\/div>\n\t\t\t\t\t\t\t<\/div>\n\t\t\t<\/div>\n<\/section>\n\n\n\n\n<figure class=\"wp-block-image size-full\"><img loading=\"lazy\" decoding=\"async\" width=\"2048\" height=\"1152\" src=\"https:\/\/www.norfund.no\/wp-content\/uploads\/2025\/10\/rtgr.jpg\" alt=\"\" class=\"wp-image-26978\" srcset=\"https:\/\/www.norfund.no\/wp-content\/uploads\/2025\/10\/rtgr.jpg 2048w, https:\/\/www.norfund.no\/wp-content\/uploads\/2025\/10\/rtgr-300x169.jpg 300w, https:\/\/www.norfund.no\/wp-content\/uploads\/2025\/10\/rtgr-1024x576.jpg 1024w, https:\/\/www.norfund.no\/wp-content\/uploads\/2025\/10\/rtgr-768x432.jpg 768w, https:\/\/www.norfund.no\/wp-content\/uploads\/2025\/10\/rtgr-1536x864.jpg 1536w, https:\/\/www.norfund.no\/wp-content\/uploads\/2025\/10\/rtgr-502x282.jpg 502w, https:\/\/www.norfund.no\/wp-content\/uploads\/2025\/10\/rtgr-397x223.jpg 397w, https:\/\/www.norfund.no\/wp-content\/uploads\/2025\/10\/rtgr-658x370.jpg 658w, https:\/\/www.norfund.no\/wp-content\/uploads\/2025\/10\/rtgr-640x360.jpg 640w, https:\/\/www.norfund.no\/wp-content\/uploads\/2025\/10\/rtgr-110x62.jpg 110w, https:\/\/www.norfund.no\/wp-content\/uploads\/2025\/10\/rtgr-220x124.jpg 220w, https:\/\/www.norfund.no\/wp-content\/uploads\/2025\/10\/rtgr-578x325.jpg 578w, https:\/\/www.norfund.no\/wp-content\/uploads\/2025\/10\/rtgr-533x300.jpg 533w\" sizes=\"auto, (max-width: 2048px) 100vw, 2048px\" \/><\/figure>\n","protected":false},"excerpt":{"rendered":"","protected":false},"author":1,"featured_media":0,"parent":0,"menu_order":19,"comment_status":"closed","ping_status":"closed","template":"","meta":{"_acf_changed":true,"footnotes":""},"class_list":["post-27282","page","type-page","status-publish","hentry"],"acf":[],"_links":{"self":[{"href":"https:\/\/www.norfund.no\/no\/wp-json\/wp\/v2\/pages\/27282","targetHints":{"allow":["GET"]}}],"collection":[{"href":"https:\/\/www.norfund.no\/no\/wp-json\/wp\/v2\/pages"}],"about":[{"href":"https:\/\/www.norfund.no\/no\/wp-json\/wp\/v2\/types\/page"}],"author":[{"embeddable":true,"href":"https:\/\/www.norfund.no\/no\/wp-json\/wp\/v2\/users\/1"}],"replies":[{"embeddable":true,"href":"https:\/\/www.norfund.no\/no\/wp-json\/wp\/v2\/comments?post=27282"}],"version-history":[{"count":0,"href":"https:\/\/www.norfund.no\/no\/wp-json\/wp\/v2\/pages\/27282\/revisions"}],"wp:attachment":[{"href":"https:\/\/www.norfund.no\/no\/wp-json\/wp\/v2\/media?parent=27282"}],"curies":[{"name":"wp","href":"https:\/\/api.w.org\/{rel}","templated":true}]}}