
{"id":27284,"date":"2025-05-08T11:28:53","date_gmt":"2025-05-08T09:28:53","guid":{"rendered":"https:\/\/norfundweb.wpenginepowered.com\/our-results\/publication\/"},"modified":"2026-03-27T13:27:17","modified_gmt":"2026-03-27T12:27:17","slug":"publication","status":"publish","type":"page","link":"https:\/\/www.norfund.no\/no\/publication\/","title":{"rendered":"Publikasjoner"},"content":{"rendered":"\n<section id=\"acf-subpage-hero-block_d59790f65d7f4d3c2f187b838a136b86\" class=\"block-section subpage-hero banner-margin wp-block-acf-subpage-hero\">\n\n\n\t\t\t\t\t<div class=\"image-wrapper\" style='background-image: url(https:\/\/www.norfund.no\/wp-content\/uploads\/2025\/10\/52433327582_e92eefb10b_o_compressed.jpg);background-position: top 20 ;'><\/div>\n\t\t\n\t\t\n\t\t\n\n\n\t\n\t\t<div class=\"block-section-wrapper element-width--full \">\n\t\t\t<div class=\"hero-content-with-backgound\" data-aos=\"fade-up\" data-aos-duration=\"500\" data-aos-delay=\"200\">\n\n\t\t\t\t\t\t\t\t\t<div class=\"hero-title full\" tabindex=\"0\">\n\t\t\t\t\t\t<h2 class=\"heading-size-large\">Publikasjoner<\/h2>\n\t\t\t\t\t<\/div>\n\t\t\t\t\n\t\t\t\t\n\t\t\t<\/div>\n\t\t<\/div>\n\t\n<\/section>\n\n\n<section id=\"acf-article-block_a68e50f03078999aa5f5fedd1057cbc8\" class=\"block-section article wp-block-acf-article\">\n\t<div class=\"block-section-wrapper element-width--wide\" data-aos=\"fade-up\" data-aos-duration=\"500\" data-aos-delay=\"300\">\n\t\t<div class=\"acf-innerblocks-container\">\n\n<h3 class=\"wp-block-heading heading-size-normal\">Vi \u00f8nsker \u00e5 v\u00e6re transparente, og derfor deler vi s\u00e5 mye informasjon som mulig om investeringene, aktivitetene og resultatene v\u00e5re.<\/h3>\n\n<\/div>\n\t<\/div>\n<\/section>\n\n\n\n<section id=\"acf-box-over-wide-image-block_5655e609c8e4f1b75ea6b1e506475f25\" data-anchor-title=\"\u00c5rsrapporter\"class=\"block-section box-over-wide-image block--less-spacing-top block--less-spacing-bottom wp-block-acf-box-over-wide-image\">\n\t<div class=\"background is-desktop bottom\"\n\t\tstyle=\"background-image: url(https:\/\/www.norfund.no\/wp-content\/uploads\/2025\/10\/54523138699_7822074007_o_compressed.jpg); background-position: center center; data-aos=\"fade-up\" data-aos-duration=\"500\" data-aos-delay=\"200\">\n\t\t\n\t\t<div class=\"block-section-wrapper element-width--full container\">\n\t\t\t<div class=\"investment-box left\" tabindex=\"0\" data-aos=\"fade-up\" data-aos-duration=\"500\" data-aos-delay=\"400\">\n\t\t\t\t\t\t\t\t\t<h2 class=\"heading-size-normal\">Norfunds \u00e5rsrapport<\/h2>\n\t\t\t\t\t\t\t\t\t\t\t\t\t<div class=\"text-container\"><p>Norfund publiserer en omfattende \u00e5rsrapport med oppdatert informasjon om virksomheten v\u00e5r, utviklingseffekter, finansielle resultater og regnskap, samt likestillingsrapport, lederl\u00f8nnsrapport og mer. Som en del av \u00e5rsrapporten publiserer vi ogs\u00e5 en egen \u00e5rsrapport for Klimainvesteringsfondet.<\/p>\n<\/div>\n\t\t\t\t\t\t\t\t\t\t\t\t\t<a class=\"stm-button link-btn\" href=\"https:\/\/www.norfund.no\/annualreport-2024\/\" target=\"_blank\">Bes\u00f8k v\u00e5r digitale \u00e5rsrapport for 2024<\/a>\n\t\t\t\t\t\t\t<\/div>\n\t\t<\/div>\n\t<\/div>\n<\/section>\n\n\n<section id=\"acf-accordion-block_2f2db4ff7013f3122707084150c1d06b\" data-anchor-title=\"Business Support-rapporter\"class=\"block-section accordion block--less-spacing-top block--less-spacing-bottom wp-block-acf-accordion\">\n\t<div class=\"block-section-wrapper element-width--medium accordion-wide\" data-aos=\"fade-up\" data-aos-duration=\"500\" data-aos-delay=\"300\">\n\n\t\t\n\t\t<div class=\"accordion-wrapper\">\n\t\t\t<div class=\"accordion-item\">\n\t<div class=\"accordion-header\" tabindex=\"0\" role=\"button\" aria-expanded=\"false\">\n\t\t<h3>Tidligere \u00e5rsrapporter<\/h3>\n\t\t<i class=\"icon icon-arrow-down\"><\/i>\n\t<\/div>\n\t<div class=\"accordion-body\">\n\t\t<ul>\n<li><a href=\"https:\/\/www.norfund.no\/annualreport-2024\/\">\u00c5rsrapport 2024<\/a><\/li>\n<li><a href=\"https:\/\/www.norfund.no\/annualreport-2023\/\">\u00c5rsrapport 2023<\/a><\/li>\n<li><a href=\"https:\/\/www.norfund.no\/annualreport-2022\/\">\u00c5rsrapport 2022<\/a><\/li>\n<li><a href=\"https:\/\/www.norfund.no\/annualreport-2021\/\">\u00c5rsrapport 2021<\/a><\/li>\n<li><a href=\"https:\/\/www.norfund.no\/annualreport-2020\/\">\u00c5rsrapportt 2020<\/a><\/li>\n<li><a href=\"https:\/\/www.norfund.no\/wp-content\/uploads\/2020\/05\/Arsrap2019-EN-webvennlig_2020-05-19.pdf\">\u00c5rsrapport 2019<\/a><\/li>\n<li><a href=\"https:\/\/www.norfund.no\/wp-content\/uploads\/2020\/02\/Annual-report-2018.pdf\">\u00c5rsrapport 2018<\/a><\/li>\n<li><a href=\"\/Users\/%C3%85seRage\/Downloads\/Annual-Report-2017.pdf\">\u00c5rsrapport 2017<\/a><\/li>\n<li><a href=\"\/Users\/%C3%85seRage\/Downloads\/Annual-Report-2016.pdf\">\u00c5rsrapport 2016<\/a><\/li>\n<li><a href=\"\/Users\/%C3%85seRage\/Downloads\/Annual-Report-2015.pdf\">\u00c5rsrapport 2015<\/a><\/li>\n<\/ul>\n\t<\/div>\n<\/div><div class=\"accordion-item\">\n\t<div class=\"accordion-header\" tabindex=\"0\" role=\"button\" aria-expanded=\"false\">\n\t\t<h3>Virksomhetsrapporter<\/h3>\n\t\t<i class=\"icon icon-arrow-down\"><\/i>\n\t<\/div>\n\t<div class=\"accordion-body\">\n\t\t<p>Fra og med 2022 inkluderer \u00e5rsrapporten ogs\u00e5 virksomhetsrapporten.<\/p>\n<ul>\n<li><a href=\"https:\/\/www.norfund.no\/annualreport-2021\/\">Virksomhetsrapport 2021<\/a><\/li>\n<li><a href=\"https:\/\/www.norfund.no\/annualreport-2020\/\">Virksomhetsrapport 2020<\/a><\/li>\n<li><a href=\"\/Users\/%C3%85seRage\/Downloads\/Virksmhrap2019_2020-05-27-trykkfil.pdf\">Virksomhetsrapport 2019<\/a><\/li>\n<li><a href=\"https:\/\/www.norfund.no\/wp-content\/uploads\/2020\/02\/Report-on-Operations-2018.pdf\">Virksomhetsrapport 2018<\/a><\/li>\n<li><a href=\"https:\/\/www.norfund.no\/wp-content\/uploads\/2020\/02\/Report-on-Operations-2017.pdf\">Virksomhetsrapport 2017<\/a><\/li>\n<li><a href=\"https:\/\/www.norfund.no\/wp-content\/uploads\/2020\/02\/Report-on-Operations-2016.pdf\">Virksomhetsrapport 2016<\/a><\/li>\n<li><a href=\"https:\/\/www.norfund.no\/wp-content\/uploads\/2020\/02\/Report-on-Operations-2015.pdf\">Virksomhetsrapport 2015<\/a><\/li>\n<\/ul>\n\t<\/div>\n<\/div><div class=\"accordion-item\">\n\t<div class=\"accordion-header\" tabindex=\"0\" role=\"button\" aria-expanded=\"false\">\n\t\t<h3>Business Support-rapporter<\/h3>\n\t\t<i class=\"icon icon-arrow-down\"><\/i>\n\t<\/div>\n\t<div class=\"accordion-body\">\n\t\t<ul>\n<li><a href=\"https:\/\/www.norfund.no\/wp-content\/uploads\/2026\/03\/Business-Support-arsrapport-2025-final-public-pdf.pdf\">Business Support 2025<\/a><\/li>\n<li><a href=\"https:\/\/www.norfund.no\/businesssupport-2024\/\">Business Support 2024<\/a><\/li>\n<li><a href=\"https:\/\/www.norfund.no\/wp-content\/uploads\/2024\/08\/Business-Support-Annual-Report-2023.pdf\">Business Support 2023<\/a><\/li>\n<li><a href=\"https:\/\/www.norfund.no\/wp-content\/uploads\/2024\/08\/Business-Support-2022.pdf\">Business Support 2022<\/a><\/li>\n<li><a href=\"https:\/\/www.norfund.no\/wp-content\/uploads\/2024\/08\/Business-Support-2021.pdf\">Business Support 2021<\/a><\/li>\n<li><a href=\"https:\/\/www.norfund.no\/wp-content\/uploads\/2024\/08\/Business-Support-portfolio-report-2020.pdf\">Business Support 2020<\/a><\/li>\n<\/ul>\n\t<\/div>\n<\/div>\t\t<\/div>\n\n\t<\/div>\n<\/section>\n\n\n\n<section id=\"acf-box-over-wide-image-block_5ee8b79f433258fd69088552c3980096\" class=\"block-section box-over-wide-image block--less-spacing-top block--less-spacing-bottom wp-block-acf-box-over-wide-image\">\n\t<div class=\"background is-desktop bottom\"\n\t\tstyle=\"background-image: url(https:\/\/www.norfund.no\/wp-content\/uploads\/2025\/10\/54522948116_1060ba363d_o_compressed-1.jpg); background-position: center calc(50% + 200px); data-aos=\"fade-up\" data-aos-duration=\"500\" data-aos-delay=\"200\">\n\t\t\n\t\t<div class=\"block-section-wrapper element-width--full container\">\n\t\t\t<div class=\"investment-box right\" tabindex=\"0\" data-aos=\"fade-up\" data-aos-duration=\"500\" data-aos-delay=\"400\">\n\t\t\t\t\t\t\t\t\t<h2 class=\"heading-size-normal\">Business Support 2025<\/h2>\n\t\t\t\t\t\t\t\t\t\t\t\t\t<div class=\"text-container\"><h6 data-aos=\"fade-up\">Hovedform\u00e5let med Business Support er \u00e5 styrke b\u00e6rekraften og utviklingseffektene av Norfunds investeringer. Det er derfor et viktig virkemiddel for \u00e5 ut\u00f8ve ansvarlig eierskap i tr\u00e5d med Norfunds investeringsstrategi, og en m\u00e5te \u00e5 st\u00f8tte investeringene v\u00e5re i h\u00f8yrisiko\u00adsektorer, markeder og segmenter.<\/h6>\n<\/div>\n\t\t\t\t\t\t\t\t\t\t\t\t\t<a class=\"stm-button link-btn\" href=\"https:\/\/www.norfund.no\/wp-content\/uploads\/2026\/03\/Business-Support-arsrapport-2025-final-public-pdf.pdf\" target=\"_blank\">Business Support Rapport 2025<\/a>\n\t\t\t\t\t\t\t<\/div>\n\t\t<\/div>\n\t<\/div>\n<\/section>\n\n<section id=\"acf-buttons-group-block_7ba3c792ce86698ade67513ac8df026e\" data-anchor-title=\"Andre publikasjoner\"class=\"block-section buttons-group block--less-spacing-top block--less-spacing-bottom wp-block-acf-buttons-group\">\n\t<div class=\"block-section-wrapper element-width--medium\">\n\n\t\t\t\t\t<header>\n\t\t\t\t<h1 class=\"heading-size-small\">Andre publikasjoner<\/h1>\n\t\t\t<\/header>\n\t\t\n\t\t\t\t<div class=\"buttons-grid \">\n\t\t\t\n\t\t\t\t\n\t\t\t\t\t<a href=\"https:\/\/www.norfund.no\/wp-content\/uploads\/2025\/02\/Norad-KPMG-evaluering-til-nettside-1.pdf\" class=\"button-item\" target=\"_blank\">\n\t\t\t\t\t\t<div class=\"button-content\">\n\t\t\t\t\t\t\t\t\t\t\t\t\t\t\t<h2 class=\"heading-size-small\">Evaluation of Norfund\u2019s  investments in  renewable energy<\/h2>\n\t\t\t\t\t\t\t\t\t\t\t\t\t\t\t\t\t\t\t\t\t\t<p>2024<\/p>\n\t\t\t\t\t\t\t\t\t\t\t\t\t<\/div>\n\t\t\t\t\t\t<i class=\"icon icon-arrow-box\"><\/i>\n\t\t\t\t\t<\/a>\n\t\t\t\t\t\t\t\n\t\t\t\t\n\t\t\t\t\t<a href=\"https:\/\/www.norfund.no\/wp-content\/uploads\/2024\/11\/20240821-Norfund-Investment-Analysis.pdf\" class=\"button-item\" target=\"_blank\">\n\t\t\t\t\t\t<div class=\"button-content\">\n\t\t\t\t\t\t\t\t\t\t\t\t\t\t\t<h2 class=\"heading-size-small\">Norfund Investment Analysis<\/h2>\n\t\t\t\t\t\t\t\t\t\t\t\t\t\t\t\t\t\t\t\t\t\t<p>2024<\/p>\n\t\t\t\t\t\t\t\t\t\t\t\t\t<\/div>\n\t\t\t\t\t\t<i class=\"icon icon-arrow-box\"><\/i>\n\t\t\t\t\t<\/a>\n\t\t\t\t\t\t\t\n\t\t\t\t\n\t\t\t\t\t<a href=\"https:\/\/www.norfund.no\/wp-content\/uploads\/2024\/05\/2024_Norfunds-Approach-to-Paris-Alignment-1.pdf\" class=\"button-item\" target=\"_blank\">\n\t\t\t\t\t\t<div class=\"button-content\">\n\t\t\t\t\t\t\t\t\t\t\t\t\t\t\t<h2 class=\"heading-size-small\">Norfund&#039;s Approach to Paris Alignment<\/h2>\n\t\t\t\t\t\t\t\t\t\t\t\t\t\t\t\t\t\t\t\t\t\t<p>2024<\/p>\n\t\t\t\t\t\t\t\t\t\t\t\t\t<\/div>\n\t\t\t\t\t\t<i class=\"icon icon-arrow-box\"><\/i>\n\t\t\t\t\t<\/a>\n\t\t\t\t\t\t\t\n\t\t\t\t\n\t\t\t\t\t<a href=\"https:\/\/www.norfund.no\/wp-content\/uploads\/2024\/05\/When-growth-does-and-does-not-reduce-poverty-1.pdf\" class=\"button-item\" target=\"_blank\">\n\t\t\t\t\t\t<div class=\"button-content\">\n\t\t\t\t\t\t\t\t\t\t\t\t\t\t\t<h2 class=\"heading-size-small\">When growth does \u2013 and does not \u2013 reduce poverty<\/h2>\n\t\t\t\t\t\t\t\t\t\t\t\t\t\t\t\t\t\t\t\t\t\t<p>2024<\/p>\n\t\t\t\t\t\t\t\t\t\t\t\t\t<\/div>\n\t\t\t\t\t\t<i class=\"icon icon-arrow-box\"><\/i>\n\t\t\t\t\t<\/a>\n\t\t\t\t\t\t\t\n\t\t\t\t\n\t\t\t\t\t<a href=\"https:\/\/www.norfund.no\/wp-content\/uploads\/2023\/06\/23-03-06-Annual-report-on-Gender-Equality-Inclusion.pdf\" class=\"button-item\" target=\"_blank\">\n\t\t\t\t\t\t<div class=\"button-content\">\n\t\t\t\t\t\t\t\t\t\t\t\t\t\t\t<h2 class=\"heading-size-small\">Gender Equality &amp; Inclusion Report<\/h2>\n\t\t\t\t\t\t\t\t\t\t\t\t\t\t\t\t\t\t\t\t\t\t<p>2022<\/p>\n\t\t\t\t\t\t\t\t\t\t\t\t\t<\/div>\n\t\t\t\t\t\t<i class=\"icon icon-arrow-box\"><\/i>\n\t\t\t\t\t<\/a>\n\t\t\t\t\t\t\t\n\t\t\t\t\n\t\t\t\t\t<a href=\"https:\/\/www.norfund.no\/wp-content\/uploads\/2021\/07\/Analyse-av-Norfunds-investeringer-gjennom-tredjeland-2.pdf\" class=\"button-item\" target=\"_blank\">\n\t\t\t\t\t\t<div class=\"button-content\">\n\t\t\t\t\t\t\t\t\t\t\t\t\t\t\t<h2 class=\"heading-size-small\">Analyse av Norfunds investeringer gjennom tredjeland<\/h2>\n\t\t\t\t\t\t\t\t\t\t\t\t\t\t\t\t\t\t\t\t\t\t<p>2021<\/p>\n\t\t\t\t\t\t\t\t\t\t\t\t\t<\/div>\n\t\t\t\t\t\t<i class=\"icon icon-arrow-box\"><\/i>\n\t\t\t\t\t<\/a>\n\t\t\t\t\t\t\t\n\t\t\t\t\n\t\t\t\t\t<a href=\"https:\/\/www.norfund.no\/wp-content\/uploads\/2020\/02\/EDFI-Climate-Brochure-2017.pdf\" class=\"button-item\" target=\"_blank\">\n\t\t\t\t\t\t<div class=\"button-content\">\n\t\t\t\t\t\t\t\t\t\t\t\t\t\t\t<h2 class=\"heading-size-small\">EDFI &#8211; The Road to a Sustainable World<\/h2>\n\t\t\t\t\t\t\t\t\t\t\t\t\t\t\t\t\t\t\t\t\t\t<p>2017<\/p>\n\t\t\t\t\t\t\t\t\t\t\t\t\t<\/div>\n\t\t\t\t\t\t<i class=\"icon icon-arrow-box\"><\/i>\n\t\t\t\t\t<\/a>\n\t\t\t\t\t\t\t\n\t\t\t\t\n\t\t\t\t\t<a href=\"https:\/\/www.norfund.no\/wp-content\/uploads\/2020\/02\/EDFI-Booklet-Investing-for-a-Greener-future-2015-1.pdf\" class=\"button-item\" target=\"_blank\">\n\t\t\t\t\t\t<div class=\"button-content\">\n\t\t\t\t\t\t\t\t\t\t\t\t\t\t\t<h2 class=\"heading-size-small\">EDFI &#8211; Initiatives that Help to Change the World<\/h2>\n\t\t\t\t\t\t\t\t\t\t\t\t\t\t\t\t\t\t\t\t\t\t<p>2015<\/p>\n\t\t\t\t\t\t\t\t\t\t\t\t\t<\/div>\n\t\t\t\t\t\t<i class=\"icon icon-arrow-box\"><\/i>\n\t\t\t\t\t<\/a>\n\t\t\t\t\t\t\t\n\t\t\t\t\n\t\t\t\t\t<a href=\"https:\/\/www.norfund.no\/wp-content\/uploads\/2020\/02\/Evaluation-of-the-Norwegian-Investment-Fund-for-Developing-Countries-1.pdf\" class=\"button-item\" target=\"_blank\">\n\t\t\t\t\t\t<div class=\"button-content\">\n\t\t\t\t\t\t\t\t\t\t\t\t\t\t\t<h2 class=\"heading-size-small\">Evaluation of Norfund<\/h2>\n\t\t\t\t\t\t\t\t\t\t\t\t\t\t\t\t\t\t\t\t\t\t<p>2015<\/p>\n\t\t\t\t\t\t\t\t\t\t\t\t\t<\/div>\n\t\t\t\t\t\t<i class=\"icon icon-arrow-box\"><\/i>\n\t\t\t\t\t<\/a>\n\t\t\t\t\t\t\t\n\t\t\t\t\n\t\t\t\t\t<a href=\"https:\/\/www.norfund.no\/wp-content\/uploads\/2020\/02\/Pitfalls-of-Innovative-Private-Sector-Financing-Commons-Consultants-PDF.pdf\" class=\"button-item\" target=\"_blank\">\n\t\t\t\t\t\t<div class=\"button-content\">\n\t\t\t\t\t\t\t\t\t\t\t\t\t\t\t<h2 class=\"heading-size-small\">The Pitfalls of Innovative Private Sector Financing<\/h2>\n\t\t\t\t\t\t\t\t\t\t\t\t\t\t\t\t\t\t\t\t\t\t<p>2015<\/p>\n\t\t\t\t\t\t\t\t\t\t\t\t\t<\/div>\n\t\t\t\t\t\t<i class=\"icon icon-arrow-box\"><\/i>\n\t\t\t\t\t<\/a>\n\t\t\t\t\t\t\t\n\t\t\t\t\n\t\t\t\t\t<a href=\"https:\/\/www.norfund.no\/wp-content\/uploads\/2020\/02\/McKinsey-Brighter-Africa-The-growth-potential-of-the-sub-Saharan-electricity-sector-2015-PDF.pdf\" class=\"button-item\" target=\"_blank\">\n\t\t\t\t\t\t<div class=\"button-content\">\n\t\t\t\t\t\t\t\t\t\t\t\t\t\t\t<h2 class=\"heading-size-small\">The Growth Potential of the Sub Saharan Electricity Sector<\/h2>\n\t\t\t\t\t\t\t\t\t\t\t\t\t\t\t\t\t\t\t\t\t\t<p>2015<\/p>\n\t\t\t\t\t\t\t\t\t\t\t\t\t<\/div>\n\t\t\t\t\t\t<i class=\"icon icon-arrow-box\"><\/i>\n\t\t\t\t\t<\/a>\n\t\t\t\t\t\t\t\t\t<\/div>\n\t\t\n\n\t<\/div>\n<\/section>\n","protected":false},"excerpt":{"rendered":"","protected":false},"author":1,"featured_media":0,"parent":0,"menu_order":20,"comment_status":"closed","ping_status":"closed","template":"","meta":{"_acf_changed":true,"footnotes":""},"class_list":["post-27284","page","type-page","status-publish","hentry"],"acf":[],"_links":{"self":[{"href":"https:\/\/www.norfund.no\/no\/wp-json\/wp\/v2\/pages\/27284","targetHints":{"allow":["GET"]}}],"collection":[{"href":"https:\/\/www.norfund.no\/no\/wp-json\/wp\/v2\/pages"}],"about":[{"href":"https:\/\/www.norfund.no\/no\/wp-json\/wp\/v2\/types\/page"}],"author":[{"embeddable":true,"href":"https:\/\/www.norfund.no\/no\/wp-json\/wp\/v2\/users\/1"}],"replies":[{"embeddable":true,"href":"https:\/\/www.norfund.no\/no\/wp-json\/wp\/v2\/comments?post=27284"}],"version-history":[{"count":0,"href":"https:\/\/www.norfund.no\/no\/wp-json\/wp\/v2\/pages\/27284\/revisions"}],"wp:attachment":[{"href":"https:\/\/www.norfund.no\/no\/wp-json\/wp\/v2\/media?parent=27284"}],"curies":[{"name":"wp","href":"https:\/\/api.w.org\/{rel}","templated":true}]}}