
{"id":27291,"date":"2025-05-08T11:31:38","date_gmt":"2025-05-08T09:31:38","guid":{"rendered":"https:\/\/norfundweb.wpenginepowered.com\/our-people\/contact-us\/"},"modified":"2025-12-03T11:33:17","modified_gmt":"2025-12-03T10:33:17","slug":"contact-us","status":"publish","type":"page","link":"https:\/\/www.norfund.no\/no\/contact-us\/","title":{"rendered":"Kontakt oss"},"content":{"rendered":"\n<section id=\"acf-subpage-hero-block_8ac516cf75a174e4930fd97394f72e8f\" class=\"block-section subpage-hero banner-margin wp-block-acf-subpage-hero\">\n\n\n\t\t\t\t\t<div class=\"image-wrapper\" style='background-image: url(https:\/\/www.norfund.no\/wp-content\/uploads\/2025\/10\/54397076804_a532afe7b2_h.jpg);background-position: top 0 ;'><\/div>\n\t\t\n\t\t\n\t\t\n\n\n\t\n\t\t<div class=\"block-section-wrapper element-width--full \">\n\t\t\t<div class=\"hero-content-with-backgound\" data-aos=\"fade-up\" data-aos-duration=\"500\" data-aos-delay=\"200\">\n\n\t\t\t\t\t\t\t\t\t<div class=\"hero-title \" tabindex=\"0\">\n\t\t\t\t\t\t<h2 class=\"heading-size-large\">Kontakt oss<\/h2>\n\t\t\t\t\t<\/div>\n\t\t\t\t\n\t\t\t\t\n\t\t\t<\/div>\n\t\t<\/div>\n\t\n<\/section>\n\n\n<section id=\"acf-article-block_069ebf6fd50723a2f99245192a102305\" data-anchor-title=\"Norfund as an investor\"class=\"block-section article wp-block-acf-article\">\n\t<div class=\"block-section-wrapper element-width--wide\" data-aos=\"fade-up\" data-aos-duration=\"500\" data-aos-delay=\"300\">\n\t\t<div class=\"acf-innerblocks-container\">\n\n<h2 class=\"wp-block-heading heading-size-normal\">Samarbeid med oss<\/h2>\n\n\n\n<h3 class=\"wp-block-heading\">Norfund investerer p\u00e5 kommersielle vilk\u00e5r. Vi er en aktiv investor som tilbyr t\u00e5lmodig og langsiktig kapital.<\/h3>\n\n\n\n<p>Norfund investerer i b\u00e6rekraftige og l\u00f8nnsomme private selskaper og prosjekter i utviklingsland (ODA-godkjente), innenfor v\u00e5re prioriterte sektorer og geografier. <\/p>\n\n\n\n<p>Gjennom lokal tilstedev\u00e6relse s\u00f8ker vi l\u00f8sninger som er tilpasset landene vi investerer i. Som minoritetsinvestor har vi som m\u00e5l \u00e5 mobilisere kapital og tiltrekke andre kompetente investorer til prosjektene v\u00e5re.<\/p>\n\n\n\n<p>Norfund invests in sustainable and profitable private companies and projects in developing countries (<a href=\"https:\/\/www.oecd.org\/en\/topics\/sub-issues\/oda-eligibility-and-conditions\/dac-list-of-oda-recipients.html\">ODA-eligible<\/a>), operating within our defined sectors and geographies.<\/p>\n\n\n\n<p>Vi bist\u00e5r portef\u00f8ljeselskapene v\u00e5re med \u00e5 n\u00e5 h\u00f8ye standarder for styring, samt milj\u00f8- og sosial ytelse.<\/p>\n\n\n\n<p>Vi jobber for \u00e5 v\u00e6re smidige og effektive, med korte beslutningsprosesser.<\/p>\n\n\n<section id=\"acf-buttons-group-block_566d2da9f734b6eb00788a5fa2d816c6\" class=\"block-section buttons-group block--less-spacing-top block--less-spacing-bottom wp-block-acf-buttons-group\">\n\t<div class=\"block-section-wrapper element-width--medium\">\n\n\t\t\n\t\t\t\t<div class=\"buttons-grid single\">\n\t\t\t\n\t\t\t\t\n\t\t\t\t\t<a href=\"https:\/\/www.norfund.no\/no\/our-work\/responsible-investor\/\" class=\"button-item\" target=\"_self\">\n\t\t\t\t\t\t<div class=\"button-content\">\n\t\t\t\t\t\t\t\t\t\t\t\t\t\t\t<h2 class=\"heading-size-small\">Norfund som ansvarlig investor<\/h2>\n\t\t\t\t\t\t\t\t\t\t\t\t\t\t\t\t\t\t\t\t<\/div>\n\t\t\t\t\t\t<i class=\"icon icon-arrow-box\"><\/i>\n\t\t\t\t\t<\/a>\n\t\t\t\t\t\t\t\t\t<\/div>\n\t\t\n\n\t<\/div>\n<\/section>\n\n\n\n<h2 class=\"wp-block-heading\">Hvor vi investerer<\/h2>\n\n\n\n<figure class=\"wp-block-image size-large\"><img loading=\"lazy\" decoding=\"async\" width=\"1024\" height=\"576\" src=\"https:\/\/www.norfund.no\/wp-content\/uploads\/2025\/10\/Core-countries-CIMDIMoffices-Aug.-2025-1-1-1024x576.png\" alt=\"\" class=\"wp-image-26900\" srcset=\"https:\/\/www.norfund.no\/wp-content\/uploads\/2025\/10\/Core-countries-CIMDIMoffices-Aug.-2025-1-1-1024x576.png 1024w, https:\/\/www.norfund.no\/wp-content\/uploads\/2025\/10\/Core-countries-CIMDIMoffices-Aug.-2025-1-1-300x169.png 300w, https:\/\/www.norfund.no\/wp-content\/uploads\/2025\/10\/Core-countries-CIMDIMoffices-Aug.-2025-1-1-768x432.png 768w, https:\/\/www.norfund.no\/wp-content\/uploads\/2025\/10\/Core-countries-CIMDIMoffices-Aug.-2025-1-1-1536x864.png 1536w, https:\/\/www.norfund.no\/wp-content\/uploads\/2025\/10\/Core-countries-CIMDIMoffices-Aug.-2025-1-1-502x282.png 502w, https:\/\/www.norfund.no\/wp-content\/uploads\/2025\/10\/Core-countries-CIMDIMoffices-Aug.-2025-1-1-397x223.png 397w, https:\/\/www.norfund.no\/wp-content\/uploads\/2025\/10\/Core-countries-CIMDIMoffices-Aug.-2025-1-1-658x370.png 658w, https:\/\/www.norfund.no\/wp-content\/uploads\/2025\/10\/Core-countries-CIMDIMoffices-Aug.-2025-1-1-640x360.png 640w, https:\/\/www.norfund.no\/wp-content\/uploads\/2025\/10\/Core-countries-CIMDIMoffices-Aug.-2025-1-1-110x62.png 110w, https:\/\/www.norfund.no\/wp-content\/uploads\/2025\/10\/Core-countries-CIMDIMoffices-Aug.-2025-1-1-220x124.png 220w, https:\/\/www.norfund.no\/wp-content\/uploads\/2025\/10\/Core-countries-CIMDIMoffices-Aug.-2025-1-1-578x325.png 578w, https:\/\/www.norfund.no\/wp-content\/uploads\/2025\/10\/Core-countries-CIMDIMoffices-Aug.-2025-1-1-533x300.png 533w, https:\/\/www.norfund.no\/wp-content\/uploads\/2025\/10\/Core-countries-CIMDIMoffices-Aug.-2025-1-1.png 1920w\" sizes=\"auto, (max-width: 1024px) 100vw, 1024px\" \/><\/figure>\n\n\n\n<h2 class=\"wp-block-heading\">Kapitalproduktene vi tilbyr<\/h2>\n\n\n\n<section id=\"acf-accordion-block_d6e4dc25bd523776e8489264de3e6605\" data-anchor-title=\"Samarbeid med oss\"class=\"block-section accordion block--less-spacing-top block--less-spacing-bottom wp-block-acf-accordion\">\n\t<div class=\"block-section-wrapper element-width--medium accordion-wide\" data-aos=\"fade-up\" data-aos-duration=\"500\" data-aos-delay=\"300\">\n\n\t\t\n\t\t<div class=\"accordion-wrapper\">\n\t\t\t<div class=\"accordion-item\">\n\t<div class=\"accordion-header\" tabindex=\"0\" role=\"button\" aria-expanded=\"false\">\n\t\t<h3>Egenkapital<\/h3>\n\t\t<i class=\"icon icon-arrow-down\"><\/i>\n\t<\/div>\n\t<div class=\"accordion-body\">\n\t\t<ul>\n<li>Investeringsst\u00f8rrelse mellom 5 og 50 millioner USD, med en maksimal eierandel p\u00e5 35 prosent<\/li>\n<li>Aktivt eierskap, ofte med styreplass, samt tilgang p\u00e5 fagkompetanse og st\u00f8tte<\/li>\n<li>Investeringshorisont p\u00e5 fem til ti \u00e5r<\/li>\n<\/ul>\n\t<\/div>\n<\/div><div class=\"accordion-item\">\n\t<div class=\"accordion-header\" tabindex=\"0\" role=\"button\" aria-expanded=\"false\">\n\t\t<h3>Mezzaninfinansiering<\/h3>\n\t\t<i class=\"icon icon-arrow-down\"><\/i>\n\t<\/div>\n\t<div class=\"accordion-body\">\n\t\t<ul>\n<li>En hybrid mellom egenkapital og l\u00e5n, med fleksible tilbakebetalingsvilk\u00e5r<\/li>\n<\/ul>\n<p>&nbsp;<\/p>\n\t<\/div>\n<\/div><div class=\"accordion-item\">\n\t<div class=\"accordion-header\" tabindex=\"0\" role=\"button\" aria-expanded=\"false\">\n\t\t<h3>L\u00e5n<\/h3>\n\t\t<i class=\"icon icon-arrow-down\"><\/i>\n\t<\/div>\n\t<div class=\"accordion-body\">\n\t\t<ul>\n<li>Senior- og juniorl\u00e5n fra 5 millioner USD<\/li>\n<li>L\u00f8petid fra 3 til 10 \u00e5r, i USD, EUR eller lokal valuta<\/li>\n<\/ul>\n\t<\/div>\n<\/div><div class=\"accordion-item\">\n\t<div class=\"accordion-header\" tabindex=\"0\" role=\"button\" aria-expanded=\"false\">\n\t\t<h3>Fond<\/h3>\n\t\t<i class=\"icon icon-arrow-down\"><\/i>\n\t<\/div>\n\t<div class=\"accordion-body\">\n\t\t<ul>\n<li>St\u00f8rre, ofte pan-regionale fond som investerer i relativt store selskaper<\/li>\n<li>SMB-fond<\/li>\n<li>Impact- og venturefond<\/li>\n<li>Investeringshorisont p\u00e5 om lag ti \u00e5r<\/li>\n<\/ul>\n\t<\/div>\n<\/div>\t\t<\/div>\n\n\t<\/div>\n<\/section>\n\n<\/div>\n\t<\/div>\n<\/section>\n\n\n<section id=\"acf-article-block_7439a98205d0dbb82622db485c3098cb\" data-anchor-title=\"Business Support\"class=\"block-section article wp-block-acf-article\">\n\t<div class=\"block-section-wrapper element-width--wide\" data-aos=\"fade-up\" data-aos-duration=\"500\" data-aos-delay=\"300\">\n\t\t<div class=\"acf-innerblocks-container\">\n\n<h2 class=\"wp-block-heading heading-size-normal\">Business Support<\/h2>\n\n\n\n<p>Norfund gir ikke tilskudd. Vi kan likevel tilby teknisk bistand gjennom v\u00e5rt Business Support-program til selskaper vi allerede har investert i, for \u00e5 styrke b\u00e6rekraften og utviklingseffektene av investeringene. Portef\u00f8ljeselskapene dekker normalt 50 prosent av prosjektkostnadene.<\/p>\n\n\n<section id=\"acf-buttons-group-block_20cc6806fb66c0789b1ee09426191f5e\" class=\"block-section buttons-group wp-block-acf-buttons-group\">\n\t<div class=\"block-section-wrapper element-width--medium\">\n\n\t\t\n\t\t\t\t<div class=\"buttons-grid single\">\n\t\t\t\n\t\t\t\t\n\t\t\t\t\t<a href=\"https:\/\/www.norfund.no\/our-work\/responsible-investor\/\" class=\"button-item\" target=\"_self\">\n\t\t\t\t\t\t<div class=\"button-content\">\n\t\t\t\t\t\t\t\t\t\t\t\t\t\t\t<h2 class=\"heading-size-small\">Les mer om om Business Support her<\/h2>\n\t\t\t\t\t\t\t\t\t\t\t\t\t\t\t\t\t\t\t\t<\/div>\n\t\t\t\t\t\t<i class=\"icon icon-arrow-box\"><\/i>\n\t\t\t\t\t<\/a>\n\t\t\t\t\t\t\t\t\t<\/div>\n\t\t\n\n\t<\/div>\n<\/section>\n\n<\/div>\n\t<\/div>\n<\/section>\n\n\n<section id=\"acf-shortcode-block_7897354cdcd76ec4b3a36bccd2e792fc\" data-anchor-title=\"Kontaktskjema\"class=\"block-section shortcode wp-block-acf-shortcode\">\n\t<div class=\"block-section-wrapper element-width--wide\">\n\n\t\t\n\t\t\t\t\t<style id=\"wpforms-css-vars-27448\">\n\t\t\t\t#wpforms-27448 {\n\t\t\t\t--wpforms-field-size-input-height: 43px;\n--wpforms-field-size-input-spacing: 15px;\n--wpforms-field-size-font-size: 16px;\n--wpforms-field-size-line-height: 19px;\n--wpforms-field-size-padding-h: 14px;\n--wpforms-field-size-checkbox-size: 16px;\n--wpforms-field-size-sublabel-spacing: 5px;\n--wpforms-field-size-icon-size: 1;\n--wpforms-label-size-font-size: 16px;\n--wpforms-label-size-line-height: 19px;\n--wpforms-label-size-sublabel-font-size: 14px;\n--wpforms-label-size-sublabel-line-height: 17px;\n--wpforms-button-size-font-size: 17px;\n--wpforms-button-size-height: 41px;\n--wpforms-button-size-padding-h: 15px;\n--wpforms-button-size-margin-top: 10px;\n--wpforms-container-shadow-size-box-shadow: none;\n\t\t\t}\n\t\t\t<\/style><div class=\"wpforms-container wpforms-container-full wpforms-render-modern\" id=\"wpforms-27448\"><form id=\"wpforms-form-27448\" class=\"wpforms-validate wpforms-form wpforms-ajax-form\" data-formid=\"27448\" method=\"post\" enctype=\"multipart\/form-data\" action=\"\/no\/wp-json\/wp\/v2\/pages\/27291?wpforms_form_id=27448\" data-token=\"55060d956ec73cb68956f0c5f41de886\" data-token-time=\"1776288501\"><noscript class=\"wpforms-error-noscript\">Please enable JavaScript in your browser to complete this form.<\/noscript><div id=\"wpforms-error-noscript\" style=\"display: none;\">Please enable JavaScript in your browser to complete this form.<\/div><div class=\"wpforms-field-container\">\t\t<div id=\"wpforms-27448-field_1-container\"\n\t\t\tclass=\"wpforms-field wpforms-field-text\"\n\t\t\tdata-field-type=\"text\"\n\t\t\tdata-field-id=\"1\"\n\t\t\t>\n\t\t\t<label class=\"wpforms-field-label\" for=\"wpforms-27448-field_1\" > Grunn Din<\/label>\n\t\t\t<input type=\"text\" id=\"wpforms-27448-field_1\" class=\"wpforms-field-medium\" name=\"wpforms[fields][1]\" >\n\t\t<\/div>\n\t\t<div id=\"wpforms-27448-field_16-container\" class=\"wpforms-field wpforms-field-layout\" data-field-id=\"16\"><div class=\"wpforms-field-layout-columns wpforms-field-layout-preset-50-50\"><div class=\"wpforms-layout-column wpforms-layout-column-50\" ><div id=\"wpforms-27448-field_17-container\" class=\"wpforms-field wpforms-field-content\" data-field-id=\"17\"><div id=\"wpforms-27448-field_17\" class=\"wpforms-field-medium wpforms-field-row\" aria-errormessage=\"wpforms-27448-field_17-error\"><h2>Kontakt oss<\/h2>\n<p>Takk for at du kontaktet oss! Vennligst fyll ut dette skjemaet slik at vi kan sende henvendelsen din til riktig person.<\/p>\n<p>Vennligst skriv p\u00e5 engelsk eller norsk.<\/p>\n<p>Vi mottar et stort antall henvendelser og vil svare n\u00e5r foresp\u00f8rselen er gjennomg\u00e5tt.<\/p>\n<div class=\"wpforms-field-content-display-frontend-clear\"><\/div><\/div><\/div><\/div><div class=\"wpforms-layout-column wpforms-layout-column-50\" ><div id=\"wpforms-27448-field_20-container\" class=\"wpforms-field wpforms-field-divider\" data-field-id=\"20\"><h3 id=\"wpforms-27448-field_20\" aria-errormessage=\"wpforms-27448-field_20-error\">Din informasjon <\/h3><\/div><div id=\"wpforms-27448-field_10-container\" class=\"wpforms-field wpforms-field-text\" data-field-id=\"10\"><label class=\"wpforms-field-label wpforms-label-hide\" for=\"wpforms-27448-field_10\" aria-hidden=\"false\">Tittel<\/label><input type=\"text\" id=\"wpforms-27448-field_10\" class=\"wpforms-field-medium\" name=\"wpforms[fields][10]\" placeholder=\"Tittel\" aria-errormessage=\"wpforms-27448-field_10-error\" ><\/div><div id=\"wpforms-27448-field_2-container\" class=\"wpforms-field wpforms-field-name\" data-field-id=\"2\"><label class=\"wpforms-field-label wpforms-label-hide\" for=\"wpforms-27448-field_2\" aria-hidden=\"false\">Navn <span class=\"wpforms-required-label\" aria-hidden=\"true\">*<\/span><\/label><input type=\"text\" id=\"wpforms-27448-field_2\" class=\"wpforms-field-medium wpforms-field-required\" name=\"wpforms[fields][2]\" placeholder=\"Navn\" aria-errormessage=\"wpforms-27448-field_2-error\" required><\/div><div id=\"wpforms-27448-field_11-container\" class=\"wpforms-field wpforms-field-text\" data-field-id=\"11\"><label class=\"wpforms-field-label wpforms-label-hide\" for=\"wpforms-27448-field_11\" aria-hidden=\"false\">Firmanavn<\/label><input type=\"text\" id=\"wpforms-27448-field_11\" class=\"wpforms-field-medium\" name=\"wpforms[fields][11]\" placeholder=\"Firmanavn\" aria-errormessage=\"wpforms-27448-field_11-error\" ><\/div><div id=\"wpforms-27448-field_5-container\" class=\"wpforms-field wpforms-field-email\" data-field-id=\"5\"><label class=\"wpforms-field-label wpforms-label-hide\" for=\"wpforms-27448-field_5\" aria-hidden=\"false\">E-post <span class=\"wpforms-required-label\" aria-hidden=\"true\">*<\/span><\/label><input type=\"email\" id=\"wpforms-27448-field_5\" class=\"wpforms-field-medium wpforms-field-required\" name=\"wpforms[fields][5]\" placeholder=\"E-post\" spellcheck=\"false\" aria-errormessage=\"wpforms-27448-field_5-error\" required><\/div><div id=\"wpforms-27448-field_6-container\" class=\"wpforms-field wpforms-field-checkbox\" data-field-id=\"6\"><fieldset><legend class=\"wpforms-field-label wpforms-label-hide\" aria-hidden=\"false\">Tillatelse <span class=\"wpforms-required-label\" aria-hidden=\"true\">*<\/span><\/legend><ul id=\"wpforms-27448-field_6\" class=\"wpforms-field-required\"><li class=\"choice-1 depth-1\"><input type=\"checkbox\" id=\"wpforms-27448-field_6_1\" name=\"wpforms[fields][6][]\" value=\"Jeg samtykker\" aria-errormessage=\"wpforms-27448-field_6_1-error\" aria-describedby=\"wpforms-27448-field_6-description\" required ><label class=\"wpforms-field-label-inline\" for=\"wpforms-27448-field_6_1\">Jeg samtykker<\/label><\/li><\/ul><div id=\"wpforms-27448-field_6-description\" class=\"wpforms-field-description\">*Jeg gir herved Norfund tillatelse til \u00e5 behandle mine personopplysninger og kontakte meg om n\u00f8dvendig for henvendelser og vurdering av forretningsforslag. For ytterligere informasjon, se Norfunds personvernerkl\u00e6ring (Norfunds personvernerkl\u00e6ring &#8211; Norfund)<\/div><\/fieldset><\/div><div id=\"wpforms-27448-field_19-container\" class=\"wpforms-field wpforms-field-divider\" data-field-id=\"19\"><h3 id=\"wpforms-27448-field_19\" aria-errormessage=\"wpforms-27448-field_19-error\">Din melding<\/h3><\/div><div id=\"wpforms-27448-field_9-container\" class=\"wpforms-field wpforms-field-radio\" data-field-id=\"9\"><fieldset><legend class=\"wpforms-field-label wpforms-label-hide\" aria-hidden=\"false\">Grunn til \u00e5 ta kontakt<\/legend><ul id=\"wpforms-27448-field_9\"><li class=\"choice-1 depth-1\"><input type=\"radio\" id=\"wpforms-27448-field_9_1\" name=\"wpforms[fields][9]\" value=\"Mulig investering\" aria-errormessage=\"wpforms-27448-field_9_1-error\" aria-describedby=\"wpforms-27448-field_9-description\"  ><label class=\"wpforms-field-label-inline\" for=\"wpforms-27448-field_9_1\">Mulig investering<\/label><\/li><li class=\"choice-2 depth-1\"><input type=\"radio\" id=\"wpforms-27448-field_9_2\" name=\"wpforms[fields][9]\" value=\"Medieforesp\u00f8rsel\/arrangement\" aria-errormessage=\"wpforms-27448-field_9_2-error\" aria-describedby=\"wpforms-27448-field_9-description\"  ><label class=\"wpforms-field-label-inline\" for=\"wpforms-27448-field_9_2\">Medieforesp\u00f8rsel\/arrangement<\/label><\/li><li class=\"choice-3 depth-1\"><input type=\"radio\" id=\"wpforms-27448-field_9_3\" name=\"wpforms[fields][9]\" value=\"Annet\/Generelt\" aria-errormessage=\"wpforms-27448-field_9_3-error\" aria-describedby=\"wpforms-27448-field_9-description\"  ><label class=\"wpforms-field-label-inline\" for=\"wpforms-27448-field_9_3\">Annet\/Generelt<\/label><\/li><\/ul><div id=\"wpforms-27448-field_9-description\" class=\"wpforms-field-description\">* Vennligst velg grunn til at du tar kontakt:<\/div><\/fieldset><\/div><div id=\"wpforms-27448-field_12-container\" class=\"wpforms-field wpforms-field-text\" data-field-id=\"12\"><label class=\"wpforms-field-label wpforms-label-hide\" for=\"wpforms-27448-field_12\" aria-hidden=\"false\">Region og land<\/label><input type=\"text\" id=\"wpforms-27448-field_12\" class=\"wpforms-field-medium\" name=\"wpforms[fields][12]\" placeholder=\"Region og land\" aria-errormessage=\"wpforms-27448-field_12-error\" aria-describedby=\"wpforms-27448-field_12-description\" ><div id=\"wpforms-27448-field_12-description\" class=\"wpforms-field-description\">Hvis aktuelt, vennligst spesifiser regionen og landet som er relevant for foresp\u00f8rselen din.<\/div><\/div><div id=\"wpforms-27448-field_13-container\" class=\"wpforms-field wpforms-field-textarea\" data-field-id=\"13\"><label class=\"wpforms-field-label wpforms-label-hide\" for=\"wpforms-27448-field_13\" aria-hidden=\"false\">Din melding <span class=\"wpforms-required-label\" aria-hidden=\"true\">*<\/span><\/label><textarea id=\"wpforms-27448-field_13\" class=\"wpforms-field-medium wpforms-field-required\" name=\"wpforms[fields][13]\" placeholder=\"Din melding\" aria-errormessage=\"wpforms-27448-field_13-error\" required><\/textarea><\/div><div id=\"wpforms-27448-field_14-container\" class=\"wpforms-field wpforms-field-file-upload\" data-field-id=\"14\"><label class=\"wpforms-field-label wpforms-label-hide\" for=\"wpforms-27448-field_14\" aria-hidden=\"false\">Vedlegg<\/label><div\n\t\tclass=\"wpforms-uploader \"\n\t\tdata-field-id=\"14\"\n\t\tdata-form-id=\"27448\"\n\t\tdata-input-name=\"wpforms_27448_14\"\n\t\tdata-extensions=\"pdf,pptx,png,jpg\"\n\t\tdata-max-size=\"26214400\"\n\t\tdata-max-file-number=\"5\"\n\t\tdata-post-max-size=\"268435456\"\n\t\tdata-max-parallel-uploads=\"4\"\n\t\tdata-parallel-uploads=\"true\"\n\t\tdata-file-chunk-size=\"2097152\">\n\t<div class=\"dz-message\">\n\t\t<svg  viewBox=\"0 0 640 640\" focusable=\"false\" data-icon=\"inbox\" width=\"50px\" height=\"50px\" fill=\"currentColor\" aria-hidden=\"true\">\n\t\t\t<path d=\"M352 173.3L352 384C352 401.7 337.7 416 320 416C302.3 416 288 401.7 288 384L288 173.3L246.6 214.7C234.1 227.2 213.8 227.2 201.3 214.7C188.8 202.2 188.8 181.9 201.3 169.4L297.3 73.4C309.8 60.9 330.1 60.9 342.6 73.4L438.6 169.4C451.1 181.9 451.1 202.2 438.6 214.7C426.1 227.2 405.8 227.2 393.3 214.7L352 173.3zM320 464C364.2 464 400 428.2 400 384L480 384C515.3 384 544 412.7 544 448L544 480C544 515.3 515.3 544 480 544L160 544C124.7 544 96 515.3 96 480L96 448C96 412.7 124.7 384 160 384L240 384C240 428.2 275.8 464 320 464zM464 488C477.3 488 488 477.3 488 464C488 450.7 477.3 440 464 440C450.7 440 440 450.7 440 464C440 477.3 450.7 488 464 488z\"\/>\n\t\t<\/svg>\n\n\t\t<span class=\"modern-title\">\n\t\t\t\t\t\t\tDrag &amp; Drop Files, \t\t\t\t<span>Choose Files to Upload<\/span>\n\t\t\t\t\t<\/span>\n\n\t\t\t\t\t<span class=\"modern-hint\">You can upload up to 5 files.<\/span>\n\t\t\t<\/div>\n<\/div>\n\n<input\n\t\ttype=\"text\"\n\t\tautocomplete=\"off\"\n\t\treadonly\n\t\tclass=\"dropzone-input\"\n\t\tstyle=\"position:absolute!important;clip:rect(0,0,0,0)!important;height:1px!important;width:1px!important;border:0!important;overflow:hidden!important;padding:0!important;margin:0!important;\"\n\t\tid=\"wpforms-27448-field_14\"\n\t\tname=\"wpforms_27448_14\" \t\tvalue=\"\">\n<div id=\"wpforms-27448-field_14-description\" class=\"wpforms-field-description\">St\u00f8ttede filformater: PDF, PPTX, PNG, JPG\nMaksimal filst\u00f8rrelse: 25 MB<\/div><\/div><\/div><\/div><\/div><script>\n\t\t\t\t( function() {\n\t\t\t\t\tconst style = document.createElement( 'style' );\n\t\t\t\t\tstyle.appendChild( document.createTextNode( '#wpforms-27448-field_1-container { position: absolute !important; overflow: hidden !important; display: inline !important; height: 1px !important; width: 1px !important; z-index: -1000 !important; padding: 0 !important; } #wpforms-27448-field_1-container input { visibility: hidden; } #wpforms-conversational-form-page #wpforms-27448-field_1-container label { counter-increment: none; }' ) );\n\t\t\t\t\tdocument.head.appendChild( style );\n\t\t\t\t\tdocument.currentScript?.remove();\n\t\t\t\t} )();\n\t\t\t<\/script><\/div><!-- .wpforms-field-container --><div class=\"wpforms-submit-container\" ><input type=\"hidden\" name=\"wpforms[id]\" value=\"27448\"><input type=\"hidden\" name=\"page_title\" value=\"\"><input type=\"hidden\" name=\"page_url\" value=\"https:\/\/www.norfund.no\/no\/wp-json\/wp\/v2\/pages\/27291\"><input type=\"hidden\" name=\"url_referer\" value=\"\"><button type=\"submit\" name=\"wpforms[submit]\" id=\"wpforms-submit-27448\" class=\"wpforms-submit stm-button\" data-alt-text=\"Sending...\" data-submit-text=\"Send\" aria-live=\"assertive\" value=\"wpforms-submit\">Send<\/button><img loading=\"lazy\" decoding=\"async\" src=\"https:\/\/www.norfund.no\/wp-content\/plugins\/wpforms\/assets\/images\/submit-spin.svg\" class=\"wpforms-submit-spinner\" style=\"display: none;\" width=\"26\" height=\"26\" alt=\"Loading\"><\/div><\/form><\/div>  <!-- .wpforms-container -->\t\t\n\t<\/div>\n<\/section>","protected":false},"excerpt":{"rendered":"","protected":false},"author":1,"featured_media":0,"parent":0,"menu_order":16,"comment_status":"closed","ping_status":"closed","template":"","meta":{"_acf_changed":true,"footnotes":""},"class_list":["post-27291","page","type-page","status-publish","hentry"],"acf":[],"_links":{"self":[{"href":"https:\/\/www.norfund.no\/no\/wp-json\/wp\/v2\/pages\/27291","targetHints":{"allow":["GET"]}}],"collection":[{"href":"https:\/\/www.norfund.no\/no\/wp-json\/wp\/v2\/pages"}],"about":[{"href":"https:\/\/www.norfund.no\/no\/wp-json\/wp\/v2\/types\/page"}],"author":[{"embeddable":true,"href":"https:\/\/www.norfund.no\/no\/wp-json\/wp\/v2\/users\/1"}],"replies":[{"embeddable":true,"href":"https:\/\/www.norfund.no\/no\/wp-json\/wp\/v2\/comments?post=27291"}],"version-history":[{"count":0,"href":"https:\/\/www.norfund.no\/no\/wp-json\/wp\/v2\/pages\/27291\/revisions"}],"wp:attachment":[{"href":"https:\/\/www.norfund.no\/no\/wp-json\/wp\/v2\/media?parent=27291"}],"curies":[{"name":"wp","href":"https:\/\/api.w.org\/{rel}","templated":true}]}}