
{"id":27347,"date":"2025-11-03T17:55:29","date_gmt":"2025-11-03T16:55:29","guid":{"rendered":"https:\/\/www.norfund.no\/?page_id=27347"},"modified":"2026-03-05T10:17:33","modified_gmt":"2026-03-05T09:17:33","slug":"investment-overview","status":"publish","type":"page","link":"https:\/\/www.norfund.no\/no\/investment-overview\/","title":{"rendered":"Investeringsoversikt"},"content":{"rendered":"\n<section id=\"acf-subpage-hero-block_81d6af01e0d12bfad3e69ca6a4aa2ac1\" class=\"block-section subpage-hero banner-margin wp-block-acf-subpage-hero\">\n\n\n\t\t\t\t\t<div class=\"image-wrapper\" style='background-image: url(https:\/\/www.norfund.no\/wp-content\/uploads\/2025\/10\/solar-panels-3-2560x1440.jpg);background-position: top 0 ;'><\/div>\n\t\t\n\t\t\n\t\t\n\n\n\t\n\t\t<div class=\"block-section-wrapper element-width--full \">\n\t\t\t<div class=\"hero-content-with-backgound\" data-aos=\"fade-up\" data-aos-duration=\"500\" data-aos-delay=\"200\">\n\n\t\t\t\t\t\t\t\t\t<div class=\"hero-title full\" tabindex=\"0\">\n\t\t\t\t\t\t<h2 class=\"heading-size-large\">Investeringsoversikt<\/h2>\n\t\t\t\t\t<\/div>\n\t\t\t\t\n\t\t\t\t\n\t\t\t<\/div>\n\t\t<\/div>\n\t\n<\/section>\n\n\n<section id=\"acf-article-block_bfdbf60f0a8e2f798a4b23b6520d702f\" class=\"block-section article block--less-spacing-top block--less-spacing-bottom wp-block-acf-article\">\n\t<div class=\"block-section-wrapper element-width--wide\" data-aos=\"fade-up\" data-aos-duration=\"500\" data-aos-delay=\"300\">\n\t\t<div class=\"acf-innerblocks-container\">\n\n<h3 class=\"wp-block-heading\">Investeringsoversikten er utviklet for \u00e5 sikre st\u00f8rre \u00e5penhet ved \u00e5 gi detaljert og lett tilgjengelig informasjon om investeringene v\u00e5re.<\/h3>\n\n\n\n<p>Hver investering har en egen side, som du f\u00e5r tilgang til ved \u00e5 h\u00f8yreklikke, velge \u00abdrill through\u00bb og deretter \u00abinvestment details\u00bb. For fond finner du en oversikt over underliggende selskaper p\u00e5 denne siden.<\/p>\n\n<\/div>\n\t<\/div>\n<\/section>\n\n\n<section id=\"acf-iframe-embed-block_bc6b30ffdd3e217684dd4dcf4013c677\" class=\"block-section iframe-embed --is-full-height block--less-spacing-top block--less-spacing-bottom wp-block-acf-iframe-embed\">\n    <div class=\"block-section-wrapper\">\n                                     <div class=\"cookies-denied-image-wrapper\">\n                    <div class=\"cookies-denied-text-wrapper\">\n                        <p class=\"cookies-denied-text\"> Du har ikke tillatt cookies\/informasjonskapsler og den interaktive investeringsoversikten er derfor ikke tilgjengelig. Du kan fortsatt se investeringene i Excel-filen eller <a href=\"#\" onclick=\"Cookiebot.show();\">endre samtykkeinnstillingene dine.<\/a><\/p>\n                    <\/div>\n                    <img decoding=\"async\" class=\"cookies-denied-image\" src=\"https:\/\/www.norfund.no\/wp-content\/uploads\/2026\/03\/Screenshot-2026-03-02-at-14-11-50-Investment-overview-Norfund.png\" alt=\"An image of the investment overview\"\/>\n                <\/div>\n                        <\/div>\n<\/section>\n\n\n\n<section id=\"acf-box-over-wide-image-block_3a9499992b6ea4922ecebf58c117b17d\" class=\"block-section box-over-wide-image block--less-spacing-top block--less-spacing-bottom wp-block-acf-box-over-wide-image\">\n\t<div class=\"background is-desktop top\"\n\t\tstyle=\"background-image: url(https:\/\/www.norfund.no\/wp-content\/uploads\/2025\/10\/54797891409_df1d59f946_k.jpg); background-position: center calc(50% + -60px); data-aos=\"fade-up\" data-aos-duration=\"500\" data-aos-delay=\"200\">\n\t\t\n\t\t<div class=\"block-section-wrapper element-width--full container\">\n\t\t\t<div class=\"investment-box right\" tabindex=\"0\" data-aos=\"fade-up\" data-aos-duration=\"500\" data-aos-delay=\"400\">\n\t\t\t\t\t\t\t\t\t<h2 class=\"heading-size-normal\">Last ned investeringsoversikt<\/h2>\n\t\t\t\t\t\t\t\t\t\t\t\t\t<div class=\"text-container\"><p>Sist oppdatert 01.03.26<\/p>\n<\/div>\n\t\t\t\t\t\t\t\t\t\t\t\t\t<a class=\"stm-button link-btn\" href=\"https:\/\/www.norfund.no\/wp-content\/uploads\/2026\/03\/Norfunds-investment-overview-last-updated-02.03.26-1.xlsx\" target=\"_blank\">Last ned i Excel her<\/a>\n\t\t\t\t\t\t\t<\/div>\n\t\t<\/div>\n\t<\/div>\n<\/section>\n\n<section id=\"acf-article-block_a3e107e466d63baaa97e9078822db4f7\" class=\"block-section article wp-block-acf-article\">\n\t<div class=\"block-section-wrapper element-width--wide\" data-aos=\"fade-up\" data-aos-duration=\"500\" data-aos-delay=\"300\">\n\t\t<div class=\"acf-innerblocks-container\">\n\n<p>Norfunds investeringer finansieres utelukkende av den norske staten. Alle bel\u00f8p viser til investert kapital. Tilskuddsfinansiering gis kun gjennom Business Support-programmet. Detaljerte forklaringer p\u00e5 v\u00e5r metodikk og tiln\u00e6rming til beregning av klimafinansiering finnes her, mens informasjon om v\u00e5r additionalitetsvurdering er tilgjengelig her. Alle Norfunds investeringer er i privat sektor.<\/p>\n\n<\/div>\n\t<\/div>\n<\/section>\n\n\n\n<p><\/p>\n","protected":false},"excerpt":{"rendered":"","protected":false},"author":1,"featured_media":0,"parent":0,"menu_order":1,"comment_status":"closed","ping_status":"closed","template":"","meta":{"_acf_changed":true,"footnotes":""},"class_list":["post-27347","page","type-page","status-publish","hentry"],"acf":[],"_links":{"self":[{"href":"https:\/\/www.norfund.no\/no\/wp-json\/wp\/v2\/pages\/27347","targetHints":{"allow":["GET"]}}],"collection":[{"href":"https:\/\/www.norfund.no\/no\/wp-json\/wp\/v2\/pages"}],"about":[{"href":"https:\/\/www.norfund.no\/no\/wp-json\/wp\/v2\/types\/page"}],"author":[{"embeddable":true,"href":"https:\/\/www.norfund.no\/no\/wp-json\/wp\/v2\/users\/1"}],"replies":[{"embeddable":true,"href":"https:\/\/www.norfund.no\/no\/wp-json\/wp\/v2\/comments?post=27347"}],"version-history":[{"count":0,"href":"https:\/\/www.norfund.no\/no\/wp-json\/wp\/v2\/pages\/27347\/revisions"}],"wp:attachment":[{"href":"https:\/\/www.norfund.no\/no\/wp-json\/wp\/v2\/media?parent=27347"}],"curies":[{"name":"wp","href":"https:\/\/api.w.org\/{rel}","templated":true}]}}