
{"id":27936,"date":"2026-03-07T14:49:25","date_gmt":"2026-03-07T13:49:25","guid":{"rendered":"https:\/\/www.norfund.no\/?page_id=27936"},"modified":"2026-05-15T13:47:31","modified_gmt":"2026-05-15T11:47:31","slug":"27936-2","status":"publish","type":"page","link":"https:\/\/www.norfund.no\/no\/27936-2\/","title":{"rendered":"Business Support"},"content":{"rendered":"\n<section id=\"acf-subpage-hero-block_7096e858735bb113d00546b851cf99db\" class=\"block-section subpage-hero banner-margin wp-block-acf-subpage-hero\">\n\n\n\t\t\t\t\t<div class=\"image-wrapper\" style='background-image: url(https:\/\/www.norfund.no\/wp-content\/uploads\/2026\/03\/52433327582_54847dfcde_k.jpg);background-position: top 300 ;'><\/div>\n\t\t\n\t\t\n\t\t\n\n\n\t\n\t\t<div class=\"block-section-wrapper element-width--full \">\n\t\t\t<div class=\"hero-content-with-backgound\" data-aos=\"fade-up\" data-aos-duration=\"500\" data-aos-delay=\"200\">\n\n\t\t\t\t\t\t\t\t\t<div class=\"hero-title full\" tabindex=\"0\">\n\t\t\t\t\t\t<h2 class=\"heading-size-large\">Business Support<\/h2>\n\t\t\t\t\t<\/div>\n\t\t\t\t\n\t\t\t\t\n\t\t\t<\/div>\n\t\t<\/div>\n\t\n<\/section>\n\n\n<section id=\"acf-article-block_dfccf95ba3cf5b8808b3f93a8141b4a0\" class=\"block-section article wp-block-acf-article\">\n\t<div class=\"block-section-wrapper element-width--wide\" data-aos=\"fade-up\" data-aos-duration=\"500\" data-aos-delay=\"300\">\n\t\t<div class=\"acf-innerblocks-container\">\n\n<h3 class=\"wp-block-heading heading-size-normal\">Business Support styrker utviklingseffektene av investeringene v\u00e5re.<\/h3>\n\n\n\n<p>Hovedm\u00e5let med Business Support er \u00e5 styrke b\u00e6rekraften og utviklingseffektene av Norfunds investeringer. Det er derfor et viktig virkemiddel for \u00e5 ut\u00f8ve ansvarlig eierskap, i tr\u00e5d med Norfunds investeringsstrategi, og en m\u00e5te \u00e5 st\u00f8tte v\u00e5re investeringer i h\u00f8yrisikosektorer, -markeder og -segmenter p\u00e5.<\/p>\n\n<\/div>\n\t<\/div>\n<\/section>\n\n\n<section id=\"acf-article-block_9f232b8ebbc3d8dc24e21b4834e814d7\" data-anchor-title=\"Background\"class=\"block-section article wp-block-acf-article\">\n\t<div class=\"block-section-wrapper element-width--wide\" data-aos=\"fade-up\" data-aos-duration=\"500\" data-aos-delay=\"300\">\n\t\t<div class=\"acf-innerblocks-container\">\n\n<h2 class=\"wp-block-heading heading-size-normal\">Bakgrunn<\/h2>\n\n\n\n<p>Norfunds Business Support-ordning ble opprettet i 2000, basert p\u00e5 en felles erkjennelse hos UD, Norad og Norfund av behovet for teknisk og faglig bistand knyttet til investeringer i privat sektor i utviklingsland.<\/p>\n\n\n\n<p>Tiltakene under Business Support f\u00f8lger det \u00e5rlige tildelingsbrevet fra UD, norske utviklingspolitiske prioriteringer, OECD\/DAC-kriteriene og Norfunds investeringsstrategi. Ordningen er \u00f8remerket Norfunds portef\u00f8ljeselskaper og indirekte portef\u00f8ljeselskaper, samt potensielle investeringer. For denne tilskuddsbaserte finansieringen dekker portef\u00f8ljeselskapene inntil 50 % av prosjektkostnadene.<\/p>\n\n\n\n<p>Tiltakene er rettet mot b\u00e6rekraft og merverdi ved \u00e5 sikre at viktige problemstillinger som portef\u00f8ljeselskapene selv ikke har ressurser eller kompetanse til \u00e5 h\u00e5ndtere, kan tas tak i og l\u00f8ses. Prosjektene er dessuten viktige verkt\u00f8y for \u00e5 skape bevissthet om sentrale temaer og legge til rette for konstruktive samtaler om kontroversielle sp\u00f8rsm\u00e5l. Slike prosjekter styrker ofte forholdet mellom Norfund og portef\u00f8ljeselskapene, og viser et engasjement som strekker seg lenger enn ren finansiering.<\/p>\n\n<\/div>\n\t<\/div>\n<\/section>\n\n\n\n<section id=\"acf-box-over-wide-image-block_ec47a7b52eafdf31f1bc5652496b9e32\" data-anchor-title=\"\u00c5rsrapport\"class=\"block-section box-over-wide-image block--less-spacing-top block--less-spacing-bottom wp-block-acf-box-over-wide-image\">\n\t<div class=\"background is-desktop top\"\n\t\tstyle=\"background-image: url(https:\/\/www.norfund.no\/wp-content\/uploads\/2026\/03\/54487413709_dae35e6e29_k.jpg); background-position: center calc(50% + 20px); data-aos=\"fade-up\" data-aos-duration=\"500\" data-aos-delay=\"200\">\n\t\t\n\t\t<div class=\"block-section-wrapper element-width--full container\">\n\t\t\t<div class=\"investment-box left\" tabindex=\"0\" data-aos=\"fade-up\" data-aos-duration=\"500\" data-aos-delay=\"400\">\n\t\t\t\t\t\t\t\t\t<h2 class=\"heading-size-normal\">Business Support \u00e5rsrapport<\/h2>\n\t\t\t\t\t\t\t\t\t\t\t\t\t<div class=\"text-container\"><div class=\"business-figure aos-init aos-animate\" data-aos=\"fade-right\" data-aos-delay=\"400\" data-aos-duration=\"700\">\n<h3>II 2025 ble 89 direkte og 138 indirekte portef\u00f8ljeselskaper st\u00f8ttet gjennom Business Support.<\/h3>\n<\/div>\n<\/div>\n\t\t\t\t\t\t\t\t\t\t\t\t\t<a class=\"stm-button link-btn\" href=\"https:\/\/www.norfund.no\/wp-content\/uploads\/2026\/03\/Business-Support-arsrapport-2025-final-public-pdf.pdf\" target=\"_blank\">Visit the report for 2025 here<\/a>\n\t\t\t\t\t\t\t<\/div>\n\t\t<\/div>\n\t<\/div>\n<\/section>\n\n<section id=\"acf-article-block_dfccf95ba3cf5b8808b3f93a8141b4a0\" class=\"block-section article wp-block-acf-article\">\n\t<div class=\"block-section-wrapper element-width--wide\" data-aos=\"fade-up\" data-aos-duration=\"500\" data-aos-delay=\"300\">\n\t\t<div class=\"acf-innerblocks-container\">\n\n<h2 class=\"wp-block-heading heading-size-normal\">Tverrg\u00e5ende hensyn<\/h2>\n\n\n\n<p>Som en del av s\u00f8knadsprosessen for Business Support-prosjekter vurderes de fire tverrg\u00e5ende hensynene i norsk utviklingsbistand: menneskerettigheter, antikorrupsjon, klima og milj\u00f8, og likestilling. Ordningen er et virkemiddel for \u00e5 levere merverdi p\u00e5 disse omr\u00e5dene. Business Support inng\u00e5r derfor i <a href=\"https:\/\/www.norfund.no\/wp-content\/uploads\/2025\/06\/Gender-position.png\" data-type=\"attachment\" data-id=\"24778\">Norfunds&nbsp;Gender Position<\/a>&nbsp;og <a href=\"https:\/\/www.norfund.no\/wp-content\/uploads\/2020\/09\/Norfund-Climate-Position-1Sep2020.pdf\" data-type=\"attachment\" data-id=\"10914\">Climate Position<\/a>.<\/p>\n\n\n\n<p>De tverrg\u00e5ende hensynene i norsk utviklingspolitikk \u2013 menneskerettigheter (b\u00e6rekraftsm\u00e5l 8), antikorrupsjon (b\u00e6rekraftsm\u00e5l 16), likestilling (b\u00e6rekraftsm\u00e5l 5), klima og milj\u00f8 (b\u00e6rekraftsm\u00e5l 13) \u2013 vurderes i alle prosjektene v\u00e5re.<\/p>\n\n\n\n<figure class=\"wp-block-image size-full\"><img loading=\"lazy\" decoding=\"async\" width=\"1140\" height=\"284\" src=\"https:\/\/www.norfund.no\/wp-content\/uploads\/2026\/03\/image-2.png\" alt=\"\" class=\"wp-image-27743\" srcset=\"https:\/\/www.norfund.no\/wp-content\/uploads\/2026\/03\/image-2.png 1140w, https:\/\/www.norfund.no\/wp-content\/uploads\/2026\/03\/image-2-300x75.png 300w, https:\/\/www.norfund.no\/wp-content\/uploads\/2026\/03\/image-2-1024x255.png 1024w, https:\/\/www.norfund.no\/wp-content\/uploads\/2026\/03\/image-2-768x191.png 768w, https:\/\/www.norfund.no\/wp-content\/uploads\/2026\/03\/image-2-640x159.png 640w, https:\/\/www.norfund.no\/wp-content\/uploads\/2026\/03\/image-2-220x55.png 220w\" sizes=\"auto, (max-width: 1140px) 100vw, 1140px\" \/><\/figure>\n\n<\/div>\n\t<\/div>\n<\/section>\n\n\n\n<section id=\"acf-featured-post-slider-block_1be3446e75f8061c525f071e6ed54715\" data-anchor-title=\"Selskaper som har mottatt Business Support\"class=\"block-section featured-post-slider wp-block-acf-featured-post-slider\">\n\t<div class=\"block-section-wrapper element-width--full container\">\n\t\t<div class=\"featured-slider-block has-static-grid\">\n\n\t\t\t<div class=\"slider-header\" data-aos=\"flip-up\" data-aos-duration=\"500\" data-aos-delay=\"200\">\n\t\t\t\t\t\t\t\t\t<div class=\"header-left\">\n\t\t\t\t\t\t<h2>Eksempler p\u00e5 portef\u00f8ljeselskaper som har mottatt Business Support<\/h2>\n\t\t\t\t\t<\/div>\n\t\t\t\t\n\t\t\t\t<div class=\"header-right\">\n\t\t\t\t\t\t\t\t\t\t<div class=\"button-container\">\n\t\t\t\t\t\t<div class=\"slider-progress\">\n\t\t\t\t\t\t\t<div class=\"progress-bar\"><\/div>\n\t\t\t\t\t\t<\/div>\n\t\t\t\t\t\t<div class=\"slider-navigation\">\n\t\t\t\t\t\t\t<div class=\"swiper-button-prev\"><span class=\"icon icon-arrow-left\"><\/span><\/div>\n\t\t\t\t\t\t\t<div class=\"swiper-button-next\"><span class=\"icon icon-arrow-left\"><\/span><\/div>\n\t\t\t\t\t\t<\/div>\n\t\t\t\t\t<\/div>\n\t\t\t\t<\/div>\n\n\t\t\t<\/div>\n\n\t\t\t\n\t\t\t\t<div class=\"slider-wrapper static-grid\" data-post-count=\"3\">\n\t\t\t\t\t\n\t\t\t\t\t<div class=\"static-grid-wrapper\">\n\n\t\t\t\t\t\t\t\t\t\t\t\t\t<div class=\"grid-item\" data-aos=\"fade-right\" data-aos-duration=\"500\" data-aos-delay=\"300\">\n\t\t\t\t\t\t\t\t<div class=\"slide-content\">\n\t\t\t\t\t\t\t\t\t<div class=\"slide-image\">\n\t\t\t\t\t\t\t\t\t\t<img decoding=\"async\" src=\"https:\/\/www.norfund.no\/wp-content\/uploads\/2025\/09\/54764759610_c1b66b08eb_k-658x439.jpg\" alt=\"Et betydelig regionalt initiativ for b\u00e6rekraftig finans \u00a0FISDE: A regional effort for sustainable finance\u00a0\u00a0\">\n\t\t\t\t\t\t\t\t\t\t\t\t\t\t\t\t\t\t\t<\/div>\n\t\t\t\t\t\t\t\t\t<div class=\"slide-text\" data-aos=\"fade-down\">\n\t\t\t\t\t\t\t\t\t\t<div class=\"slide-date\">\n\t\t\t\t\t\t\t\t\t\t\t<img decoding=\"async\" src=\"https:\/\/www.norfund.no\/wp-content\/themes\/norfundweb\/src\/images\/icons\/calender.svg\" alt=\"Calendar Icon\">\n\t\t\t\t\t\t\t\t\t\t\t<span class=\"text-size-medium\"> september 4, 2025<\/span>\n\t\t\t\t\t\t\t\t\t\t<\/div>\n\t\t\t\t\t\t\t\t\t\t<h3 class=\"slide-title\">\n\t\t\t\t\t\t\t\t\t\t\t<a href=\"https:\/\/www.norfund.no\/no\/et-betydelig-regionalt-initiativ-for-baerekraftig-finans-fisde-a-regional-effort-for-sustainable-finance\/\" class=\"text-size-big\">Et betydelig regionalt initiativ for b\u00e6rekraftig finans \u00a0FISDE: A regional effort for sustainable finance\u00a0\u00a0<\/a>\n\t\t\t\t\t\t\t\t\t\t<\/h3>\n\t\t\t\t\t\t\t\t\t<\/div>\n\t\t\t\t\t\t\t\t<\/div>\n\t\t\t\t\t\t\t<\/div>\n\t\t\t\t\t\t\t\t\t\t\t\t\t<div class=\"grid-item\" data-aos=\"fade-right\" data-aos-duration=\"500\" data-aos-delay=\"600\">\n\t\t\t\t\t\t\t\t<div class=\"slide-content\">\n\t\t\t\t\t\t\t\t\t<div class=\"slide-image\">\n\t\t\t\t\t\t\t\t\t\t<img decoding=\"async\" src=\"https:\/\/www.norfund.no\/wp-content\/themes\/norfundweb\/src\/images\/norfund-news-placeholder.svg\" alt=\"Solceller p\u00e5 tak snur trenden for energitilgang i Afrika\">\n\t\t\t\t\t\t\t\t\t\t\t\t\t\t\t\t\t\t\t<\/div>\n\t\t\t\t\t\t\t\t\t<div class=\"slide-text\" data-aos=\"fade-down\">\n\t\t\t\t\t\t\t\t\t\t<div class=\"slide-date\">\n\t\t\t\t\t\t\t\t\t\t\t<img decoding=\"async\" src=\"https:\/\/www.norfund.no\/wp-content\/themes\/norfundweb\/src\/images\/icons\/calender.svg\" alt=\"Calendar Icon\">\n\t\t\t\t\t\t\t\t\t\t\t<span class=\"text-size-medium\"> oktober 24, 2023<\/span>\n\t\t\t\t\t\t\t\t\t\t<\/div>\n\t\t\t\t\t\t\t\t\t\t<h3 class=\"slide-title\">\n\t\t\t\t\t\t\t\t\t\t\t<a href=\"https:\/\/www.norfund.no\/no\/solceller-pa-tak-snur-trenden-for-energitilgang-i-afrika\/\" class=\"text-size-big\">Solceller p\u00e5 tak snur trenden for energitilgang i Afrika<\/a>\n\t\t\t\t\t\t\t\t\t\t<\/h3>\n\t\t\t\t\t\t\t\t\t<\/div>\n\t\t\t\t\t\t\t\t<\/div>\n\t\t\t\t\t\t\t<\/div>\n\t\t\t\t\t\t\t\t\t\t\t\t\t<div class=\"grid-item\" data-aos=\"fade-right\" data-aos-duration=\"500\" data-aos-delay=\"900\">\n\t\t\t\t\t\t\t\t<div class=\"slide-content\">\n\t\t\t\t\t\t\t\t\t<div class=\"slide-image\">\n\t\t\t\t\t\t\t\t\t\t<img decoding=\"async\" src=\"https:\/\/www.norfund.no\/wp-content\/themes\/norfundweb\/src\/images\/norfund-news-placeholder.svg\" alt=\"Soyamelk skal skape arbeidsplasser og \u00f8ke matsikkerhet i Zambia\">\n\t\t\t\t\t\t\t\t\t\t\t\t\t\t\t\t\t\t\t<\/div>\n\t\t\t\t\t\t\t\t\t<div class=\"slide-text\" data-aos=\"fade-down\">\n\t\t\t\t\t\t\t\t\t\t<div class=\"slide-date\">\n\t\t\t\t\t\t\t\t\t\t\t<img decoding=\"async\" src=\"https:\/\/www.norfund.no\/wp-content\/themes\/norfundweb\/src\/images\/icons\/calender.svg\" alt=\"Calendar Icon\">\n\t\t\t\t\t\t\t\t\t\t\t<span class=\"text-size-medium\"> september 20, 2022<\/span>\n\t\t\t\t\t\t\t\t\t\t<\/div>\n\t\t\t\t\t\t\t\t\t\t<h3 class=\"slide-title\">\n\t\t\t\t\t\t\t\t\t\t\t<a href=\"https:\/\/www.norfund.no\/no\/soyamelk-skal-skape-arbeidsplasser-og-oke-matsikkerhet-i-zambia\/\" class=\"text-size-big\">Soyamelk skal skape arbeidsplasser og \u00f8ke matsikkerhet i Zambia<\/a>\n\t\t\t\t\t\t\t\t\t\t<\/h3>\n\t\t\t\t\t\t\t\t\t<\/div>\n\t\t\t\t\t\t\t\t<\/div>\n\t\t\t\t\t\t\t<\/div>\n\t\t\t\t\t\t\t\t\t\t\t<\/div>\n\n\t\t\t\t<\/div>\n\t\t\t\t<!-- \t<div class=\"button-container\">\n\t\t\t\t\t<div class=\"slider-progress\">\n\t\t\t\t\t\t<div class=\"progress-bar\"><\/div>\n\t\t\t\t\t<\/div>\n\t\t\t\t\t<div class=\"slider-navigation\">\n\t\t\t\t\t\t<div class=\"swiper-button-prev\"><span class=\"icon icon-arrow-left\"><\/span><\/div>\n\t\t\t\t\t\t<div class=\"swiper-button-next\"><span class=\"icon icon-arrow-left\"><\/span><\/div>\n\t\t\t\t\t<\/div>\n\t\t\t\t<\/div> -->\n\t\t\t\t\t<\/div>\n\t<\/div>\n<\/section>","protected":false},"excerpt":{"rendered":"","protected":false},"author":4,"featured_media":0,"parent":0,"menu_order":0,"comment_status":"closed","ping_status":"closed","template":"","meta":{"_acf_changed":true,"footnotes":""},"class_list":["post-27936","page","type-page","status-publish","hentry"],"acf":[],"_links":{"self":[{"href":"https:\/\/www.norfund.no\/no\/wp-json\/wp\/v2\/pages\/27936","targetHints":{"allow":["GET"]}}],"collection":[{"href":"https:\/\/www.norfund.no\/no\/wp-json\/wp\/v2\/pages"}],"about":[{"href":"https:\/\/www.norfund.no\/no\/wp-json\/wp\/v2\/types\/page"}],"author":[{"embeddable":true,"href":"https:\/\/www.norfund.no\/no\/wp-json\/wp\/v2\/users\/4"}],"replies":[{"embeddable":true,"href":"https:\/\/www.norfund.no\/no\/wp-json\/wp\/v2\/comments?post=27936"}],"version-history":[{"count":0,"href":"https:\/\/www.norfund.no\/no\/wp-json\/wp\/v2\/pages\/27936\/revisions"}],"wp:attachment":[{"href":"https:\/\/www.norfund.no\/no\/wp-json\/wp\/v2\/media?parent=27936"}],"curies":[{"name":"wp","href":"https:\/\/api.w.org\/{rel}","templated":true}]}}