
{"id":903,"date":"2025-04-28T10:43:06","date_gmt":"2025-04-28T08:43:06","guid":{"rendered":"https:\/\/norfundweb.wpenginepowered.com\/hjem\/"},"modified":"2026-04-06T18:18:05","modified_gmt":"2026-04-06T16:18:05","slug":"home","status":"publish","type":"page","link":"https:\/\/www.norfund.no\/no\/","title":{"rendered":"Home"},"content":{"rendered":"<section id=\"acf-frontpage-hero-block_d68c58ed98b57d2066bcb42ef7ee9878\" class=\"block-section frontpage-hero wp-block-acf-frontpage-hero\">\n      <div class=\"video-wrapper\">\n      <video class=\"bg-video\" autoplay muted loop playsinline>\n        <source src=\"https:\/\/www.norfund.no\/wp-content\/uploads\/2026\/03\/frontpage-hero-video.mp4\" type=\"video\/mp4\" \/>\n      <\/video>\n    <\/div>\n    <div class=\"block-section-wrapper element-width--full\">\n    <div class=\"hero-content\">\n      <div class=\"hero-title\" data-aos=\"fade-up\" data-aos-duration=\"500\" data-aos-delay=\"300\">\n        <h1 class=\"heading-size-xlarge\" tabindex=\"0\">\n          <p>Statens investeringsfond for n\u00e6ringsvirksomhet<\/p>\n<p><strong>i<\/strong> <strong>utviklingsland<\/strong><\/p>\n        <\/h1>\n      <\/div>\n              <div class=\"small-text\" tabindex=\"0\" data-aos=\"fade-up\" data-aos-duration=\"500\" data-aos-delay=\"500\">\n          <p>Skape jobber, forbedre levek\u00e5r og st\u00f8tte overgangen til netto null<\/p>\n        <\/div>\n          <\/div>\n    <div class=\"scroll-wrapper\" id=\"scroll-button\">\n      <a href=\"#info-icon-card-block\">\n        <div class=\"scroll-indicator\">\n          <img decoding=\"async\" src=\"https:\/\/www.norfund.no\/wp-content\/themes\/norfundweb\/src\/images\/icons\/read-more.svg\" alt=\"read-more\">\n        <\/div>\n      <\/a>\n    <\/div>\n  <\/div>\n<\/section>\n\n\n<section class=\"block-section icon-info-card wp-block-acf-icon-info-card\" aria-labelledby=\"info-cards-title\" id=\"info-icon-card-block\">\n\t<div class=\"block-section-wrapper element-width--full container\">\n\t\t<div class=\"info-icon-cards\">\n\t\t\t\t\t\t\t<article id=\"intro-card\" class=\"common-card-details intro-card\" tabindex=\"0\" role=\"article\" aria-label=\"Information Card\"\n\t\t\t\t\tdata-aos=\"fade-up\" data-aos-duration=\"500\" data-aos-delay=\"100\">\n\t\t\t\t\t<h2 class=\"title\">\n\t\t\t\t\t\tNorfunds investeringsomr\u00e5der\t\t\t\t\t<\/h2>\n\t\t\t\t<\/article>\n\t\t\t\t\t\t\t\t\t\t\t\t\t\t\t<article class=\"common-card-details card-item\" tabindex=\"0\" role=\"article\" aria-label=\"Information Card\"\n\t\t\t\t\t\tdata-aos=\"fade-up\" data-aos-duration=\"500\" data-aos-delay=\"200\">\n\t\t\t\t\t\t<div class=\"card\">\n\t\t\t\t\t\t\t\t\t\t\t\t\t\t\t<div class=\"icon\">\n\t\t\t\t\t\t\t\t\t<img decoding=\"async\" src=\"https:\/\/www.norfund.no\/wp-content\/uploads\/2025\/08\/Icon.svg\" alt=\"\" \/>\n\t\t\t\t\t\t\t\t<\/div>\n\t\t\t\t\t\t\t\t\t\t\t\t\t\t\t\t\t\t\t\t\t\t<h2 class=\"title\">\n\t\t\t\t\t\t\t\t\t\t\t\t\t\t\t\t\t\t\t<a href=\"https:\/\/www.norfund.no\/no\/renewable-energy\/\" target=\"_self\">\n\t\t\t\t\t\t\t\t\t\t\tFornybar energi\t\t\t\t\t\t\t\t\t\t<\/a>\n\t\t\t\t\t\t\t\t\t\n\t\t\t\t\t\t\t\t<\/h2>\n\t\t\t\t\t\t\t\t\t\t\t\t\t\t\t\t\t\t\t\t\t\t<p>\u00d8ke tilgangen til energi<\/p>\n\t\t\t\t\t\t\t\t\t\t\t\t\t<\/div>\n\t\t\t\t\t<\/article>\n\t\t\t\t\t\t\t\t\t<article class=\"common-card-details card-item\" tabindex=\"0\" role=\"article\" aria-label=\"Information Card\"\n\t\t\t\t\t\tdata-aos=\"fade-up\" data-aos-duration=\"500\" data-aos-delay=\"400\">\n\t\t\t\t\t\t<div class=\"card\">\n\t\t\t\t\t\t\t\t\t\t\t\t\t\t\t<div class=\"icon\">\n\t\t\t\t\t\t\t\t\t<img decoding=\"async\" src=\"https:\/\/www.norfund.no\/wp-content\/uploads\/2025\/08\/Icon-1.svg\" alt=\"\" \/>\n\t\t\t\t\t\t\t\t<\/div>\n\t\t\t\t\t\t\t\t\t\t\t\t\t\t\t\t\t\t\t\t\t\t<h2 class=\"title\">\n\t\t\t\t\t\t\t\t\t\t\t\t\t\t\t\t\t\t\t<a href=\"https:\/\/www.norfund.no\/no\/financial-inclusion\/\" target=\"_self\">\n\t\t\t\t\t\t\t\t\t\t\tFinansiell inkludering\t\t\t\t\t\t\t\t\t\t<\/a>\n\t\t\t\t\t\t\t\t\t\n\t\t\t\t\t\t\t\t<\/h2>\n\t\t\t\t\t\t\t\t\t\t\t\t\t\t\t\t\t\t\t\t\t\t<p>Utvide tilgangen til finansiering<\/p>\n\t\t\t\t\t\t\t\t\t\t\t\t\t<\/div>\n\t\t\t\t\t<\/article>\n\t\t\t\t\t\t\t\t\t<article class=\"common-card-details card-item\" tabindex=\"0\" role=\"article\" aria-label=\"Information Card\"\n\t\t\t\t\t\tdata-aos=\"fade-up\" data-aos-duration=\"500\" data-aos-delay=\"600\">\n\t\t\t\t\t\t<div class=\"card\">\n\t\t\t\t\t\t\t\t\t\t\t\t\t\t\t<div class=\"icon\">\n\t\t\t\t\t\t\t\t\t<img decoding=\"async\" src=\"https:\/\/www.norfund.no\/wp-content\/uploads\/2025\/06\/Renewable-energy.svg\" alt=\"\" \/>\n\t\t\t\t\t\t\t\t<\/div>\n\t\t\t\t\t\t\t\t\t\t\t\t\t\t\t\t\t\t\t\t\t\t<h2 class=\"title\">\n\t\t\t\t\t\t\t\t\t\t\t\t\t\t\t\t\t\t\t<a href=\"https:\/\/www.norfund.no\/no\/scalable-entreprises\/\" target=\"_self\">\n\t\t\t\t\t\t\t\t\t\t\tVekstkraftige virksomheter\t\t\t\t\t\t\t\t\t\t<\/a>\n\t\t\t\t\t\t\t\t\t\n\t\t\t\t\t\t\t\t<\/h2>\n\t\t\t\t\t\t\t\t\t\t\t\t\t\t\t\t\t\t\t\t\t\t<p>Bygge selskaper og skape jobber<\/p>\n\t\t\t\t\t\t\t\t\t\t\t\t\t<\/div>\n\t\t\t\t\t<\/article>\n\t\t\t\t\t\t\t\t\t<article class=\"common-card-details card-item\" tabindex=\"0\" role=\"article\" aria-label=\"Information Card\"\n\t\t\t\t\t\tdata-aos=\"fade-up\" data-aos-duration=\"500\" data-aos-delay=\"800\">\n\t\t\t\t\t\t<div class=\"card\">\n\t\t\t\t\t\t\t\t\t\t\t\t\t\t\t<div class=\"icon\">\n\t\t\t\t\t\t\t\t\t<img decoding=\"async\" src=\"https:\/\/www.norfund.no\/wp-content\/uploads\/2025\/08\/Icon-3.svg\" alt=\"\" \/>\n\t\t\t\t\t\t\t\t<\/div>\n\t\t\t\t\t\t\t\t\t\t\t\t\t\t\t\t\t\t\t\t\t\t<h2 class=\"title\">\n\t\t\t\t\t\t\t\t\t\t\t\t\t\t\t\t\t\t\t<a href=\"https:\/\/www.norfund.no\/no\/green-infrastructure\/\" target=\"_self\">\n\t\t\t\t\t\t\t\t\t\t\tGr\u00f8nn infrastruktur\t\t\t\t\t\t\t\t\t\t<\/a>\n\t\t\t\t\t\t\t\t\t\n\t\t\t\t\t\t\t\t<\/h2>\n\t\t\t\t\t\t\t\t\t\t\t\t\t\t\t\t\t\t\t\t\t\t<p>Forbedre grunnleggende infrastruktur<\/p>\n\t\t\t\t\t\t\t\t\t\t\t\t\t<\/div>\n\t\t\t\t\t<\/article>\n\t\t\t\t\t\t\t\t\t<\/div>\n\t<\/div>\n<\/section>\n\n\n<section id=\"acf-featured-post-slider-block_a6b050ef392e3e21dd110a860e6820f3\" class=\"block-section featured-post-slider block--less-spacing-top block--less-spacing-bottom wp-block-acf-featured-post-slider\">\n\t<div class=\"block-section-wrapper element-width--full container\">\n\t\t<div class=\"featured-slider-block \">\n\n\t\t\t<div class=\"slider-header\" data-aos=\"flip-up\" data-aos-duration=\"500\" data-aos-delay=\"200\">\n\t\t\t\t\t\t\t\t\t<div class=\"header-left\">\n\t\t\t\t\t\t<h2>Nyheter<\/h2>\n\t\t\t\t\t<\/div>\n\t\t\t\t\n\t\t\t\t<div class=\"header-right\">\n\t\t\t\t\t\t\t\t\t\t\t<div class=\"slider-footer\" data-aos=\"fade-up\" data-aos-duration=\"500\" data-aos-delay=\"300\">\n\t\t\t\t\t\t\t<a href=\"https:\/\/www.norfund.no\/no\/news-archive\/\" alt=\"news-archive\" target=\"\">Utforsk nyhetsarkivet v\u00e5rt<\/a>\n\t\t\t\t\t\t<\/div>\n\t\t\t\t\t\t\t\t\t\t<div class=\"button-container\">\n\t\t\t\t\t\t<div class=\"slider-progress\">\n\t\t\t\t\t\t\t<div class=\"progress-bar\"><\/div>\n\t\t\t\t\t\t<\/div>\n\t\t\t\t\t\t<div class=\"slider-navigation\">\n\t\t\t\t\t\t\t<div class=\"swiper-button-prev\"><span class=\"icon icon-arrow-left\"><\/span><\/div>\n\t\t\t\t\t\t\t<div class=\"swiper-button-next\"><span class=\"icon icon-arrow-left\"><\/span><\/div>\n\t\t\t\t\t\t<\/div>\n\t\t\t\t\t<\/div>\n\t\t\t\t<\/div>\n\n\t\t\t<\/div>\n\n\t\t\t\n\t\t\t\t<div class=\"slider-wrapper swiper\" data-post-count=\"8\">\n\t\t\t\t\t\t\t\t\t\t\t<div class=\"slider-gradient slider-gradient--left\" data-aos=\"fade-right\" data-aos-duration=\"500\" data-aos-delay=\"600\"><\/div>\n\t\t\t\t\t\t<div class=\"slider-gradient slider-gradient--right\" data-aos=\"fade-right\" data-aos-duration=\"500\" data-aos-delay=\"1400\"><\/div>\n\t\t\t\t\t\n\t\t\t\t\t<div class=\"swiper-wrapper\">\n\n\t\t\t\t\t\t\t\t\t\t\t\t\t<div class=\"swiper-slide\" data-aos=\"fade-right\" data-aos-duration=\"500\" data-aos-delay=\"300\">\n\t\t\t\t\t\t\t\t<div class=\"slide-content\">\n\t\t\t\t\t\t\t\t\t<div class=\"slide-image\">\n\t\t\t\t\t\t\t\t\t\t<img decoding=\"async\" src=\"https:\/\/www.norfund.no\/wp-content\/uploads\/2026\/04\/francisco-kemeny-tzZPC-LJV-A-unsplash-1171x878.jpg\" alt=\"Skaper Norfund b\u00e6rekraftige selskaper: en kvantitativ analyse av Norfunds avsluttede prosjekter siden 1999\">\n\t\t\t\t\t\t\t\t\t\t\t\t\t\t\t\t\t\t\t<\/div>\n\t\t\t\t\t\t\t\t\t<div class=\"slide-text\" data-aos=\"fade-down\">\n\t\t\t\t\t\t\t\t\t\t<div class=\"slide-date\">\n\t\t\t\t\t\t\t\t\t\t\t<img decoding=\"async\" src=\"https:\/\/www.norfund.no\/wp-content\/themes\/norfundweb\/src\/images\/icons\/calender.svg\" alt=\"Calendar Icon\">\n\t\t\t\t\t\t\t\t\t\t\t<span class=\"text-size-medium\"> april 23, 2026<\/span>\n\t\t\t\t\t\t\t\t\t\t<\/div>\n\t\t\t\t\t\t\t\t\t\t<h3 class=\"slide-title\">\n\t\t\t\t\t\t\t\t\t\t\t<a href=\"https:\/\/www.norfund.no\/no\/skaper-norfund-baerekraftige-selskaper-en-kvantitativ-analyse-av-norfunds-avsluttede-prosjekter-siden-1999\/\" class=\"text-size-big\">Skaper Norfund b\u00e6rekraftige selskaper: en kvantitativ analyse av Norfunds avsluttede prosjekter siden 1999<\/a>\n\t\t\t\t\t\t\t\t\t\t<\/h3>\n\t\t\t\t\t\t\t\t\t<\/div>\n\t\t\t\t\t\t\t\t<\/div>\n\t\t\t\t\t\t\t<\/div>\n\t\t\t\t\t\t\t\t\t\t\t\t\t<div class=\"swiper-slide\" data-aos=\"fade-right\" data-aos-duration=\"500\" data-aos-delay=\"600\">\n\t\t\t\t\t\t\t\t<div class=\"slide-content\">\n\t\t\t\t\t\t\t\t\t<div class=\"slide-image\">\n\t\t\t\t\t\t\t\t\t\t<img decoding=\"async\" src=\"https:\/\/www.norfund.no\/wp-content\/uploads\/2026\/04\/51429932239_678e671d05_k-1316x878.jpg\" alt=\"Erik Sandersen blir ny administrerende direkt\u00f8r i Norfund\u00a0\">\n\t\t\t\t\t\t\t\t\t\t\t\t\t\t\t\t\t\t\t<\/div>\n\t\t\t\t\t\t\t\t\t<div class=\"slide-text\" data-aos=\"fade-down\">\n\t\t\t\t\t\t\t\t\t\t<div class=\"slide-date\">\n\t\t\t\t\t\t\t\t\t\t\t<img decoding=\"async\" src=\"https:\/\/www.norfund.no\/wp-content\/themes\/norfundweb\/src\/images\/icons\/calender.svg\" alt=\"Calendar Icon\">\n\t\t\t\t\t\t\t\t\t\t\t<span class=\"text-size-medium\"> april 21, 2026<\/span>\n\t\t\t\t\t\t\t\t\t\t<\/div>\n\t\t\t\t\t\t\t\t\t\t<h3 class=\"slide-title\">\n\t\t\t\t\t\t\t\t\t\t\t<a href=\"https:\/\/www.norfund.no\/no\/erik-sandersen-blir-ny-administrerende-direktor-i-norfund\/\" class=\"text-size-big\">Erik Sandersen blir ny administrerende direkt\u00f8r i Norfund\u00a0<\/a>\n\t\t\t\t\t\t\t\t\t\t<\/h3>\n\t\t\t\t\t\t\t\t\t<\/div>\n\t\t\t\t\t\t\t\t<\/div>\n\t\t\t\t\t\t\t<\/div>\n\t\t\t\t\t\t\t\t\t\t\t\t\t<div class=\"swiper-slide\" data-aos=\"fade-right\" data-aos-duration=\"500\" data-aos-delay=\"900\">\n\t\t\t\t\t\t\t\t<div class=\"slide-content\">\n\t\t\t\t\t\t\t\t\t<div class=\"slide-image\">\n\t\t\t\t\t\t\t\t\t\t<img decoding=\"async\" src=\"https:\/\/www.norfund.no\/wp-content\/uploads\/2026\/04\/55217693581_6142db584d_h-1171x878.jpg\" alt=\"Renseanlegg \u00f8ker vannsikkerheten i det s\u00f8rlige Afrika\">\n\t\t\t\t\t\t\t\t\t\t\t\t\t\t\t\t\t\t\t<\/div>\n\t\t\t\t\t\t\t\t\t<div class=\"slide-text\" data-aos=\"fade-down\">\n\t\t\t\t\t\t\t\t\t\t<div class=\"slide-date\">\n\t\t\t\t\t\t\t\t\t\t\t<img decoding=\"async\" src=\"https:\/\/www.norfund.no\/wp-content\/themes\/norfundweb\/src\/images\/icons\/calender.svg\" alt=\"Calendar Icon\">\n\t\t\t\t\t\t\t\t\t\t\t<span class=\"text-size-medium\"> april 20, 2026<\/span>\n\t\t\t\t\t\t\t\t\t\t<\/div>\n\t\t\t\t\t\t\t\t\t\t<h3 class=\"slide-title\">\n\t\t\t\t\t\t\t\t\t\t\t<a href=\"https:\/\/www.norfund.no\/no\/norfund-investerer-i-vannsikkerhet-i-det-sorlige-afrika\/\" class=\"text-size-big\">Renseanlegg \u00f8ker vannsikkerheten i det s\u00f8rlige Afrika<\/a>\n\t\t\t\t\t\t\t\t\t\t<\/h3>\n\t\t\t\t\t\t\t\t\t<\/div>\n\t\t\t\t\t\t\t\t<\/div>\n\t\t\t\t\t\t\t<\/div>\n\t\t\t\t\t\t\t\t\t\t\t\t\t<div class=\"swiper-slide\" data-aos=\"fade-right\" data-aos-duration=\"500\" data-aos-delay=\"1200\">\n\t\t\t\t\t\t\t\t<div class=\"slide-content\">\n\t\t\t\t\t\t\t\t\t<div class=\"slide-image\">\n\t\t\t\t\t\t\t\t\t\t<img decoding=\"async\" src=\"https:\/\/www.norfund.no\/wp-content\/uploads\/2026\/04\/54700343727_573ed1aa43_k-1316x734.jpg\" alt=\"God finansiell avkastning fra Norfund investeringer i utviklingsland\">\n\t\t\t\t\t\t\t\t\t\t\t\t\t\t\t\t\t\t\t<\/div>\n\t\t\t\t\t\t\t\t\t<div class=\"slide-text\" data-aos=\"fade-down\">\n\t\t\t\t\t\t\t\t\t\t<div class=\"slide-date\">\n\t\t\t\t\t\t\t\t\t\t\t<img decoding=\"async\" src=\"https:\/\/www.norfund.no\/wp-content\/themes\/norfundweb\/src\/images\/icons\/calender.svg\" alt=\"Calendar Icon\">\n\t\t\t\t\t\t\t\t\t\t\t<span class=\"text-size-medium\"> april 15, 2026<\/span>\n\t\t\t\t\t\t\t\t\t\t<\/div>\n\t\t\t\t\t\t\t\t\t\t<h3 class=\"slide-title\">\n\t\t\t\t\t\t\t\t\t\t\t<a href=\"https:\/\/www.norfund.no\/no\/god-finansiell-avkastning-fra-norfund-investeringer-i-utviklingsland\/\" class=\"text-size-big\">God finansiell avkastning fra Norfund investeringer i utviklingsland<\/a>\n\t\t\t\t\t\t\t\t\t\t<\/h3>\n\t\t\t\t\t\t\t\t\t<\/div>\n\t\t\t\t\t\t\t\t<\/div>\n\t\t\t\t\t\t\t<\/div>\n\t\t\t\t\t\t\t\t\t\t\t\t\t<div class=\"swiper-slide\" data-aos=\"fade-right\" data-aos-duration=\"500\" data-aos-delay=\"1500\">\n\t\t\t\t\t\t\t\t<div class=\"slide-content\">\n\t\t\t\t\t\t\t\t\t<div class=\"slide-image\">\n\t\t\t\t\t\t\t\t\t\t<img decoding=\"async\" src=\"https:\/\/www.norfund.no\/wp-content\/uploads\/2026\/04\/55196983960_7023d47925_k-1316x878.jpg\" alt=\"Kanaliserer millioner til vekstbedrifter i Ghana\">\n\t\t\t\t\t\t\t\t\t\t\t\t\t\t\t\t\t\t\t<\/div>\n\t\t\t\t\t\t\t\t\t<div class=\"slide-text\" data-aos=\"fade-down\">\n\t\t\t\t\t\t\t\t\t\t<div class=\"slide-date\">\n\t\t\t\t\t\t\t\t\t\t\t<img decoding=\"async\" src=\"https:\/\/www.norfund.no\/wp-content\/themes\/norfundweb\/src\/images\/icons\/calender.svg\" alt=\"Calendar Icon\">\n\t\t\t\t\t\t\t\t\t\t\t<span class=\"text-size-medium\"> april 13, 2026<\/span>\n\t\t\t\t\t\t\t\t\t\t<\/div>\n\t\t\t\t\t\t\t\t\t\t<h3 class=\"slide-title\">\n\t\t\t\t\t\t\t\t\t\t\t<a href=\"https:\/\/www.norfund.no\/no\/norfund-kanaliserer-millioner-til-vekstbedrifter-i-ghana\/\" class=\"text-size-big\">Kanaliserer millioner til vekstbedrifter i Ghana<\/a>\n\t\t\t\t\t\t\t\t\t\t<\/h3>\n\t\t\t\t\t\t\t\t\t<\/div>\n\t\t\t\t\t\t\t\t<\/div>\n\t\t\t\t\t\t\t<\/div>\n\t\t\t\t\t\t\t\t\t\t\t\t\t<div class=\"swiper-slide\" data-aos=\"fade-right\" data-aos-duration=\"500\" data-aos-delay=\"1800\">\n\t\t\t\t\t\t\t\t<div class=\"slide-content\">\n\t\t\t\t\t\t\t\t\t<div class=\"slide-image\">\n\t\t\t\t\t\t\t\t\t\t<img decoding=\"async\" src=\"https:\/\/www.norfund.no\/wp-content\/uploads\/2026\/03\/53450989444_283256e880_k-1316x878.jpg\" alt=\"Vendepunkt for finansiering av velferd i Afrika\">\n\t\t\t\t\t\t\t\t\t\t\t\t\t\t\t\t\t\t\t<\/div>\n\t\t\t\t\t\t\t\t\t<div class=\"slide-text\" data-aos=\"fade-down\">\n\t\t\t\t\t\t\t\t\t\t<div class=\"slide-date\">\n\t\t\t\t\t\t\t\t\t\t\t<img decoding=\"async\" src=\"https:\/\/www.norfund.no\/wp-content\/themes\/norfundweb\/src\/images\/icons\/calender.svg\" alt=\"Calendar Icon\">\n\t\t\t\t\t\t\t\t\t\t\t<span class=\"text-size-medium\"> mars 4, 2026<\/span>\n\t\t\t\t\t\t\t\t\t\t<\/div>\n\t\t\t\t\t\t\t\t\t\t<h3 class=\"slide-title\">\n\t\t\t\t\t\t\t\t\t\t\t<a href=\"https:\/\/www.norfund.no\/no\/vendepunkt-for-finansiering-av-velferd-i-afrika\/\" class=\"text-size-big\">Vendepunkt for finansiering av velferd i Afrika<\/a>\n\t\t\t\t\t\t\t\t\t\t<\/h3>\n\t\t\t\t\t\t\t\t\t<\/div>\n\t\t\t\t\t\t\t\t<\/div>\n\t\t\t\t\t\t\t<\/div>\n\t\t\t\t\t\t\t\t\t\t\t\t\t<div class=\"swiper-slide\" data-aos=\"fade-right\" data-aos-duration=\"500\" data-aos-delay=\"2100\">\n\t\t\t\t\t\t\t\t<div class=\"slide-content\">\n\t\t\t\t\t\t\t\t\t<div class=\"slide-image\">\n\t\t\t\t\t\t\t\t\t\t<img decoding=\"async\" src=\"https:\/\/www.norfund.no\/wp-content\/uploads\/2026\/02\/54797891444_5b773e1330_c.jpg\" alt=\"Ny solinvestering med Scatec i Colombia\">\n\t\t\t\t\t\t\t\t\t\t\t\t\t\t\t\t\t\t\t<\/div>\n\t\t\t\t\t\t\t\t\t<div class=\"slide-text\" data-aos=\"fade-down\">\n\t\t\t\t\t\t\t\t\t\t<div class=\"slide-date\">\n\t\t\t\t\t\t\t\t\t\t\t<img decoding=\"async\" src=\"https:\/\/www.norfund.no\/wp-content\/themes\/norfundweb\/src\/images\/icons\/calender.svg\" alt=\"Calendar Icon\">\n\t\t\t\t\t\t\t\t\t\t\t<span class=\"text-size-medium\"> februar 25, 2026<\/span>\n\t\t\t\t\t\t\t\t\t\t<\/div>\n\t\t\t\t\t\t\t\t\t\t<h3 class=\"slide-title\">\n\t\t\t\t\t\t\t\t\t\t\t<a href=\"https:\/\/www.norfund.no\/no\/ny-solinvestering-med-scatec-i-colombia\/\" class=\"text-size-big\">Ny solinvestering med Scatec i Colombia<\/a>\n\t\t\t\t\t\t\t\t\t\t<\/h3>\n\t\t\t\t\t\t\t\t\t<\/div>\n\t\t\t\t\t\t\t\t<\/div>\n\t\t\t\t\t\t\t<\/div>\n\t\t\t\t\t\t\t\t\t\t\t\t\t<div class=\"swiper-slide\" data-aos=\"fade-right\" data-aos-duration=\"500\" data-aos-delay=\"2400\">\n\t\t\t\t\t\t\t\t<div class=\"slide-content\">\n\t\t\t\t\t\t\t\t\t<div class=\"slide-image\">\n\t\t\t\t\t\t\t\t\t\t<img decoding=\"async\" src=\"https:\/\/www.norfund.no\/wp-content\/uploads\/2026\/02\/55081439909_00ed9e3b56_k-1316x840.jpg\" alt=\"Skal gjenvinne mer plast enn hele Norges panteordning\">\n\t\t\t\t\t\t\t\t\t\t\t\t\t\t\t\t\t\t\t<\/div>\n\t\t\t\t\t\t\t\t\t<div class=\"slide-text\" data-aos=\"fade-down\">\n\t\t\t\t\t\t\t\t\t\t<div class=\"slide-date\">\n\t\t\t\t\t\t\t\t\t\t\t<img decoding=\"async\" src=\"https:\/\/www.norfund.no\/wp-content\/themes\/norfundweb\/src\/images\/icons\/calender.svg\" alt=\"Calendar Icon\">\n\t\t\t\t\t\t\t\t\t\t\t<span class=\"text-size-medium\"> februar 10, 2026<\/span>\n\t\t\t\t\t\t\t\t\t\t<\/div>\n\t\t\t\t\t\t\t\t\t\t<h3 class=\"slide-title\">\n\t\t\t\t\t\t\t\t\t\t\t<a href=\"https:\/\/www.norfund.no\/no\/skal-gjenvinne-mer-plast-enn-hele-norges-panteordning\/\" class=\"text-size-big\">Skal gjenvinne mer plast enn hele Norges panteordning<\/a>\n\t\t\t\t\t\t\t\t\t\t<\/h3>\n\t\t\t\t\t\t\t\t\t<\/div>\n\t\t\t\t\t\t\t\t<\/div>\n\t\t\t\t\t\t\t<\/div>\n\t\t\t\t\t\t\t\t\t\t\t<\/div>\n\n\t\t\t\t<\/div>\n\t\t\t\t<!-- \t<div class=\"button-container\">\n\t\t\t\t\t<div class=\"slider-progress\">\n\t\t\t\t\t\t<div class=\"progress-bar\"><\/div>\n\t\t\t\t\t<\/div>\n\t\t\t\t\t<div class=\"slider-navigation\">\n\t\t\t\t\t\t<div class=\"swiper-button-prev\"><span class=\"icon icon-arrow-left\"><\/span><\/div>\n\t\t\t\t\t\t<div class=\"swiper-button-next\"><span class=\"icon icon-arrow-left\"><\/span><\/div>\n\t\t\t\t\t<\/div>\n\t\t\t\t<\/div> -->\n\t\t\t\t\t<\/div>\n\t<\/div>\n<\/section>\n\n\n<section id=\"acf-box-over-wide-image-block_3737746a1691366be11265d550abc625\" class=\"block-section box-over-wide-image wp-block-acf-box-over-wide-image\">\n\t<div class=\"background is-desktop bottom\"\n\t\tstyle=\"background-image: url(https:\/\/www.norfund.no\/wp-content\/uploads\/2025\/10\/53450674916_4504928b2f_k-1.jpg); background-position: center center; data-aos=\"fade-up\" data-aos-duration=\"500\" data-aos-delay=\"200\">\n\t\t\n\t\t<div class=\"block-section-wrapper element-width--full container\">\n\t\t\t<div class=\"investment-box left\" tabindex=\"0\" data-aos=\"fade-up\" data-aos-duration=\"500\" data-aos-delay=\"400\">\n\t\t\t\t\t\t\t\t\t<h2 class=\"heading-size-normal\">V\u00e5re investeringer<\/h2>\n\t\t\t\t\t\t\t\t\t\t\t\t\t<div class=\"text-container\"><p>Norfunds utviklingsmandat har som m\u00e5l \u00e5 skape arbeidsplasser og bedre levek\u00e5r, med investeringer i 30 kjerneland &#8211; hovedsakelig i Afrika s\u00f8r for Sahara, i tillegg til utvalgte land i Asia og Latin-Amerika. Gjennom klimamandatet st\u00f8tter Norfund overgangen til netto null ved \u00e5 investere i 13 kjerneland i Nord- og S\u00f8r-Afrika, samt i S\u00f8r- og S\u00f8r\u00f8st-Asia. I tillegg har Norfund f\u00e5tt et eget mandat for \u00e5 bidra til utvikling av b\u00e6rekraftige bedrifter i Ukraina.<\/p>\n<\/div>\n\t\t\t\t\t\t\t\t\t\t\t\t\t<a class=\"stm-button link-btn\" href=\"https:\/\/www.norfund.no\/no\/investment-overview\/\" target=\"_self\">Se alle investeringene v\u00e5re her<\/a>\n\t\t\t\t\t\t\t<\/div>\n\t\t<\/div>\n\t<\/div>\n<\/section>\n\n\n<section class=\"block-section icon-info-card block--less-spacing-top wp-block-acf-icon-info-card\" aria-labelledby=\"info-cards-title\" id=\"info-icon-card-block\">\n\t<div class=\"block-section-wrapper element-width--full container\">\n\t\t<div class=\"info-icon-cards\">\n\t\t\t\t\t\t\t\t\t\t\t\t\t\t\t<article class=\"common-card-details card-item\" tabindex=\"0\" role=\"article\" aria-label=\"Information Card\"\n\t\t\t\t\t\tdata-aos=\"fade-up\" data-aos-duration=\"500\" data-aos-delay=\"200\">\n\t\t\t\t\t\t<div class=\"card\">\n\t\t\t\t\t\t\t\t\t\t\t\t\t\t\t\t\t\t\t\t\t\t<h2 class=\"title\">\n\t\t\t\t\t\t\t\t\t\t\t\t\t\t\t\t\t\t\t<a href=\"https:\/\/www.norfund.no\/no\/norfund-conference-2026\/\" target=\"_self\">\n\t\t\t\t\t\t\t\t\t\t\tNorfundkonferansen\t\t\t\t\t\t\t\t\t\t<\/a>\n\t\t\t\t\t\t\t\t\t\n\t\t\t\t\t\t\t\t<\/h2>\n\t\t\t\t\t\t\t\t\t\t\t\t\t\t\t\t\t\t\t\t\t\t<p>Den \u00e5rlige Norfundkonferansen vil bli avholdt tirsdag 5. mai p\u00e5 Taket Steen &amp; Str\u00f8m i Oslo.<\/p>\n\t\t\t\t\t\t\t\t\t\t\t\t\t<\/div>\n\t\t\t\t\t<\/article>\n\t\t\t\t\t\t\t\t\t<article class=\"common-card-details card-item\" tabindex=\"0\" role=\"article\" aria-label=\"Information Card\"\n\t\t\t\t\t\tdata-aos=\"fade-up\" data-aos-duration=\"500\" data-aos-delay=\"400\">\n\t\t\t\t\t\t<div class=\"card\">\n\t\t\t\t\t\t\t\t\t\t\t\t\t\t\t\t\t\t\t\t\t\t<h2 class=\"title\">\n\t\t\t\t\t\t\t\t\t\t\t\t\t\t\t\t\t\t\t<a href=\"https:\/\/www.norfund.no\/our-people\/contact-us\/\" target=\"_self\">\n\t\t\t\t\t\t\t\t\t\t\tKontakt oss\t\t\t\t\t\t\t\t\t\t<\/a>\n\t\t\t\t\t\t\t\t\t\n\t\t\t\t\t\t\t\t<\/h2>\n\t\t\t\t\t\t\t\t\t\t\t\t\t\t\t\t\t\t\t\t\t\t<p>Ser du etter en investor? Norfund fungerer som en minoritetsinvestor, der entrepren\u00f8rer eller industrielle investorer leder prosjektene. Vi er avhengige av sterke og kompetente partnere som deler v\u00e5re verdier og m\u00e5l. Norfund er ogs\u00e5 avhengig av gode relasjoner og dialog med flere ikke-finansielle partnere i det internasjonale utviklingsarbeidet.<\/p>\n\t\t\t\t\t\t\t\t\t\t\t\t\t<\/div>\n\t\t\t\t\t<\/article>\n\t\t\t\t\t\t\t\t\t<\/div>\n\t<\/div>\n<\/section>\n\n\n<p><\/p>\n\n\n\n<p><\/p>\n","protected":false},"excerpt":{"rendered":"","protected":false},"author":1,"featured_media":0,"parent":0,"menu_order":0,"comment_status":"closed","ping_status":"closed","template":"","meta":{"_acf_changed":true,"footnotes":""},"class_list":["post-903","page","type-page","status-publish","hentry"],"acf":[],"_links":{"self":[{"href":"https:\/\/www.norfund.no\/no\/wp-json\/wp\/v2\/pages\/903","targetHints":{"allow":["GET"]}}],"collection":[{"href":"https:\/\/www.norfund.no\/no\/wp-json\/wp\/v2\/pages"}],"about":[{"href":"https:\/\/www.norfund.no\/no\/wp-json\/wp\/v2\/types\/page"}],"author":[{"embeddable":true,"href":"https:\/\/www.norfund.no\/no\/wp-json\/wp\/v2\/users\/1"}],"replies":[{"embeddable":true,"href":"https:\/\/www.norfund.no\/no\/wp-json\/wp\/v2\/comments?post=903"}],"version-history":[{"count":0,"href":"https:\/\/www.norfund.no\/no\/wp-json\/wp\/v2\/pages\/903\/revisions"}],"wp:attachment":[{"href":"https:\/\/www.norfund.no\/no\/wp-json\/wp\/v2\/media?parent=903"}],"curies":[{"name":"wp","href":"https:\/\/api.w.org\/{rel}","templated":true}]}}